{"id":2816,"date":"2016-07-04T10:54:22","date_gmt":"2016-07-04T10:54:22","guid":{"rendered":"http:\/\/www.maasco.com.tr\/?page_id=2816"},"modified":"2019-08-19T12:49:45","modified_gmt":"2019-08-19T12:49:45","slug":"sikma-kafalari","status":"publish","type":"page","link":"https:\/\/www.maasco.com.tr\/en\/sikma-kafalari\/","title":{"rendered":"Crimping Heads"},"content":{"rendered":"<div class=\"wpb-content-wrapper\"><div class=\"vc_row wpb_row vc_row-fluid\"><div class=\"wpb_column vc_column_container vc_col-sm-12\"><div class=\"vc_column-inner\"><div class=\"wpb_wrapper\"><div class=\"vc_separator wpb_content_element vc_separator_align_center vc_sep_width_100 vc_sep_pos_align_center vc_separator_no_text vc_sep_color_white wpb_content_element  wpb_content_element\" ><span class=\"vc_sep_holder vc_sep_holder_l\"><span class=\"vc_sep_line\"><\/span><\/span><span class=\"vc_sep_holder vc_sep_holder_r\"><span class=\"vc_sep_line\"><\/span><\/span>\n<\/div><\/div><\/div><\/div><\/div><div class=\"vc_row wpb_row vc_row-fluid\"><div class=\"wpb_column vc_column_container vc_col-sm-4\"><div class=\"vc_column-inner\"><div class=\"wpb_wrapper\">\n\t<div  class=\"wpb_single_image wpb_content_element vc_align_center wpb_content_element\">\n\t\t\n\t\t<figure class=\"wpb_wrapper vc_figure\">\n\t\t\t<a href=\"http:\/\/www.maasco.com.tr\/en\/fht-60unv-mutli-function\/\" target=\"_self\" class=\"vc_single_image-wrapper vc_box_rounded  vc_box_border_grey\"><img decoding=\"async\" width=\"150\" height=\"150\" src=\"https:\/\/www.maasco.com.tr\/wp-content\/uploads\/2016\/07\/FHT-60UNV-150x150.jpg\" class=\"vc_single_image-img attachment-thumbnail\" alt=\"\" title=\"FHT-60UNV\" srcset=\"https:\/\/www.maasco.com.tr\/wp-content\/uploads\/2016\/07\/FHT-60UNV-150x150.jpg 150w, https:\/\/www.maasco.com.tr\/wp-content\/uploads\/2016\/07\/FHT-60UNV-300x300.jpg 300w, https:\/\/www.maasco.com.tr\/wp-content\/uploads\/2016\/07\/FHT-60UNV.jpg 360w\" sizes=\"(max-width: 150px) 100vw, 150px\" \/><\/a>\n\t\t<\/figure>\n\t<\/div>\n\n\t<div class=\"wpb_text_column wpb_content_element\" >\n\t\t<div class=\"wpb_wrapper\">\n\t\t\t<p style=\"text-align: center;\"><span style=\"font-family: georgia, palatino, serif; color: #ff6600;\"><a style=\"color: #ff6600;\" href=\"http:\/\/www.maasco.com.tr\/en\/fht-60unv-mutli-function\/\"><span style=\"font-size: 10pt;\"><strong>FHT \u2013 60UNV (Universal Head Punching, Cutting, &amp; Crimping)<\/strong><\/span><\/a><\/span><\/p>\n\n\t\t<\/div>\n\t<\/div>\n<\/div><\/div><\/div><div class=\"wpb_column vc_column_container vc_col-sm-4\"><div class=\"vc_column-inner\"><div class=\"wpb_wrapper\">\n\t<div  class=\"wpb_single_image wpb_content_element vc_align_center wpb_content_element\">\n\t\t\n\t\t<figure class=\"wpb_wrapper vc_figure\">\n\t\t\t<a href=\"http:\/\/www.maasco.com.tr\/en\/fyq-1000\/\" target=\"_self\" class=\"vc_single_image-wrapper vc_box_rounded  vc_box_border_grey\"><img decoding=\"async\" width=\"150\" height=\"150\" src=\"https:\/\/www.maasco.com.tr\/wp-content\/uploads\/2018\/01\/fyq-1000-pabuc-sikma-kafasi-150x150.jpg\" class=\"vc_single_image-img attachment-thumbnail\" alt=\"\" title=\"fyq-1000 pabuc sikma kafasi\" \/><\/a>\n\t\t<\/figure>\n\t<\/div>\n\n\t<div class=\"wpb_text_column wpb_content_element\" >\n\t\t<div class=\"wpb_wrapper\">\n\t\t\t<p style=\"text-align: center;\"><span style=\"font-size: 10pt; font-family: georgia, palatino, serif; color: #ff6600;\"><a style=\"color: #ff6600;\" href=\"http:\/\/www.maasco.com.tr\/en\/fyq-1000\/\"><strong>FYQ \u2013 1000 (Cable Lug Crimping Head 400-1000 mm<sup>2<\/sup>)<\/strong><\/a><\/span><\/p>\n\n\t\t<\/div>\n\t<\/div>\n<\/div><\/div><\/div><div class=\"wpb_column vc_column_container vc_col-sm-4\"><div class=\"vc_column-inner\"><div class=\"wpb_wrapper\">\n\t<div  class=\"wpb_single_image wpb_content_element vc_align_center wpb_content_element\">\n\t\t\n\t\t<figure class=\"wpb_wrapper vc_figure\">\n\t\t\t<a href=\"http:\/\/www.maasco.com.tr\/en\/fyq-630a\/\" target=\"_self\" class=\"vc_single_image-wrapper vc_box_rounded  vc_box_border_grey\"><img decoding=\"async\" width=\"150\" height=\"150\" src=\"https:\/\/www.maasco.com.tr\/wp-content\/uploads\/2018\/01\/fyq-1000-pabuc-sikma-kafasi-150x150.jpg\" class=\"vc_single_image-img attachment-thumbnail\" alt=\"\" title=\"fyq-1000 pabuc sikma kafasi\" \/><\/a>\n\t\t<\/figure>\n\t<\/div>\n\n\t<div class=\"wpb_text_column wpb_content_element\" >\n\t\t<div class=\"wpb_wrapper\">\n\t\t\t<p style=\"text-align: center;\"><span style=\"font-family: georgia, palatino, serif; font-size: 10pt; color: #ff6600;\"><a style=\"color: #ff6600;\" href=\"http:\/\/www.maasco.com.tr\/en\/fyq-630a\/\"><strong>FYQ \u2013 630 A (Cable Lug Crimping Head 150-630 mm<sup>2<\/sup>)<\/strong><\/a><\/span><\/p>\n\n\t\t<\/div>\n\t<\/div>\n<\/div><\/div><\/div><\/div><div class=\"vc_row wpb_row vc_row-fluid\"><div class=\"wpb_column vc_column_container vc_col-sm-4\"><div class=\"vc_column-inner\"><div class=\"wpb_wrapper\">\n\t<div  class=\"wpb_single_image wpb_content_element vc_align_center wpb_content_element\">\n\t\t\n\t\t<figure class=\"wpb_wrapper vc_figure\">\n\t\t\t<a href=\"http:\/\/www.maasco.com.tr\/en\/fyq-630\/\" target=\"_self\" class=\"vc_single_image-wrapper vc_box_rounded  vc_box_border_grey\"><img decoding=\"async\" width=\"150\" height=\"150\" src=\"https:\/\/www.maasco.com.tr\/wp-content\/uploads\/2018\/01\/maasco-fyq-630-pabuc-sikma-kafasi-150x150.jpg\" class=\"vc_single_image-img attachment-thumbnail\" alt=\"\" title=\"maasco fyq-630 pabuc sikma kafasi\" \/><\/a>\n\t\t<\/figure>\n\t<\/div>\n\n\t<div class=\"wpb_text_column wpb_content_element\" >\n\t\t<div class=\"wpb_wrapper\">\n\t\t\t<p style=\"text-align: center;\"><span style=\"font-family: georgia, palatino, serif; font-size: 10pt; color: #ff6600;\"><a style=\"color: #ff6600;\" href=\"http:\/\/www.maasco.com.tr\/en\/fyq-630\/\"><strong>FYQ \u2013 630 (Cable Lug Crimping Head 150-630 mm<sup>2<\/sup>)<\/strong><\/a><\/span><\/p>\n\n\t\t<\/div>\n\t<\/div>\n<\/div><\/div><\/div><div class=\"wpb_column vc_column_container vc_col-sm-4\"><div class=\"vc_column-inner\"><div class=\"wpb_wrapper\">\n\t<div  class=\"wpb_single_image wpb_content_element vc_align_center wpb_content_element\">\n\t\t\n\t\t<figure class=\"wpb_wrapper vc_figure\">\n\t\t\t<a href=\"http:\/\/www.maasco.com.tr\/en\/shp-430h\/\" target=\"_self\" class=\"vc_single_image-wrapper vc_box_rounded  vc_box_border_grey\"><img loading=\"lazy\" decoding=\"async\" width=\"150\" height=\"150\" src=\"https:\/\/www.maasco.com.tr\/wp-content\/uploads\/2018\/01\/maasco-SHP-430-hidrolik-pabuc-sikma-kafasi-150x150.jpg\" class=\"vc_single_image-img attachment-thumbnail\" alt=\"\" title=\"maasco SHP-430 hidrolik pabuc sikma kafasi\" \/><\/a>\n\t\t<\/figure>\n\t<\/div>\n\n\t<div class=\"wpb_text_column wpb_content_element\" >\n\t\t<div class=\"wpb_wrapper\">\n\t\t\t<p style=\"text-align: center;\"><span style=\"color: #ff6600; font-family: georgia, palatino, serif;\"><strong><a style=\"color: #ff6600;\" href=\"http:\/\/www.maasco.com.tr\/en\/shp-430h\/\">SHP \u2013 430H (Cable Lug Crimping Head 10-400 mm<sup>2<\/sup>)<\/a><\/strong><\/span><\/p>\n\n\t\t<\/div>\n\t<\/div>\n<\/div><\/div><\/div><div class=\"wpb_column vc_column_container vc_col-sm-4\"><div class=\"vc_column-inner\"><div class=\"wpb_wrapper\">\n\t<div  class=\"wpb_single_image wpb_content_element vc_align_center wpb_content_element\">\n\t\t\n\t\t<figure class=\"wpb_wrapper vc_figure\">\n\t\t\t<a href=\"http:\/\/www.maasco.com.tr\/en\/fht-400u\/\" target=\"_self\" class=\"vc_single_image-wrapper vc_box_rounded  vc_box_border_grey\"><img loading=\"lazy\" decoding=\"async\" width=\"150\" height=\"150\" src=\"https:\/\/www.maasco.com.tr\/wp-content\/uploads\/2018\/01\/maasco-fht-400u-pabuc-sikma-kafasi-150x150.jpg\" class=\"vc_single_image-img attachment-thumbnail\" alt=\"\" title=\"maasco fht-400u pabuc sikma kafasi\" \/><\/a>\n\t\t<\/figure>\n\t<\/div>\n\n\t<div class=\"wpb_text_column wpb_content_element\" >\n\t\t<div class=\"wpb_wrapper\">\n\t\t\t<p style=\"text-align: center;\"><span style=\"font-family: georgia, palatino, serif; color: #ff6600;\"><a style=\"color: #ff6600;\" href=\"http:\/\/www.maasco.com.tr\/en\/fht-400-u-papuc-sikma-basligi\/\"><span style=\"font-size: 10pt;\"><strong>FHT \u2013 400 U (Crimping Head 10-400 mm<sup>2<\/sup>)<\/strong><\/span><\/a><\/span><\/p>\n\n\t\t<\/div>\n\t<\/div>\n<\/div><\/div><\/div><\/div><div class=\"vc_row wpb_row vc_row-fluid\"><div class=\"wpb_column vc_column_container vc_col-sm-4\"><div class=\"vc_column-inner\"><div class=\"wpb_wrapper\">\n\t<div  class=\"wpb_single_image wpb_content_element vc_align_center wpb_content_element\">\n\t\t\n\t\t<figure class=\"wpb_wrapper vc_figure\">\n\t\t\t<a href=\"http:\/\/www.maasco.com.tr\/en\/fht-300-papuc-sikma-basligi\/\" target=\"_self\" class=\"vc_single_image-wrapper vc_box_rounded  vc_box_border_grey\"><img loading=\"lazy\" decoding=\"async\" width=\"150\" height=\"150\" src=\"https:\/\/www.maasco.com.tr\/wp-content\/uploads\/2018\/01\/maasco-fht-300-pabuc-sikma-kafasi-150x150.jpg\" class=\"vc_single_image-img attachment-thumbnail\" alt=\"\" title=\"maasco fht-300 pabuc sikma kafasi\" \/><\/a>\n\t\t<\/figure>\n\t<\/div>\n\n\t<div class=\"wpb_text_column wpb_content_element\" >\n\t\t<div class=\"wpb_wrapper\">\n\t\t\t<p style=\"text-align: center;\"><span style=\"font-family: georgia, palatino, serif; color: #ff6600;\"><a style=\"color: #ff6600;\" href=\"http:\/\/www.maasco.com.tr\/en\/fht-300-papuc-sikma-basligi\/\"><span style=\"font-size: 10pt;\"><strong>FHT \u2013 300 (Crimping Head 10-300 mm<sup>2<\/sup>)<\/strong><\/span><\/a><\/span><\/p>\n\n\t\t<\/div>\n\t<\/div>\n<\/div><\/div><\/div><\/div>\n<\/div>","protected":false},"excerpt":{"rendered":"<p>FHT-60UNV (3 setli)(Pan\u00e7 &amp; Kesme &amp; S\u0131kma) FYQ &#8211; 1000 (Pabu\u00e7 S\u0131kma Ba\u015fl\u0131\u011f\u0131 400-1000 mm2) FYQ &#8211; 630 A (Pabu\u00e7 S\u0131kma Ba\u015fl\u0131\u011f\u0131 150-600 mm2) FYQ &#8211; 630 (Pabu\u00e7 S\u0131kma Ba\u015fl\u0131\u011f\u0131 150-600 mm2) SHP-430H (Pabu\u00e7 S\u0131kma Ba\u015fl\u0131\u011f\u0131 10-400 mm2) FHT &#8211; 400U (Pabu\u00e7 S\u0131kma Ba\u015fl\u0131\u011f\u0131 10-400 mm2) FHT &#8211; 300 (Pabu\u00e7 S\u0131kma Ba\u015fl\u0131\u011f\u0131 10-300 mm2)<\/p>","protected":false},"author":1,"featured_media":2829,"parent":0,"menu_order":0,"comment_status":"closed","ping_status":"closed","template":"fullpage.php","meta":{"footnotes":""},"class_list":["post-2816","page","type-page","status-publish","has-post-thumbnail","hentry"],"yoast_head":"<!-- This site is optimized with the Yoast SEO plugin v27.2 - https:\/\/yoast.com\/product\/yoast-seo-wordpress\/ -->\n<title>S\u0131kma Kafalar\u0131 - maasco Elektrik<\/title>\n<meta name=\"robots\" content=\"index, follow, max-snippet:-1, max-image-preview:large, max-video-preview:-1\" \/>\n<link rel=\"canonical\" href=\"https:\/\/www.maasco.com.tr\/en\/sikma-kafalari\/\" \/>\n<meta property=\"og:locale\" content=\"en_US\" \/>\n<meta property=\"og:type\" content=\"article\" \/>\n<meta property=\"og:title\" content=\"S\u0131kma Kafalar\u0131 - maasco Elektrik\" \/>\n<meta property=\"og:url\" content=\"https:\/\/www.maasco.com.tr\/en\/sikma-kafalari\/\" \/>\n<meta property=\"og:site_name\" content=\"maasco Elektrik\" \/>\n<meta property=\"article:modified_time\" content=\"2019-08-19T12:49:45+00:00\" \/>\n<meta property=\"og:image\" content=\"https:\/\/www.maasco.com.tr\/wp-content\/uploads\/2016\/07\/Hydraulic-Crimping-Tool-Heads-for-Work-Bench-Mounting.jpg\" \/>\n\t<meta property=\"og:image:width\" content=\"300\" \/>\n\t<meta property=\"og:image:height\" content=\"300\" \/>\n\t<meta property=\"og:image:type\" content=\"image\/jpeg\" \/>\n<meta name=\"twitter:card\" content=\"summary_large_image\" \/>\n<meta name=\"twitter:label1\" content=\"Est. reading time\" \/>\n\t<meta name=\"twitter:data1\" content=\"2 minutes\" \/>\n<script type=\"application\/ld+json\" class=\"yoast-schema-graph\">{\"@context\":\"https:\/\/schema.org\",\"@graph\":[{\"@type\":\"WebPage\",\"@id\":\"https:\/\/www.maasco.com.tr\/sikma-kafalari\/\",\"url\":\"https:\/\/www.maasco.com.tr\/sikma-kafalari\/\",\"name\":\"S\u0131kma Kafalar\u0131 - maasco Elektrik\",\"isPartOf\":{\"@id\":\"https:\/\/www.maasco.com.tr\/#website\"},\"primaryImageOfPage\":{\"@id\":\"https:\/\/www.maasco.com.tr\/sikma-kafalari\/#primaryimage\"},\"image\":{\"@id\":\"https:\/\/www.maasco.com.tr\/sikma-kafalari\/#primaryimage\"},\"thumbnailUrl\":\"https:\/\/www.maasco.com.tr\/wp-content\/uploads\/2016\/07\/Hydraulic-Crimping-Tool-Heads-for-Work-Bench-Mounting.jpg\",\"datePublished\":\"2016-07-04T10:54:22+00:00\",\"dateModified\":\"2019-08-19T12:49:45+00:00\",\"breadcrumb\":{\"@id\":\"https:\/\/www.maasco.com.tr\/sikma-kafalari\/#breadcrumb\"},\"inLanguage\":\"en-US\",\"potentialAction\":[{\"@type\":\"ReadAction\",\"target\":[\"https:\/\/www.maasco.com.tr\/sikma-kafalari\/\"]}]},{\"@type\":\"ImageObject\",\"inLanguage\":\"en-US\",\"@id\":\"https:\/\/www.maasco.com.tr\/sikma-kafalari\/#primaryimage\",\"url\":\"https:\/\/www.maasco.com.tr\/wp-content\/uploads\/2016\/07\/Hydraulic-Crimping-Tool-Heads-for-Work-Bench-Mounting.jpg\",\"contentUrl\":\"https:\/\/www.maasco.com.tr\/wp-content\/uploads\/2016\/07\/Hydraulic-Crimping-Tool-Heads-for-Work-Bench-Mounting.jpg\",\"width\":300,\"height\":300},{\"@type\":\"BreadcrumbList\",\"@id\":\"https:\/\/www.maasco.com.tr\/sikma-kafalari\/#breadcrumb\",\"itemListElement\":[{\"@type\":\"ListItem\",\"position\":1,\"name\":\"Home\",\"item\":\"https:\/\/www.maasco.com.tr\/\"},{\"@type\":\"ListItem\",\"position\":2,\"name\":\"S\u0131kma Kafalar\u0131\"}]},{\"@type\":\"WebSite\",\"@id\":\"https:\/\/www.maasco.com.tr\/#website\",\"url\":\"https:\/\/www.maasco.com.tr\/\",\"name\":\"maasco Elektrik\",\"description\":\"\",\"potentialAction\":[{\"@type\":\"SearchAction\",\"target\":{\"@type\":\"EntryPoint\",\"urlTemplate\":\"https:\/\/www.maasco.com.tr\/?s={search_term_string}\"},\"query-input\":{\"@type\":\"PropertyValueSpecification\",\"valueRequired\":true,\"valueName\":\"search_term_string\"}}],\"inLanguage\":\"en-US\"}]}<\/script>\n<!-- \/ Yoast SEO plugin. -->","yoast_head_json":{"title":"S\u0131kma Kafalar\u0131 - maasco Elektrik","robots":{"index":"index","follow":"follow","max-snippet":"max-snippet:-1","max-image-preview":"max-image-preview:large","max-video-preview":"max-video-preview:-1"},"canonical":"https:\/\/www.maasco.com.tr\/en\/sikma-kafalari\/","og_locale":"en_US","og_type":"article","og_title":"S\u0131kma Kafalar\u0131 - maasco Elektrik","og_url":"https:\/\/www.maasco.com.tr\/en\/sikma-kafalari\/","og_site_name":"maasco Elektrik","article_modified_time":"2019-08-19T12:49:45+00:00","og_image":[{"width":300,"height":300,"url":"https:\/\/www.maasco.com.tr\/wp-content\/uploads\/2016\/07\/Hydraulic-Crimping-Tool-Heads-for-Work-Bench-Mounting.jpg","type":"image\/jpeg"}],"twitter_card":"summary_large_image","twitter_misc":{"Est. reading time":"2 minutes"},"schema":{"@context":"https:\/\/schema.org","@graph":[{"@type":"WebPage","@id":"https:\/\/www.maasco.com.tr\/sikma-kafalari\/","url":"https:\/\/www.maasco.com.tr\/sikma-kafalari\/","name":"S\u0131kma Kafalar\u0131 - maasco Elektrik","isPartOf":{"@id":"https:\/\/www.maasco.com.tr\/#website"},"primaryImageOfPage":{"@id":"https:\/\/www.maasco.com.tr\/sikma-kafalari\/#primaryimage"},"image":{"@id":"https:\/\/www.maasco.com.tr\/sikma-kafalari\/#primaryimage"},"thumbnailUrl":"https:\/\/www.maasco.com.tr\/wp-content\/uploads\/2016\/07\/Hydraulic-Crimping-Tool-Heads-for-Work-Bench-Mounting.jpg","datePublished":"2016-07-04T10:54:22+00:00","dateModified":"2019-08-19T12:49:45+00:00","breadcrumb":{"@id":"https:\/\/www.maasco.com.tr\/sikma-kafalari\/#breadcrumb"},"inLanguage":"en-US","potentialAction":[{"@type":"ReadAction","target":["https:\/\/www.maasco.com.tr\/sikma-kafalari\/"]}]},{"@type":"ImageObject","inLanguage":"en-US","@id":"https:\/\/www.maasco.com.tr\/sikma-kafalari\/#primaryimage","url":"https:\/\/www.maasco.com.tr\/wp-content\/uploads\/2016\/07\/Hydraulic-Crimping-Tool-Heads-for-Work-Bench-Mounting.jpg","contentUrl":"https:\/\/www.maasco.com.tr\/wp-content\/uploads\/2016\/07\/Hydraulic-Crimping-Tool-Heads-for-Work-Bench-Mounting.jpg","width":300,"height":300},{"@type":"BreadcrumbList","@id":"https:\/\/www.maasco.com.tr\/sikma-kafalari\/#breadcrumb","itemListElement":[{"@type":"ListItem","position":1,"name":"Home","item":"https:\/\/www.maasco.com.tr\/"},{"@type":"ListItem","position":2,"name":"S\u0131kma Kafalar\u0131"}]},{"@type":"WebSite","@id":"https:\/\/www.maasco.com.tr\/#website","url":"https:\/\/www.maasco.com.tr\/","name":"maasco Elektrik","description":"","potentialAction":[{"@type":"SearchAction","target":{"@type":"EntryPoint","urlTemplate":"https:\/\/www.maasco.com.tr\/?s={search_term_string}"},"query-input":{"@type":"PropertyValueSpecification","valueRequired":true,"valueName":"search_term_string"}}],"inLanguage":"en-US"}]}},"jetpack_sharing_enabled":true,"_links":{"self":[{"href":"https:\/\/www.maasco.com.tr\/en\/wp-json\/wp\/v2\/pages\/2816","targetHints":{"allow":["GET"]}}],"collection":[{"href":"https:\/\/www.maasco.com.tr\/en\/wp-json\/wp\/v2\/pages"}],"about":[{"href":"https:\/\/www.maasco.com.tr\/en\/wp-json\/wp\/v2\/types\/page"}],"author":[{"embeddable":true,"href":"https:\/\/www.maasco.com.tr\/en\/wp-json\/wp\/v2\/users\/1"}],"replies":[{"embeddable":true,"href":"https:\/\/www.maasco.com.tr\/en\/wp-json\/wp\/v2\/comments?post=2816"}],"version-history":[{"count":12,"href":"https:\/\/www.maasco.com.tr\/en\/wp-json\/wp\/v2\/pages\/2816\/revisions"}],"predecessor-version":[{"id":4895,"href":"https:\/\/www.maasco.com.tr\/en\/wp-json\/wp\/v2\/pages\/2816\/revisions\/4895"}],"wp:featuredmedia":[{"embeddable":true,"href":"https:\/\/www.maasco.com.tr\/en\/wp-json\/wp\/v2\/media\/2829"}],"wp:attachment":[{"href":"https:\/\/www.maasco.com.tr\/en\/wp-json\/wp\/v2\/media?parent=2816"}],"curies":[{"name":"wp","href":"https:\/\/api.w.org\/{rel}","templated":true}]}}