{"id":2810,"date":"2016-07-04T10:52:23","date_gmt":"2016-07-04T10:52:23","guid":{"rendered":"http:\/\/www.maasco.com.tr\/?page_id=2810"},"modified":"2017-12-30T12:42:34","modified_gmt":"2017-12-30T12:42:34","slug":"mekanik-sikma-penseleri","status":"publish","type":"page","link":"https:\/\/www.maasco.com.tr\/en\/mekanik-sikma-penseleri\/","title":{"rendered":"Manuel Crimping Tool"},"content":{"rendered":"<div class=\"wpb-content-wrapper\"><div class=\"vc_row wpb_row vc_row-fluid\"><div class=\"wpb_column vc_column_container vc_col-sm-12\"><div class=\"vc_column-inner\"><div class=\"wpb_wrapper\"><div class=\"vc_separator wpb_content_element vc_separator_align_center vc_sep_width_100 vc_sep_pos_align_center vc_separator_no_text vc_sep_color_white wpb_content_element  wpb_content_element\" ><span class=\"vc_sep_holder vc_sep_holder_l\"><span class=\"vc_sep_line\"><\/span><\/span><span class=\"vc_sep_holder vc_sep_holder_r\"><span class=\"vc_sep_line\"><\/span><\/span>\n<\/div><\/div><\/div><\/div><\/div><div class=\"vc_row wpb_row vc_row-fluid\"><div class=\"wpb_column vc_column_container vc_col-sm-4\"><div class=\"vc_column-inner\"><div class=\"wpb_wrapper\">\n\t<div  class=\"wpb_single_image wpb_content_element vc_align_center wpb_content_element\">\n\t\t\n\t\t<figure class=\"wpb_wrapper vc_figure\">\n\t\t\t<a href=\"http:\/\/www.maasco.com.tr\/en\/jy-06120-mekanik\/\" target=\"_self\" class=\"vc_single_image-wrapper vc_box_rounded  vc_box_border_grey\"><img decoding=\"async\" width=\"150\" height=\"150\" src=\"https:\/\/www.maasco.com.tr\/wp-content\/uploads\/2016\/07\/pr_01_6423-150x150.jpg\" class=\"vc_single_image-img attachment-thumbnail\" alt=\"\" title=\"JY-06120, JY-10150, JY-70240, mekanik pabuc sikma penseleri\" srcset=\"https:\/\/www.maasco.com.tr\/wp-content\/uploads\/2016\/07\/pr_01_6423-150x150.jpg 150w, https:\/\/www.maasco.com.tr\/wp-content\/uploads\/2016\/07\/pr_01_6423-300x300.jpg 300w, https:\/\/www.maasco.com.tr\/wp-content\/uploads\/2016\/07\/pr_01_6423.jpg 423w\" sizes=\"(max-width: 150px) 100vw, 150px\" \/><\/a>\n\t\t<\/figure>\n\t<\/div>\n\n\t<div class=\"wpb_text_column wpb_content_element\" >\n\t\t<div class=\"wpb_wrapper\">\n\t\t\t<p style=\"text-align: center;\"><span style=\"font-family: georgia, palatino, serif; color: #ff6600;\"><a style=\"color: #ff6600;\" href=\"http:\/\/www.maasco.com.tr\/en\/jy-06120-mekanik\/\"><span style=\"font-size: 10pt;\"><strong>Manuel Crimping Tool 10 Up to 240 mm\u00b2)<\/strong><\/span><\/a><\/span><\/p>\n\n\t\t<\/div>\n\t<\/div>\n<\/div><\/div><\/div><div class=\"wpb_column vc_column_container vc_col-sm-4\"><div class=\"vc_column-inner\"><div class=\"wpb_wrapper\">\n\t<div  class=\"wpb_single_image wpb_content_element vc_align_center wpb_content_element\">\n\t\t\n\t\t<figure class=\"wpb_wrapper vc_figure\">\n\t\t\t<a href=\"http:\/\/www.maasco.com.tr\/en\/jt-300-mekanik\/\" target=\"_self\" class=\"vc_single_image-wrapper vc_box_rounded  vc_box_border_grey\"><img decoding=\"async\" width=\"150\" height=\"150\" src=\"https:\/\/www.maasco.com.tr\/wp-content\/uploads\/2016\/07\/photo5-2-150x150.jpg\" class=\"vc_single_image-img attachment-thumbnail\" alt=\"\" title=\"JT-300, mekanik 300e kadar pabuc sikma pensesi\" srcset=\"https:\/\/www.maasco.com.tr\/wp-content\/uploads\/2016\/07\/photo5-2-150x150.jpg 150w, https:\/\/www.maasco.com.tr\/wp-content\/uploads\/2016\/07\/photo5-2-300x300.jpg 300w, https:\/\/www.maasco.com.tr\/wp-content\/uploads\/2016\/07\/photo5-2-768x768.jpg 768w, https:\/\/www.maasco.com.tr\/wp-content\/uploads\/2016\/07\/photo5-2.jpg 785w\" sizes=\"(max-width: 150px) 100vw, 150px\" \/><\/a>\n\t\t<\/figure>\n\t<\/div>\n\n\t<div class=\"wpb_text_column wpb_content_element\" >\n\t\t<div class=\"wpb_wrapper\">\n\t\t\t<p style=\"text-align: center;\"><span style=\"font-family: georgia, palatino, serif; color: #ff6600;\"><a style=\"color: #ff6600;\" href=\"http:\/\/www.maasco.com.tr\/en\/jt-300-mekanik\/\"><span style=\"font-size: 10pt;\"><strong>JT \u2013 300 (Manuel Crimping Tool 16-300<sup>2<\/sup>)<\/strong><\/span><\/a><\/span><\/p>\n\n\t\t<\/div>\n\t<\/div>\n<\/div><\/div><\/div><div class=\"wpb_column vc_column_container vc_col-sm-4\"><div class=\"vc_column-inner\"><div class=\"wpb_wrapper\">\n\t<div  class=\"wpb_single_image wpb_content_element vc_align_center wpb_content_element\">\n\t\t\n\t\t<figure class=\"wpb_wrapper vc_figure\">\n\t\t\t<a href=\"http:\/\/www.maasco.com.tr\/en\/kh-230-mekanik-10-240\/\" target=\"_self\" class=\"vc_single_image-wrapper vc_box_rounded  vc_box_border_grey\"><img decoding=\"async\" width=\"150\" height=\"150\" src=\"https:\/\/www.maasco.com.tr\/wp-content\/uploads\/2016\/07\/Mechanical_Crimping_Tool_KH-230-150x150.jpg\" class=\"vc_single_image-img attachment-thumbnail\" alt=\"\" title=\"KH-230, tek cene, pabuc sikma, skp skma, maasco pense\" srcset=\"https:\/\/www.maasco.com.tr\/wp-content\/uploads\/2016\/07\/Mechanical_Crimping_Tool_KH-230-150x150.jpg 150w, https:\/\/www.maasco.com.tr\/wp-content\/uploads\/2016\/07\/Mechanical_Crimping_Tool_KH-230-300x300.jpg 300w, https:\/\/www.maasco.com.tr\/wp-content\/uploads\/2016\/07\/Mechanical_Crimping_Tool_KH-230.jpg 690w\" sizes=\"(max-width: 150px) 100vw, 150px\" \/><\/a>\n\t\t<\/figure>\n\t<\/div>\n\n\t<div class=\"wpb_text_column wpb_content_element\" >\n\t\t<div class=\"wpb_wrapper\">\n\t\t\t<p style=\"text-align: center;\"><span style=\"font-family: georgia, palatino, serif; color: #ff6600;\"><a style=\"color: #ff6600;\" href=\"http:\/\/www.maasco.com.tr\/en\/kh-230-mekanik-10-240\/\"><span style=\"font-size: 10pt;\"><strong>KH \u2013 230 (Manuel Fixed Die Crimping Tool 10-240<sup>2<\/sup>)<\/strong><\/span><\/a><\/span><\/p>\n\n\t\t<\/div>\n\t<\/div>\n<\/div><\/div><\/div><\/div><div class=\"vc_row wpb_row vc_row-fluid\"><div class=\"wpb_column vc_column_container vc_col-sm-4\"><div class=\"vc_column-inner\"><div class=\"wpb_wrapper\">\n\t<div  class=\"wpb_single_image wpb_content_element vc_align_center wpb_content_element\">\n\t\t\n\t\t<figure class=\"wpb_wrapper vc_figure\">\n\t\t\t<a href=\"http:\/\/www.maasco.com.tr\/en\/jy-0650a-mekanik\/\" target=\"_self\" class=\"vc_single_image-wrapper vc_box_rounded  vc_box_border_grey\"><img loading=\"lazy\" decoding=\"async\" width=\"150\" height=\"150\" src=\"https:\/\/www.maasco.com.tr\/wp-content\/uploads\/2016\/07\/JY0650A-150x150.jpg\" class=\"vc_single_image-img attachment-thumbnail\" alt=\"\" title=\"JY0650A, mekanik, skp pabuc sikma, maasco\" srcset=\"https:\/\/www.maasco.com.tr\/wp-content\/uploads\/2016\/07\/JY0650A-150x150.jpg 150w, https:\/\/www.maasco.com.tr\/wp-content\/uploads\/2016\/07\/JY0650A-300x300.jpg 300w, https:\/\/www.maasco.com.tr\/wp-content\/uploads\/2016\/07\/JY0650A-768x768.jpg 768w, https:\/\/www.maasco.com.tr\/wp-content\/uploads\/2016\/07\/JY0650A-1024x1024.jpg 1024w, https:\/\/www.maasco.com.tr\/wp-content\/uploads\/2016\/07\/JY0650A.jpg 1247w\" sizes=\"(max-width: 150px) 100vw, 150px\" \/><\/a>\n\t\t<\/figure>\n\t<\/div>\n\n\t<div class=\"wpb_text_column wpb_content_element\" >\n\t\t<div class=\"wpb_wrapper\">\n\t\t\t<p style=\"text-align: center;\"><span style=\"font-family: georgia, palatino, serif; color: #ff6600;\"><a style=\"color: #ff6600;\" href=\"http:\/\/www.maasco.com.tr\/en\/jy-0650a-mekanik\/\"><span style=\"font-size: 10pt;\"><strong>JY \u2013 0650 A (Manuel Crimping Tool 6-50<sup>2<\/sup>)<\/strong><\/span><\/a><\/span><\/p>\n\n\t\t<\/div>\n\t<\/div>\n<\/div><\/div><\/div><div class=\"wpb_column vc_column_container vc_col-sm-4\"><div class=\"vc_column-inner\"><div class=\"wpb_wrapper\"><\/div><\/div><\/div><div class=\"wpb_column vc_column_container vc_col-sm-4\"><div class=\"vc_column-inner\"><div class=\"wpb_wrapper\"><\/div><\/div><\/div><\/div>\n<\/div>","protected":false},"excerpt":{"rendered":"<p>JY Serisi (Mekanik Pabu\u00e7 S\u0131kma Pensesi) JT &#8211; 300 (Mekan\u0131k Pabu\u00e7 S\u0131kma 16-300 mm2) KH &#8211; 230 (Tek \u00c7ene) (Pabu\u00e7 S\u0131kma 10-240 mm2) JY &#8211; 0650 A (Mekan\u0131k Pabu\u00e7 S\u0131kma 06-50 mm2)<\/p>","protected":false},"author":1,"featured_media":0,"parent":0,"menu_order":0,"comment_status":"closed","ping_status":"closed","template":"fullpage.php","meta":{"footnotes":""},"class_list":["post-2810","page","type-page","status-publish","hentry"],"yoast_head":"<!-- This site is optimized with the Yoast SEO plugin v27.2 - https:\/\/yoast.com\/product\/yoast-seo-wordpress\/ -->\n<title>Mekanik sikma penseleri - maasco Elektrik<\/title>\n<meta name=\"robots\" content=\"index, follow, max-snippet:-1, max-image-preview:large, max-video-preview:-1\" \/>\n<link rel=\"canonical\" href=\"https:\/\/www.maasco.com.tr\/en\/mekanik-sikma-penseleri\/\" \/>\n<meta property=\"og:locale\" content=\"en_US\" \/>\n<meta property=\"og:type\" content=\"article\" \/>\n<meta property=\"og:title\" content=\"Mekanik sikma penseleri - maasco Elektrik\" \/>\n<meta property=\"og:url\" content=\"https:\/\/www.maasco.com.tr\/en\/mekanik-sikma-penseleri\/\" \/>\n<meta property=\"og:site_name\" content=\"maasco Elektrik\" \/>\n<meta property=\"article:modified_time\" content=\"2017-12-30T12:42:34+00:00\" \/>\n<meta name=\"twitter:card\" content=\"summary_large_image\" \/>\n<meta name=\"twitter:label1\" content=\"Est. reading time\" \/>\n\t<meta name=\"twitter:data1\" content=\"1 minute\" \/>\n<script type=\"application\/ld+json\" class=\"yoast-schema-graph\">{\"@context\":\"https:\/\/schema.org\",\"@graph\":[{\"@type\":\"WebPage\",\"@id\":\"https:\/\/www.maasco.com.tr\/en\/mekanik-sikma-penseleri\/\",\"url\":\"https:\/\/www.maasco.com.tr\/en\/mekanik-sikma-penseleri\/\",\"name\":\"Mekanik sikma penseleri - maasco Elektrik\",\"isPartOf\":{\"@id\":\"https:\/\/www.maasco.com.tr\/#website\"},\"datePublished\":\"2016-07-04T10:52:23+00:00\",\"dateModified\":\"2017-12-30T12:42:34+00:00\",\"breadcrumb\":{\"@id\":\"https:\/\/www.maasco.com.tr\/en\/mekanik-sikma-penseleri\/#breadcrumb\"},\"inLanguage\":\"en-US\",\"potentialAction\":[{\"@type\":\"ReadAction\",\"target\":[\"https:\/\/www.maasco.com.tr\/en\/mekanik-sikma-penseleri\/\"]}]},{\"@type\":\"BreadcrumbList\",\"@id\":\"https:\/\/www.maasco.com.tr\/en\/mekanik-sikma-penseleri\/#breadcrumb\",\"itemListElement\":[{\"@type\":\"ListItem\",\"position\":1,\"name\":\"Home\",\"item\":\"https:\/\/www.maasco.com.tr\/\"},{\"@type\":\"ListItem\",\"position\":2,\"name\":\"Mekanik sikma penseleri\"}]},{\"@type\":\"WebSite\",\"@id\":\"https:\/\/www.maasco.com.tr\/#website\",\"url\":\"https:\/\/www.maasco.com.tr\/\",\"name\":\"maasco Elektrik\",\"description\":\"\",\"potentialAction\":[{\"@type\":\"SearchAction\",\"target\":{\"@type\":\"EntryPoint\",\"urlTemplate\":\"https:\/\/www.maasco.com.tr\/?s={search_term_string}\"},\"query-input\":{\"@type\":\"PropertyValueSpecification\",\"valueRequired\":true,\"valueName\":\"search_term_string\"}}],\"inLanguage\":\"en-US\"}]}<\/script>\n<!-- \/ Yoast SEO plugin. -->","yoast_head_json":{"title":"Mekanik sikma penseleri - maasco Elektrik","robots":{"index":"index","follow":"follow","max-snippet":"max-snippet:-1","max-image-preview":"max-image-preview:large","max-video-preview":"max-video-preview:-1"},"canonical":"https:\/\/www.maasco.com.tr\/en\/mekanik-sikma-penseleri\/","og_locale":"en_US","og_type":"article","og_title":"Mekanik sikma penseleri - maasco Elektrik","og_url":"https:\/\/www.maasco.com.tr\/en\/mekanik-sikma-penseleri\/","og_site_name":"maasco Elektrik","article_modified_time":"2017-12-30T12:42:34+00:00","twitter_card":"summary_large_image","twitter_misc":{"Est. reading time":"1 minute"},"schema":{"@context":"https:\/\/schema.org","@graph":[{"@type":"WebPage","@id":"https:\/\/www.maasco.com.tr\/en\/mekanik-sikma-penseleri\/","url":"https:\/\/www.maasco.com.tr\/en\/mekanik-sikma-penseleri\/","name":"Mekanik sikma penseleri - maasco Elektrik","isPartOf":{"@id":"https:\/\/www.maasco.com.tr\/#website"},"datePublished":"2016-07-04T10:52:23+00:00","dateModified":"2017-12-30T12:42:34+00:00","breadcrumb":{"@id":"https:\/\/www.maasco.com.tr\/en\/mekanik-sikma-penseleri\/#breadcrumb"},"inLanguage":"en-US","potentialAction":[{"@type":"ReadAction","target":["https:\/\/www.maasco.com.tr\/en\/mekanik-sikma-penseleri\/"]}]},{"@type":"BreadcrumbList","@id":"https:\/\/www.maasco.com.tr\/en\/mekanik-sikma-penseleri\/#breadcrumb","itemListElement":[{"@type":"ListItem","position":1,"name":"Home","item":"https:\/\/www.maasco.com.tr\/"},{"@type":"ListItem","position":2,"name":"Mekanik sikma penseleri"}]},{"@type":"WebSite","@id":"https:\/\/www.maasco.com.tr\/#website","url":"https:\/\/www.maasco.com.tr\/","name":"maasco Elektrik","description":"","potentialAction":[{"@type":"SearchAction","target":{"@type":"EntryPoint","urlTemplate":"https:\/\/www.maasco.com.tr\/?s={search_term_string}"},"query-input":{"@type":"PropertyValueSpecification","valueRequired":true,"valueName":"search_term_string"}}],"inLanguage":"en-US"}]}},"jetpack_sharing_enabled":true,"_links":{"self":[{"href":"https:\/\/www.maasco.com.tr\/en\/wp-json\/wp\/v2\/pages\/2810","targetHints":{"allow":["GET"]}}],"collection":[{"href":"https:\/\/www.maasco.com.tr\/en\/wp-json\/wp\/v2\/pages"}],"about":[{"href":"https:\/\/www.maasco.com.tr\/en\/wp-json\/wp\/v2\/types\/page"}],"author":[{"embeddable":true,"href":"https:\/\/www.maasco.com.tr\/en\/wp-json\/wp\/v2\/users\/1"}],"replies":[{"embeddable":true,"href":"https:\/\/www.maasco.com.tr\/en\/wp-json\/wp\/v2\/comments?post=2810"}],"version-history":[{"count":6,"href":"https:\/\/www.maasco.com.tr\/en\/wp-json\/wp\/v2\/pages\/2810\/revisions"}],"predecessor-version":[{"id":4441,"href":"https:\/\/www.maasco.com.tr\/en\/wp-json\/wp\/v2\/pages\/2810\/revisions\/4441"}],"wp:attachment":[{"href":"https:\/\/www.maasco.com.tr\/en\/wp-json\/wp\/v2\/media?parent=2810"}],"curies":[{"name":"wp","href":"https:\/\/api.w.org\/{rel}","templated":true}]}}