{"id":2614,"date":"2016-07-03T13:55:22","date_gmt":"2016-07-03T13:55:22","guid":{"rendered":"http:\/\/www.maasco.com.tr\/?page_id=2614"},"modified":"2025-07-23T14:03:07","modified_gmt":"2025-07-23T14:03:07","slug":"mekanik-kesme-makaslari","status":"publish","type":"page","link":"https:\/\/www.maasco.com.tr\/en\/mekanik-kesme-makaslari\/","title":{"rendered":"Manual Cable Cutters"},"content":{"rendered":"<div class=\"wpb-content-wrapper\"><div class=\"vc_row wpb_row vc_row-fluid\"><div class=\"wpb_column vc_column_container vc_col-sm-12\"><div class=\"vc_column-inner\"><div class=\"wpb_wrapper\"><div class=\"vc_separator wpb_content_element vc_separator_align_center vc_sep_width_100 vc_sep_pos_align_center vc_separator_no_text vc_sep_color_white wpb_content_element  wpb_content_element\" ><span class=\"vc_sep_holder vc_sep_holder_l\"><span class=\"vc_sep_line\"><\/span><\/span><span class=\"vc_sep_holder vc_sep_holder_r\"><span class=\"vc_sep_line\"><\/span><\/span>\n<\/div><\/div><\/div><\/div><\/div><div class=\"vc_row wpb_row vc_row-fluid\"><div class=\"wpb_column vc_column_container vc_col-sm-4\"><div class=\"vc_column-inner\"><div class=\"wpb_wrapper\">\n\t<div  class=\"wpb_single_image wpb_content_element vc_align_center wpb_content_element\">\n\t\t\n\t\t<figure class=\"wpb_wrapper vc_figure\">\n\t\t\t<a href=\"https:\/\/www.maasco.com.tr\/en\/https-www-maasco-com-tr-tc-100-mekanik\/\" target=\"_self\" class=\"vc_single_image-wrapper vc_box_rounded  vc_box_border_grey\"><img decoding=\"async\" width=\"150\" height=\"150\" src=\"https:\/\/www.maasco.com.tr\/wp-content\/uploads\/2016\/07\/tc-500-150x150.jpg\" class=\"vc_single_image-img attachment-thumbnail\" alt=\"\" title=\"tc-500, tc-250, tc-100 maasco mekan\u0131k makas\" \/><\/a>\n\t\t<\/figure>\n\t<\/div>\n\n\t<div class=\"wpb_text_column wpb_content_element\" >\n\t\t<div class=\"wpb_wrapper\">\n\t\t\t<p style=\"text-align: center;\"><span style=\"font-family: georgia, palatino, serif; color: #ff6600;\"><a style=\"color: #ff6600;\" href=\"https:\/\/www.maasco.com.tr\/en\/https-www-maasco-com-tr-tc-100-mekanik\/\"><span style=\"font-size: 10pt;\"><strong>TC-100 \/ TC-250 \/ TC-500 (Manual Cable Cutter)<\/strong><\/span><\/a><\/span><\/p>\n\n\t\t<\/div>\n\t<\/div>\n<\/div><\/div><\/div><div class=\"wpb_column vc_column_container vc_col-sm-4\"><div class=\"vc_column-inner\"><div class=\"wpb_wrapper\">\n\t<div  class=\"wpb_single_image wpb_content_element vc_align_center wpb_content_element\">\n\t\t\n\t\t<figure class=\"wpb_wrapper vc_figure\">\n\t\t\t<a href=\"http:\/\/www.maasco.com.tr\/en\/tc-250-s-mekanik\/\" target=\"_self\" class=\"vc_single_image-wrapper vc_box_rounded  vc_box_border_grey\"><img decoding=\"async\" width=\"150\" height=\"150\" src=\"https:\/\/www.maasco.com.tr\/wp-content\/uploads\/2016\/07\/tc-250s-150x150.jpg\" class=\"vc_single_image-img attachment-thumbnail\" alt=\"\" title=\"tc-250s, tc-500s kablo kesme, uzabilen kolu maasco makas\" \/><\/a>\n\t\t<\/figure>\n\t<\/div>\n\n\t<div class=\"wpb_text_column wpb_content_element\" >\n\t\t<div class=\"wpb_wrapper\">\n\t\t\t<p style=\"text-align: center;\"><span style=\"font-family: georgia, palatino, serif; color: #ff6600;\"><a style=\"color: #ff6600;\" href=\"http:\/\/www.maasco.com.tr\/en\/tc-250-s-mekanik\/\"><span style=\"font-size: 10pt;\"><strong>TC-125 S \/ TC-250 S (Manual Cable Cutters)<\/strong><\/span><\/a><\/span><\/p>\n\n\t\t<\/div>\n\t<\/div>\n<\/div><\/div><\/div><div class=\"wpb_column vc_column_container vc_col-sm-4\"><div class=\"vc_column-inner\"><div class=\"wpb_wrapper\">\n\t<div  class=\"wpb_single_image wpb_content_element vc_align_center wpb_content_element\">\n\t\t\n\t\t<figure class=\"wpb_wrapper vc_figure\">\n\t\t\t<a href=\"http:\/\/www.maasco.com.tr\/en\/2652-2\/\" target=\"_self\" class=\"vc_single_image-wrapper vc_box_rounded  vc_box_border_grey\"><img decoding=\"async\" width=\"150\" height=\"150\" src=\"https:\/\/www.maasco.com.tr\/wp-content\/uploads\/2016\/07\/HS-125-150x150.jpg\" class=\"vc_single_image-img attachment-thumbnail\" alt=\"\" title=\"HS-125, lk-250, LK-500 maasco kablo kesme\" \/><\/a>\n\t\t<\/figure>\n\t<\/div>\n\n\t<div class=\"wpb_text_column wpb_content_element\" >\n\t\t<div class=\"wpb_wrapper\">\n\t\t\t<p style=\"text-align: center;\"><span style=\"font-size: 10pt; font-family: georgia, palatino, serif; color: #ff6600;\"><a style=\"color: #ff6600;\" href=\"http:\/\/www.maasco.com.tr\/en\/2652-2\/\"><strong>HS-125 \/ LK-250 \/ LK-500 (Manual Cable Cutters)<\/strong><\/a><\/span><\/p>\n\n\t\t<\/div>\n\t<\/div>\n<\/div><\/div><\/div><\/div><div class=\"vc_row wpb_row vc_row-fluid\"><div class=\"wpb_column vc_column_container vc_col-sm-4\"><div class=\"vc_column-inner\"><div class=\"wpb_wrapper\">\n\t<div  class=\"wpb_single_image wpb_content_element vc_align_center wpb_content_element\">\n\t\t\n\t\t<figure class=\"wpb_wrapper vc_figure\">\n\t\t\t<a href=\"http:\/\/www.maasco.com.tr\/en\/tc-250-b-mekanik\/\" target=\"_self\" class=\"vc_single_image-wrapper vc_box_rounded  vc_box_border_grey\"><img loading=\"lazy\" decoding=\"async\" width=\"150\" height=\"150\" src=\"https:\/\/www.maasco.com.tr\/wp-content\/uploads\/2016\/07\/2014929234436-150x150.jpg\" class=\"vc_single_image-img attachment-thumbnail\" alt=\"\" title=\"TC-250B, TC-500B, \u00e7elik halat kesme, mekan\u0131k pense makas, maasco marka makas\" \/><\/a>\n\t\t<\/figure>\n\t<\/div>\n\n\t<div class=\"wpb_text_column wpb_content_element\" >\n\t\t<div class=\"wpb_wrapper\">\n\t\t\t<p style=\"text-align: center;\"><span style=\"font-family: georgia, palatino, serif; color: #ff6600;\"><a style=\"color: #ff6600;\" href=\"http:\/\/www.maasco.com.tr\/en\/tc-250-b-mekanik\/\"><span style=\"font-size: 10pt;\"><strong>TC-250B \/ TC-500B (Manual Steel Rope Cutters)<\/strong><\/span><\/a><\/span><\/p>\n\n\t\t<\/div>\n\t<\/div>\n<\/div><\/div><\/div><div class=\"wpb_column vc_column_container vc_col-sm-4\"><div class=\"vc_column-inner\"><div class=\"wpb_wrapper\">\n\t<div  class=\"wpb_single_image wpb_content_element vc_align_center wpb_content_element\">\n\t\t\n\t\t<figure class=\"wpb_wrapper vc_figure\">\n\t\t\t<a href=\"http:\/\/www.maasco.com.tr\/en\/808-330a-kablo-kesme-makasi\/\" target=\"_self\" class=\"vc_single_image-wrapper vc_box_rounded  vc_box_border_grey\"><img loading=\"lazy\" decoding=\"async\" width=\"150\" height=\"150\" src=\"https:\/\/www.maasco.com.tr\/wp-content\/uploads\/2016\/07\/Saipwell-808-330A-Mini-Design-Cable-Cutters-with-Max-70mm2-cable-cutting-tools-1-150x150.jpg\" class=\"vc_single_image-img attachment-thumbnail\" alt=\"\" title=\"808 330a mekan\u0131k kablo kesme maasco\" \/><\/a>\n\t\t<\/figure>\n\t<\/div>\n\n\t<div class=\"wpb_text_column wpb_content_element\" >\n\t\t<div class=\"wpb_wrapper\">\n\t\t\t<p style=\"text-align: center;\"><span style=\"font-family: georgia, palatino, serif; color: #ff6600;\"><a style=\"color: #ff6600;\" href=\"http:\/\/www.maasco.com.tr\/en\/808-330a-kablo-kesme-makasi\/\"><span style=\"font-size: 10pt;\"><strong>808 330A (Hand Cable Cutter)<\/strong><\/span><\/a><\/span><\/p>\n\n\t\t<\/div>\n\t<\/div>\n<\/div><\/div><\/div><div class=\"wpb_column vc_column_container vc_col-sm-4\"><div class=\"vc_column-inner\"><div class=\"wpb_wrapper\">\n\t<div  class=\"wpb_single_image wpb_content_element vc_align_center wpb_content_element\">\n\t\t\n\t\t<figure class=\"wpb_wrapper vc_figure\">\n\t\t\t<a href=\"http:\/\/www.maasco.com.tr\/en\/cc-60-kablo-kesme-makasi\/\" target=\"_self\" class=\"vc_single_image-wrapper vc_box_rounded  vc_box_border_grey\"><img loading=\"lazy\" decoding=\"async\" width=\"150\" height=\"150\" src=\"https:\/\/www.maasco.com.tr\/wp-content\/uploads\/2016\/07\/DERUI-HJ130-70mm2-Handheld-Plier-Shape-Cutting-Tool-176181-9-500x500-1-150x150.jpg\" class=\"vc_single_image-img attachment-thumbnail\" alt=\"\" title=\"HJ-130 mekan\u0131k maasco kablo kesme\" srcset=\"https:\/\/www.maasco.com.tr\/wp-content\/uploads\/2016\/07\/DERUI-HJ130-70mm2-Handheld-Plier-Shape-Cutting-Tool-176181-9-500x500-1-150x150.jpg 150w, https:\/\/www.maasco.com.tr\/wp-content\/uploads\/2016\/07\/DERUI-HJ130-70mm2-Handheld-Plier-Shape-Cutting-Tool-176181-9-500x500-1-300x300.jpg 300w, https:\/\/www.maasco.com.tr\/wp-content\/uploads\/2016\/07\/DERUI-HJ130-70mm2-Handheld-Plier-Shape-Cutting-Tool-176181-9-500x500-1.jpg 629w\" sizes=\"(max-width: 150px) 100vw, 150px\" \/><\/a>\n\t\t<\/figure>\n\t<\/div>\n\n\t<div class=\"wpb_text_column wpb_content_element\" >\n\t\t<div class=\"wpb_wrapper\">\n\t\t\t<p style=\"text-align: center;\"><span style=\"font-family: georgia, palatino, serif; color: #ff6600;\"><a style=\"color: #ff6600;\" href=\"http:\/\/www.maasco.com.tr\/en\/cc-60-kablo-kesme-makasi\/\"><span style=\"font-size: 10pt;\"><strong>CC \u2013 60 (Hand Cable Cutter)<\/strong><\/span><\/a><\/span><\/p>\n\n\t\t<\/div>\n\t<\/div>\n<\/div><\/div><\/div><\/div><div class=\"vc_row wpb_row vc_row-fluid\"><div class=\"wpb_column vc_column_container vc_col-sm-4\"><div class=\"vc_column-inner\"><div class=\"wpb_wrapper\">\n\t<div  class=\"wpb_single_image wpb_content_element vc_align_center wpb_content_element\">\n\t\t\n\t\t<figure class=\"wpb_wrapper vc_figure\">\n\t\t\t<a href=\"http:\/\/www.maasco.com.tr\/en\/hs-104-kablo-kesme-el-pensesi\/\" target=\"_self\" class=\"vc_single_image-wrapper vc_box_rounded  vc_box_border_grey\"><img loading=\"lazy\" decoding=\"async\" width=\"150\" height=\"150\" src=\"https:\/\/www.maasco.com.tr\/wp-content\/uploads\/2016\/07\/Multifunction-Cable-Striper-And-Cutter-SP-HS-104-1-150x150.jpg\" class=\"vc_single_image-img attachment-thumbnail\" alt=\"\" title=\"Multifunction-Cable-Striper-And-Cutter-SP-HS-104\" \/><\/a>\n\t\t<\/figure>\n\t<\/div>\n\n\t<div class=\"wpb_text_column wpb_content_element\" >\n\t\t<div class=\"wpb_wrapper\">\n\t\t\t<p style=\"text-align: center;\"><span style=\"font-family: georgia, palatino, serif; color: #ff6600;\"><a style=\"color: #ff6600;\" href=\"http:\/\/www.maasco.com.tr\/en\/hs-104-kablo-kesme-el-pensesi\/\"><span style=\"font-size: 10pt;\"><strong>HS &#8211; 104 (Kablo Kesme El-Pensesi)<\/strong><\/span><\/a><\/span><\/p>\n\n\t\t<\/div>\n\t<\/div>\n<\/div><\/div><\/div><div class=\"wpb_column vc_column_container vc_col-sm-4\"><div class=\"vc_column-inner\"><div class=\"wpb_wrapper\">\n\t<div  class=\"wpb_single_image wpb_content_element vc_align_center wpb_content_element\">\n\t\t\n\t\t<figure class=\"wpb_wrapper vc_figure\">\n\t\t\t<a href=\"http:\/\/www.maasco.com.tr\/en\/fs-09-yan-keskikablo-kesme-el-pensesi\/\" target=\"_self\" class=\"vc_single_image-wrapper vc_box_rounded  vc_box_border_grey\"><img loading=\"lazy\" decoding=\"async\" width=\"150\" height=\"150\" src=\"https:\/\/www.maasco.com.tr\/wp-content\/uploads\/2016\/07\/HTB1PVLiGVXXXXbHXFXXq6xXFXXXq-150x150.jpg\" class=\"vc_single_image-img attachment-thumbnail\" alt=\"\" title=\"HTB1PVLiGVXXXXbHXFXXq6xXFXXXq\" \/><\/a>\n\t\t<\/figure>\n\t<\/div>\n\n\t<div class=\"wpb_text_column wpb_content_element\" >\n\t\t<div class=\"wpb_wrapper\">\n\t\t\t<p style=\"text-align: center;\"><a href=\"http:\/\/www.maasco.com.tr\/en\/fs-09-yan-keskikablo-kesme-el-pensesi\/\"><span style=\"color: #ff6600;\"><span style=\"font-size: 10pt;\"><strong>FS-09 (Yan Keski)<\/strong><\/span><\/span><\/a><\/p>\n\n\t\t<\/div>\n\t<\/div>\n<\/div><\/div><\/div><div class=\"wpb_column vc_column_container vc_col-sm-4\"><div class=\"vc_column-inner\"><div class=\"wpb_wrapper\">\n\t<div  class=\"wpb_single_image wpb_content_element vc_align_center wpb_content_element\">\n\t\t\n\t\t<figure class=\"wpb_wrapper vc_figure\">\n\t\t\t<a href=\"http:\/\/www.maasco.com.tr\/en\/fs-03-yan-keskikablo-kesme-el-pensesi\/\" target=\"_self\" class=\"vc_single_image-wrapper vc_box_rounded  vc_box_border_grey\"><img loading=\"lazy\" decoding=\"async\" width=\"150\" height=\"150\" src=\"https:\/\/www.maasco.com.tr\/wp-content\/uploads\/2016\/07\/fs-03-terminal-wire-cutting-pliers-hand-tool-1-150x150.jpg\" class=\"vc_single_image-img attachment-thumbnail\" alt=\"\" title=\"fs-03-terminal-wire-cutting-pliers-hand-tool\" srcset=\"https:\/\/www.maasco.com.tr\/wp-content\/uploads\/2016\/07\/fs-03-terminal-wire-cutting-pliers-hand-tool-1-150x150.jpg 150w, https:\/\/www.maasco.com.tr\/wp-content\/uploads\/2016\/07\/fs-03-terminal-wire-cutting-pliers-hand-tool-1-300x300.jpg 300w, https:\/\/www.maasco.com.tr\/wp-content\/uploads\/2016\/07\/fs-03-terminal-wire-cutting-pliers-hand-tool-1-768x768.jpg 768w, https:\/\/www.maasco.com.tr\/wp-content\/uploads\/2016\/07\/fs-03-terminal-wire-cutting-pliers-hand-tool-1-1024x1024.jpg 1024w, https:\/\/www.maasco.com.tr\/wp-content\/uploads\/2016\/07\/fs-03-terminal-wire-cutting-pliers-hand-tool-1.jpg 1082w\" sizes=\"(max-width: 150px) 100vw, 150px\" \/><\/a>\n\t\t<\/figure>\n\t<\/div>\n\n\t<div class=\"wpb_text_column wpb_content_element\" >\n\t\t<div class=\"wpb_wrapper\">\n\t\t\t<p style=\"text-align: center;\"><a href=\"http:\/\/www.maasco.com.tr\/en\/fs-03-yan-keskikablo-kesme-el-pensesi\/\"><span style=\"font-family: georgia, palatino, serif; color: #ff6600;\"><span style=\"font-size: 10pt;\"><strong>FS &#8211; 03 (Yan Keski)<\/strong><\/span><\/span><\/a><\/p>\n\n\t\t<\/div>\n\t<\/div>\n<\/div><\/div><\/div><\/div>\n<\/div>","protected":false},"excerpt":{"rendered":"<p>TC-100 \/ TC-250 \/ TC-500 (NYY Kesme Makas\u0131) TC-125 S \/ TC-250 S (NYY Kablo Kesme) HS-125 \/ LK-250 \/ LK-500 (Kablo Kesme Makas\u0131) TC-250B \/ TC-500B (Mekan\u0131k \u00c7elik Halat Kesme) 808 330A (Mekan\u0131k Kablo Kesme Makas\u0131) CC &#8211; 60 (Mekan\u0131k Kablo Kesme Makas\u0131) HS &#8211; 104 (Kablo Kesme El-Pensesi) FS-09 (Yan Keski) FS &#8211;<a class=\"rmore\" href=\"https:\/\/www.maasco.com.tr\/en\/mekanik-kesme-makaslari\/\">&nbsp;&nbsp; Read More &#8230;<\/a><\/p>","protected":false},"author":1,"featured_media":0,"parent":0,"menu_order":0,"comment_status":"closed","ping_status":"closed","template":"fullpage.php","meta":{"footnotes":""},"class_list":["post-2614","page","type-page","status-publish","hentry"],"yoast_head":"<!-- This site is optimized with the Yoast SEO plugin v27.2 - https:\/\/yoast.com\/product\/yoast-seo-wordpress\/ -->\n<title>Mekan\u0131k Kesme makaslar\u0131 - maasco Elektrik<\/title>\n<meta name=\"robots\" content=\"index, follow, max-snippet:-1, max-image-preview:large, max-video-preview:-1\" \/>\n<link rel=\"canonical\" href=\"https:\/\/www.maasco.com.tr\/en\/mekanik-kesme-makaslari\/\" \/>\n<meta property=\"og:locale\" content=\"en_US\" \/>\n<meta property=\"og:type\" content=\"article\" \/>\n<meta property=\"og:title\" content=\"Mekan\u0131k Kesme makaslar\u0131 - maasco Elektrik\" \/>\n<meta property=\"og:url\" content=\"https:\/\/www.maasco.com.tr\/en\/mekanik-kesme-makaslari\/\" \/>\n<meta property=\"og:site_name\" content=\"maasco Elektrik\" \/>\n<meta property=\"article:modified_time\" content=\"2025-07-23T14:03:07+00:00\" \/>\n<meta name=\"twitter:card\" content=\"summary_large_image\" \/>\n<meta name=\"twitter:label1\" content=\"Est. reading time\" \/>\n\t<meta name=\"twitter:data1\" content=\"2 minutes\" \/>\n<script type=\"application\/ld+json\" class=\"yoast-schema-graph\">{\"@context\":\"https:\/\/schema.org\",\"@graph\":[{\"@type\":\"WebPage\",\"@id\":\"https:\/\/www.maasco.com.tr\/mekanik-kesme-makaslari\/\",\"url\":\"https:\/\/www.maasco.com.tr\/mekanik-kesme-makaslari\/\",\"name\":\"Mekan\u0131k Kesme makaslar\u0131 - maasco Elektrik\",\"isPartOf\":{\"@id\":\"https:\/\/www.maasco.com.tr\/#website\"},\"datePublished\":\"2016-07-03T13:55:22+00:00\",\"dateModified\":\"2025-07-23T14:03:07+00:00\",\"breadcrumb\":{\"@id\":\"https:\/\/www.maasco.com.tr\/mekanik-kesme-makaslari\/#breadcrumb\"},\"inLanguage\":\"en-US\",\"potentialAction\":[{\"@type\":\"ReadAction\",\"target\":[\"https:\/\/www.maasco.com.tr\/mekanik-kesme-makaslari\/\"]}]},{\"@type\":\"BreadcrumbList\",\"@id\":\"https:\/\/www.maasco.com.tr\/mekanik-kesme-makaslari\/#breadcrumb\",\"itemListElement\":[{\"@type\":\"ListItem\",\"position\":1,\"name\":\"Home\",\"item\":\"https:\/\/www.maasco.com.tr\/\"},{\"@type\":\"ListItem\",\"position\":2,\"name\":\"Mekan\u0131k Kesme makaslar\u0131\"}]},{\"@type\":\"WebSite\",\"@id\":\"https:\/\/www.maasco.com.tr\/#website\",\"url\":\"https:\/\/www.maasco.com.tr\/\",\"name\":\"maasco Elektrik\",\"description\":\"\",\"potentialAction\":[{\"@type\":\"SearchAction\",\"target\":{\"@type\":\"EntryPoint\",\"urlTemplate\":\"https:\/\/www.maasco.com.tr\/?s={search_term_string}\"},\"query-input\":{\"@type\":\"PropertyValueSpecification\",\"valueRequired\":true,\"valueName\":\"search_term_string\"}}],\"inLanguage\":\"en-US\"}]}<\/script>\n<!-- \/ Yoast SEO plugin. -->","yoast_head_json":{"title":"Mekan\u0131k Kesme makaslar\u0131 - maasco Elektrik","robots":{"index":"index","follow":"follow","max-snippet":"max-snippet:-1","max-image-preview":"max-image-preview:large","max-video-preview":"max-video-preview:-1"},"canonical":"https:\/\/www.maasco.com.tr\/en\/mekanik-kesme-makaslari\/","og_locale":"en_US","og_type":"article","og_title":"Mekan\u0131k Kesme makaslar\u0131 - maasco Elektrik","og_url":"https:\/\/www.maasco.com.tr\/en\/mekanik-kesme-makaslari\/","og_site_name":"maasco Elektrik","article_modified_time":"2025-07-23T14:03:07+00:00","twitter_card":"summary_large_image","twitter_misc":{"Est. reading time":"2 minutes"},"schema":{"@context":"https:\/\/schema.org","@graph":[{"@type":"WebPage","@id":"https:\/\/www.maasco.com.tr\/mekanik-kesme-makaslari\/","url":"https:\/\/www.maasco.com.tr\/mekanik-kesme-makaslari\/","name":"Mekan\u0131k Kesme makaslar\u0131 - maasco Elektrik","isPartOf":{"@id":"https:\/\/www.maasco.com.tr\/#website"},"datePublished":"2016-07-03T13:55:22+00:00","dateModified":"2025-07-23T14:03:07+00:00","breadcrumb":{"@id":"https:\/\/www.maasco.com.tr\/mekanik-kesme-makaslari\/#breadcrumb"},"inLanguage":"en-US","potentialAction":[{"@type":"ReadAction","target":["https:\/\/www.maasco.com.tr\/mekanik-kesme-makaslari\/"]}]},{"@type":"BreadcrumbList","@id":"https:\/\/www.maasco.com.tr\/mekanik-kesme-makaslari\/#breadcrumb","itemListElement":[{"@type":"ListItem","position":1,"name":"Home","item":"https:\/\/www.maasco.com.tr\/"},{"@type":"ListItem","position":2,"name":"Mekan\u0131k Kesme makaslar\u0131"}]},{"@type":"WebSite","@id":"https:\/\/www.maasco.com.tr\/#website","url":"https:\/\/www.maasco.com.tr\/","name":"maasco Elektrik","description":"","potentialAction":[{"@type":"SearchAction","target":{"@type":"EntryPoint","urlTemplate":"https:\/\/www.maasco.com.tr\/?s={search_term_string}"},"query-input":{"@type":"PropertyValueSpecification","valueRequired":true,"valueName":"search_term_string"}}],"inLanguage":"en-US"}]}},"jetpack_sharing_enabled":true,"_links":{"self":[{"href":"https:\/\/www.maasco.com.tr\/en\/wp-json\/wp\/v2\/pages\/2614","targetHints":{"allow":["GET"]}}],"collection":[{"href":"https:\/\/www.maasco.com.tr\/en\/wp-json\/wp\/v2\/pages"}],"about":[{"href":"https:\/\/www.maasco.com.tr\/en\/wp-json\/wp\/v2\/types\/page"}],"author":[{"embeddable":true,"href":"https:\/\/www.maasco.com.tr\/en\/wp-json\/wp\/v2\/users\/1"}],"replies":[{"embeddable":true,"href":"https:\/\/www.maasco.com.tr\/en\/wp-json\/wp\/v2\/comments?post=2614"}],"version-history":[{"count":13,"href":"https:\/\/www.maasco.com.tr\/en\/wp-json\/wp\/v2\/pages\/2614\/revisions"}],"predecessor-version":[{"id":5709,"href":"https:\/\/www.maasco.com.tr\/en\/wp-json\/wp\/v2\/pages\/2614\/revisions\/5709"}],"wp:attachment":[{"href":"https:\/\/www.maasco.com.tr\/en\/wp-json\/wp\/v2\/media?parent=2614"}],"curies":[{"name":"wp","href":"https:\/\/api.w.org\/{rel}","templated":true}]}}