{"id":2566,"date":"2016-07-03T11:46:32","date_gmt":"2016-07-03T11:46:32","guid":{"rendered":"http:\/\/www.maasco.com.tr\/?page_id=2566"},"modified":"2022-04-29T03:40:30","modified_gmt":"2022-04-29T03:40:30","slug":"pnomatic-sikma-penseleri","status":"publish","type":"page","link":"https:\/\/www.maasco.com.tr\/en\/pnomatic-sikma-penseleri\/","title":{"rendered":"Pnomat\u0131k S\u0131kma Penseler\u0131"},"content":{"rendered":"<div class=\"wpb-content-wrapper\"><div class=\"vc_row wpb_row vc_row-fluid\"><div class=\"wpb_column vc_column_container vc_col-sm-12\"><div class=\"vc_column-inner\"><div class=\"wpb_wrapper\"><div class=\"vc_separator wpb_content_element vc_separator_align_center vc_sep_width_100 vc_sep_pos_align_center vc_separator_no_text vc_sep_color_white wpb_content_element  wpb_content_element\" ><span class=\"vc_sep_holder vc_sep_holder_l\"><span class=\"vc_sep_line\"><\/span><\/span><span class=\"vc_sep_holder vc_sep_holder_r\"><span class=\"vc_sep_line\"><\/span><\/span>\n<\/div><\/div><\/div><\/div><\/div><div class=\"vc_row wpb_row vc_row-fluid\"><div class=\"wpb_column vc_column_container vc_col-sm-4\"><div class=\"vc_column-inner\"><div class=\"wpb_wrapper\">\n\t<div  class=\"wpb_single_image wpb_content_element vc_align_center wpb_content_element\">\n\t\t\n\t\t<figure class=\"wpb_wrapper vc_figure\">\n\t\t\t<a href=\"http:\/\/www.maasco.com.tr\/en\/em-6b1elektrikli-sikma-pensesi\/\" target=\"_self\" class=\"vc_single_image-wrapper vc_box_rounded  vc_box_border_grey\"><img decoding=\"async\" width=\"150\" height=\"150\" src=\"https:\/\/www.maasco.com.tr\/wp-content\/uploads\/2016\/07\/EM-6B1-AC-100-125V-font-b-electric-b-font-font-b-crimping-b-font-font-150x150.jpg\" class=\"vc_single_image-img attachment-thumbnail\" alt=\"\" title=\"elektrikli yuksuk sikma\" \/><\/a>\n\t\t<\/figure>\n\t<\/div>\n\n\t<div class=\"wpb_text_column wpb_content_element\" >\n\t\t<div class=\"wpb_wrapper\">\n\t\t\t<p style=\"text-align: center;\"><span style=\"font-size: 10pt; font-family: georgia, palatino, serif; color: #ff6600;\"><strong><a style=\"color: #ff6600;\" href=\"http:\/\/www.maasco.com.tr\/en\/em-6b1elektrikli-sikma-pensesi\/\">EM &#8211; 6B1 (Elektrikli Sikma Pensesi)<\/a><\/strong><\/span><\/p>\n\n\t\t<\/div>\n\t<\/div>\n<\/div><\/div><\/div><div class=\"wpb_column vc_column_container vc_col-sm-4\"><div class=\"vc_column-inner\"><div class=\"wpb_wrapper\">\n\t<div  class=\"wpb_single_image wpb_content_element vc_align_center wpb_content_element\">\n\t\t\n\t\t<figure class=\"wpb_wrapper vc_figure\">\n\t\t\t<a href=\"http:\/\/www.maasco.com.tr\/en\/fek-90l-pnomatik-pabuc-sikma-pensesi-10-90-mm2\/\" target=\"_self\" class=\"vc_single_image-wrapper vc_box_rounded  vc_box_border_grey\"><img decoding=\"async\" width=\"150\" height=\"150\" src=\"https:\/\/www.maasco.com.tr\/wp-content\/uploads\/2016\/10\/FEK-90-Pnomatik-Pabuc-Sikma-150x150.jpg\" class=\"vc_single_image-img attachment-thumbnail\" alt=\"\" title=\"fek-90-pnomatik-pabuc-sikma\" srcset=\"https:\/\/www.maasco.com.tr\/wp-content\/uploads\/2016\/10\/FEK-90-Pnomatik-Pabuc-Sikma-150x150.jpg 150w, https:\/\/www.maasco.com.tr\/wp-content\/uploads\/2016\/10\/FEK-90-Pnomatik-Pabuc-Sikma-300x300.jpg 300w, https:\/\/www.maasco.com.tr\/wp-content\/uploads\/2016\/10\/FEK-90-Pnomatik-Pabuc-Sikma-768x768.jpg 768w, https:\/\/www.maasco.com.tr\/wp-content\/uploads\/2016\/10\/FEK-90-Pnomatik-Pabuc-Sikma.jpg 800w\" sizes=\"(max-width: 150px) 100vw, 150px\" \/><\/a>\n\t\t<\/figure>\n\t<\/div>\n\n\t<div class=\"wpb_text_column wpb_content_element\" >\n\t\t<div class=\"wpb_wrapper\">\n\t\t\t<p style=\"text-align: center;\"><strong><span style=\"font-size: 10pt; font-family: georgia, palatino, serif; color: #ff6600;\"><a style=\"color: #ff6600;\" href=\"http:\/\/www.maasco.com.tr\/en\/fek-90l-pnomatik-pabuc-sikma-pensesi-10-90-mm2\/\">FEK &#8211; 90L Pn\u00f6matik Pabu\u00e7 S\u0131kma Pensesi<\/a><\/span><\/strong><\/p>\n\n\t\t<\/div>\n\t<\/div>\n<\/div><\/div><\/div><div class=\"wpb_column vc_column_container vc_col-sm-4\"><div class=\"vc_column-inner\"><div class=\"wpb_wrapper\">\n\t<div  class=\"wpb_single_image wpb_content_element vc_align_center wpb_content_element\">\n\t\t\n\t\t<figure class=\"wpb_wrapper vc_figure\">\n\t\t\t<a href=\"http:\/\/www.maasco.com.tr\/en\/am-10-elektrikli-yuksuk-sikma\/\" target=\"_self\" class=\"vc_single_image-wrapper vc_box_rounded  vc_box_border_grey\"><img decoding=\"async\" width=\"150\" height=\"150\" src=\"https:\/\/www.maasco.com.tr\/wp-content\/uploads\/2017\/11\/maasco-AM-10-Pnaumatic-crimping-tool-150x150.jpg\" class=\"vc_single_image-img attachment-thumbnail\" alt=\"\" title=\"maasco AM-10 panomatik sikma pensesi\" \/><\/a>\n\t\t<\/figure>\n\t<\/div>\n\n\t<div class=\"wpb_text_column wpb_content_element\" >\n\t\t<div class=\"wpb_wrapper\">\n\t\t\t<p style=\"text-align: center;\"><span style=\"font-family: georgia, palatino, serif; color: #ff6600;\"><a style=\"color: #ff6600;\" href=\"http:\/\/www.maasco.com.tr\/en\/am-10-elektrikli-yuksuk-sikma\/\"><span style=\"font-size: 10pt;\"><strong>AM &#8211; 10 (Pn\u00f6matik S\u0131kma Pensesi)<\/strong><\/span><\/a><\/span><\/p>\n\n\t\t<\/div>\n\t<\/div>\n<\/div><\/div><\/div><\/div><div class=\"vc_row wpb_row vc_row-fluid\"><div class=\"wpb_column vc_column_container vc_col-sm-4\"><div class=\"vc_column-inner\"><div class=\"wpb_wrapper\">\n\t<div  class=\"wpb_single_image wpb_content_element vc_align_center wpb_content_element\">\n\t\t\n\t\t<figure class=\"wpb_wrapper vc_figure\">\n\t\t\t<a href=\"http:\/\/www.maasco.com.tr\/en\/am-70-am-240-pnomatik-pabuc-sikma-pensesi\/\" target=\"_self\" class=\"vc_single_image-wrapper vc_box_rounded  vc_box_border_grey\"><img loading=\"lazy\" decoding=\"async\" width=\"150\" height=\"150\" src=\"https:\/\/www.maasco.com.tr\/wp-content\/uploads\/2016\/07\/Free-shipping-AM-70-Heavy-duty-font-b-Pneumatic-b-font-font-b-Crimping-b-font-150x150.jpg\" class=\"vc_single_image-img attachment-thumbnail\" alt=\"\" title=\"pnomatik pabuc sikma\" \/><\/a>\n\t\t<\/figure>\n\t<\/div>\n\n\t<div class=\"wpb_text_column wpb_content_element\" >\n\t\t<div class=\"wpb_wrapper\">\n\t\t\t<p style=\"text-align: center;\"><span style=\"font-family: georgia, palatino, serif; color: #ff6600;\"><a style=\"color: #ff6600;\" href=\"http:\/\/www.maasco.com.tr\/en\/am-70-am-240-pnomatik-pabuc-sikma-pensesi\/\"><span style=\"font-size: 10pt;\"><strong>AM-70 \/ AM-240 (Pn\u00f6matik Pabu\u00e7 S\u0131kma)<\/strong><\/span><\/a><\/span><\/p>\n\n\t\t<\/div>\n\t<\/div>\n<\/div><\/div><\/div><\/div>\n<\/div>","protected":false},"excerpt":{"rendered":"<p>EM &#8211; 6B1 (Elektrikli Sikma Pensesi) FEK &#8211; 90L Pn\u00f6matik Pabu\u00e7 S\u0131kma Pensesi AM &#8211; 10 (Pn\u00f6matik S\u0131kma Pensesi) AM-70 \/ AM-240 (Pn\u00f6matik Pabu\u00e7 S\u0131kma)<\/p>","protected":false},"author":1,"featured_media":2574,"parent":0,"menu_order":0,"comment_status":"closed","ping_status":"closed","template":"fullpage.php","meta":{"footnotes":""},"class_list":["post-2566","page","type-page","status-publish","has-post-thumbnail","hentry"],"yoast_head":"<!-- This site is optimized with the Yoast SEO plugin v27.2 - https:\/\/yoast.com\/product\/yoast-seo-wordpress\/ -->\n<title>Pnomat\u0131k S\u0131kma Penseler\u0131 - maasco Elektrik<\/title>\n<meta name=\"robots\" content=\"index, follow, max-snippet:-1, max-image-preview:large, max-video-preview:-1\" \/>\n<link rel=\"canonical\" href=\"https:\/\/www.maasco.com.tr\/en\/pnomatic-sikma-penseleri\/\" \/>\n<meta property=\"og:locale\" content=\"en_US\" \/>\n<meta property=\"og:type\" content=\"article\" \/>\n<meta property=\"og:title\" content=\"Pnomat\u0131k S\u0131kma Penseler\u0131 - maasco Elektrik\" \/>\n<meta property=\"og:url\" content=\"https:\/\/www.maasco.com.tr\/en\/pnomatic-sikma-penseleri\/\" \/>\n<meta property=\"og:site_name\" content=\"maasco Elektrik\" \/>\n<meta property=\"article:modified_time\" content=\"2022-04-29T03:40:30+00:00\" \/>\n<meta property=\"og:image\" content=\"https:\/\/www.maasco.com.tr\/wp-content\/uploads\/2016\/07\/CE-Approved-6-35-mm-AM-10-Electrical-font-b-Pneumatic-b-font-font-b-Crimping.jpg\" \/>\n\t<meta property=\"og:image:width\" content=\"445\" \/>\n\t<meta property=\"og:image:height\" content=\"257\" \/>\n\t<meta property=\"og:image:type\" content=\"image\/jpeg\" \/>\n<meta name=\"twitter:card\" content=\"summary_large_image\" \/>\n<meta name=\"twitter:label1\" content=\"Est. reading time\" \/>\n\t<meta name=\"twitter:data1\" content=\"1 minute\" \/>\n<script type=\"application\/ld+json\" class=\"yoast-schema-graph\">{\"@context\":\"https:\/\/schema.org\",\"@graph\":[{\"@type\":\"WebPage\",\"@id\":\"https:\/\/www.maasco.com.tr\/pnomatic-sikma-penseleri\/\",\"url\":\"https:\/\/www.maasco.com.tr\/pnomatic-sikma-penseleri\/\",\"name\":\"Pnomat\u0131k S\u0131kma Penseler\u0131 - maasco Elektrik\",\"isPartOf\":{\"@id\":\"https:\/\/www.maasco.com.tr\/#website\"},\"primaryImageOfPage\":{\"@id\":\"https:\/\/www.maasco.com.tr\/pnomatic-sikma-penseleri\/#primaryimage\"},\"image\":{\"@id\":\"https:\/\/www.maasco.com.tr\/pnomatic-sikma-penseleri\/#primaryimage\"},\"thumbnailUrl\":\"https:\/\/www.maasco.com.tr\/wp-content\/uploads\/2016\/07\/CE-Approved-6-35-mm-AM-10-Electrical-font-b-Pneumatic-b-font-font-b-Crimping.jpg\",\"datePublished\":\"2016-07-03T11:46:32+00:00\",\"dateModified\":\"2022-04-29T03:40:30+00:00\",\"breadcrumb\":{\"@id\":\"https:\/\/www.maasco.com.tr\/pnomatic-sikma-penseleri\/#breadcrumb\"},\"inLanguage\":\"en-US\",\"potentialAction\":[{\"@type\":\"ReadAction\",\"target\":[\"https:\/\/www.maasco.com.tr\/pnomatic-sikma-penseleri\/\"]}]},{\"@type\":\"ImageObject\",\"inLanguage\":\"en-US\",\"@id\":\"https:\/\/www.maasco.com.tr\/pnomatic-sikma-penseleri\/#primaryimage\",\"url\":\"https:\/\/www.maasco.com.tr\/wp-content\/uploads\/2016\/07\/CE-Approved-6-35-mm-AM-10-Electrical-font-b-Pneumatic-b-font-font-b-Crimping.jpg\",\"contentUrl\":\"https:\/\/www.maasco.com.tr\/wp-content\/uploads\/2016\/07\/CE-Approved-6-35-mm-AM-10-Electrical-font-b-Pneumatic-b-font-font-b-Crimping.jpg\",\"width\":445,\"height\":257},{\"@type\":\"BreadcrumbList\",\"@id\":\"https:\/\/www.maasco.com.tr\/pnomatic-sikma-penseleri\/#breadcrumb\",\"itemListElement\":[{\"@type\":\"ListItem\",\"position\":1,\"name\":\"Home\",\"item\":\"https:\/\/www.maasco.com.tr\/\"},{\"@type\":\"ListItem\",\"position\":2,\"name\":\"Pnomat\u0131k S\u0131kma Penseler\u0131\"}]},{\"@type\":\"WebSite\",\"@id\":\"https:\/\/www.maasco.com.tr\/#website\",\"url\":\"https:\/\/www.maasco.com.tr\/\",\"name\":\"maasco Elektrik\",\"description\":\"\",\"potentialAction\":[{\"@type\":\"SearchAction\",\"target\":{\"@type\":\"EntryPoint\",\"urlTemplate\":\"https:\/\/www.maasco.com.tr\/?s={search_term_string}\"},\"query-input\":{\"@type\":\"PropertyValueSpecification\",\"valueRequired\":true,\"valueName\":\"search_term_string\"}}],\"inLanguage\":\"en-US\"}]}<\/script>\n<!-- \/ Yoast SEO plugin. -->","yoast_head_json":{"title":"Pnomat\u0131k S\u0131kma Penseler\u0131 - maasco Elektrik","robots":{"index":"index","follow":"follow","max-snippet":"max-snippet:-1","max-image-preview":"max-image-preview:large","max-video-preview":"max-video-preview:-1"},"canonical":"https:\/\/www.maasco.com.tr\/en\/pnomatic-sikma-penseleri\/","og_locale":"en_US","og_type":"article","og_title":"Pnomat\u0131k S\u0131kma Penseler\u0131 - maasco Elektrik","og_url":"https:\/\/www.maasco.com.tr\/en\/pnomatic-sikma-penseleri\/","og_site_name":"maasco Elektrik","article_modified_time":"2022-04-29T03:40:30+00:00","og_image":[{"width":445,"height":257,"url":"https:\/\/www.maasco.com.tr\/wp-content\/uploads\/2016\/07\/CE-Approved-6-35-mm-AM-10-Electrical-font-b-Pneumatic-b-font-font-b-Crimping.jpg","type":"image\/jpeg"}],"twitter_card":"summary_large_image","twitter_misc":{"Est. reading time":"1 minute"},"schema":{"@context":"https:\/\/schema.org","@graph":[{"@type":"WebPage","@id":"https:\/\/www.maasco.com.tr\/pnomatic-sikma-penseleri\/","url":"https:\/\/www.maasco.com.tr\/pnomatic-sikma-penseleri\/","name":"Pnomat\u0131k S\u0131kma Penseler\u0131 - maasco Elektrik","isPartOf":{"@id":"https:\/\/www.maasco.com.tr\/#website"},"primaryImageOfPage":{"@id":"https:\/\/www.maasco.com.tr\/pnomatic-sikma-penseleri\/#primaryimage"},"image":{"@id":"https:\/\/www.maasco.com.tr\/pnomatic-sikma-penseleri\/#primaryimage"},"thumbnailUrl":"https:\/\/www.maasco.com.tr\/wp-content\/uploads\/2016\/07\/CE-Approved-6-35-mm-AM-10-Electrical-font-b-Pneumatic-b-font-font-b-Crimping.jpg","datePublished":"2016-07-03T11:46:32+00:00","dateModified":"2022-04-29T03:40:30+00:00","breadcrumb":{"@id":"https:\/\/www.maasco.com.tr\/pnomatic-sikma-penseleri\/#breadcrumb"},"inLanguage":"en-US","potentialAction":[{"@type":"ReadAction","target":["https:\/\/www.maasco.com.tr\/pnomatic-sikma-penseleri\/"]}]},{"@type":"ImageObject","inLanguage":"en-US","@id":"https:\/\/www.maasco.com.tr\/pnomatic-sikma-penseleri\/#primaryimage","url":"https:\/\/www.maasco.com.tr\/wp-content\/uploads\/2016\/07\/CE-Approved-6-35-mm-AM-10-Electrical-font-b-Pneumatic-b-font-font-b-Crimping.jpg","contentUrl":"https:\/\/www.maasco.com.tr\/wp-content\/uploads\/2016\/07\/CE-Approved-6-35-mm-AM-10-Electrical-font-b-Pneumatic-b-font-font-b-Crimping.jpg","width":445,"height":257},{"@type":"BreadcrumbList","@id":"https:\/\/www.maasco.com.tr\/pnomatic-sikma-penseleri\/#breadcrumb","itemListElement":[{"@type":"ListItem","position":1,"name":"Home","item":"https:\/\/www.maasco.com.tr\/"},{"@type":"ListItem","position":2,"name":"Pnomat\u0131k S\u0131kma Penseler\u0131"}]},{"@type":"WebSite","@id":"https:\/\/www.maasco.com.tr\/#website","url":"https:\/\/www.maasco.com.tr\/","name":"maasco Elektrik","description":"","potentialAction":[{"@type":"SearchAction","target":{"@type":"EntryPoint","urlTemplate":"https:\/\/www.maasco.com.tr\/?s={search_term_string}"},"query-input":{"@type":"PropertyValueSpecification","valueRequired":true,"valueName":"search_term_string"}}],"inLanguage":"en-US"}]}},"jetpack_sharing_enabled":true,"_links":{"self":[{"href":"https:\/\/www.maasco.com.tr\/en\/wp-json\/wp\/v2\/pages\/2566","targetHints":{"allow":["GET"]}}],"collection":[{"href":"https:\/\/www.maasco.com.tr\/en\/wp-json\/wp\/v2\/pages"}],"about":[{"href":"https:\/\/www.maasco.com.tr\/en\/wp-json\/wp\/v2\/types\/page"}],"author":[{"embeddable":true,"href":"https:\/\/www.maasco.com.tr\/en\/wp-json\/wp\/v2\/users\/1"}],"replies":[{"embeddable":true,"href":"https:\/\/www.maasco.com.tr\/en\/wp-json\/wp\/v2\/comments?post=2566"}],"version-history":[{"count":9,"href":"https:\/\/www.maasco.com.tr\/en\/wp-json\/wp\/v2\/pages\/2566\/revisions"}],"predecessor-version":[{"id":5641,"href":"https:\/\/www.maasco.com.tr\/en\/wp-json\/wp\/v2\/pages\/2566\/revisions\/5641"}],"wp:featuredmedia":[{"embeddable":true,"href":"https:\/\/www.maasco.com.tr\/en\/wp-json\/wp\/v2\/media\/2574"}],"wp:attachment":[{"href":"https:\/\/www.maasco.com.tr\/en\/wp-json\/wp\/v2\/media?parent=2566"}],"curies":[{"name":"wp","href":"https:\/\/api.w.org\/{rel}","templated":true}]}}