{"id":2563,"date":"2016-07-03T11:43:46","date_gmt":"2016-07-03T11:43:46","guid":{"rendered":"http:\/\/www.maasco.com.tr\/?page_id=2563"},"modified":"2019-12-18T09:57:55","modified_gmt":"2019-12-18T09:57:55","slug":"panc-delme-penseleri","status":"publish","type":"page","link":"https:\/\/www.maasco.com.tr\/en\/panc-delme-penseleri\/","title":{"rendered":"Panc Delme"},"content":{"rendered":"<div class=\"wpb-content-wrapper\"><div class=\"vc_row wpb_row vc_row-fluid\"><div class=\"wpb_column vc_column_container vc_col-sm-12\"><div class=\"vc_column-inner\"><div class=\"wpb_wrapper\"><div class=\"vc_separator wpb_content_element vc_separator_align_center vc_sep_width_100 vc_sep_pos_align_center vc_separator_no_text vc_sep_color_white wpb_content_element  wpb_content_element\" ><span class=\"vc_sep_holder vc_sep_holder_l\"><span class=\"vc_sep_line\"><\/span><\/span><span class=\"vc_sep_holder vc_sep_holder_r\"><span class=\"vc_sep_line\"><\/span><\/span>\n<\/div><\/div><\/div><\/div><\/div><div class=\"vc_row wpb_row vc_row-fluid\"><div class=\"wpb_column vc_column_container vc_col-sm-4\"><div class=\"vc_column-inner\"><div class=\"wpb_wrapper\">\n\t<div  class=\"wpb_single_image wpb_content_element vc_align_center wpb_content_element\">\n\t\t\n\t\t<figure class=\"wpb_wrapper vc_figure\">\n\t\t\t<a href=\"http:\/\/www.maasco.com.tr\/en\/syk-15-hidrolik\/\" target=\"_self\" class=\"vc_single_image-wrapper vc_box_rounded  vc_box_border_grey\"><img decoding=\"async\" width=\"150\" height=\"150\" src=\"https:\/\/www.maasco.com.tr\/wp-content\/uploads\/2016\/07\/syk-15-150x150.jpg\" class=\"vc_single_image-img attachment-thumbnail\" alt=\"\" title=\"syk-15\" \/><\/a>\n\t\t<\/figure>\n\t<\/div>\n\n\t<div class=\"wpb_text_column wpb_content_element\" >\n\t\t<div class=\"wpb_wrapper\">\n\t\t\t<p style=\"text-align: center;\"><span style=\"font-family: georgia, palatino, serif; color: #ff6600;\"><a style=\"color: #ff6600;\" href=\"http:\/\/www.maasco.com.tr\/en\/syk-15-hidrolik\/\"><strong><span style=\"font-size: 10pt;\">SYK &#8211; 15 (Pan\u00e7 Delme Pensesi)<\/span><\/strong><\/a><\/span><\/p>\n\n\t\t<\/div>\n\t<\/div>\n<\/div><\/div><\/div><div class=\"wpb_column vc_column_container vc_col-sm-4\"><div class=\"vc_column-inner\"><div class=\"wpb_wrapper\">\n\t<div  class=\"wpb_single_image wpb_content_element vc_align_center wpb_content_element\">\n\t\t\n\t\t<figure class=\"wpb_wrapper vc_figure\">\n\t\t\t<a href=\"http:\/\/www.maasco.com.tr\/en\/wk-8-hidrolik\/\" target=\"_self\" class=\"vc_single_image-wrapper vc_box_rounded  vc_box_border_grey\"><img decoding=\"async\" width=\"150\" height=\"150\" src=\"https:\/\/www.maasco.com.tr\/wp-content\/uploads\/2019\/06\/wk-8-150x150.jpg\" class=\"vc_single_image-img attachment-thumbnail\" alt=\"\" title=\"maasco hidrolik pan\u00e7 delme seti  wk-8\" \/><\/a>\n\t\t<\/figure>\n\t<\/div>\n\n\t<div class=\"wpb_text_column wpb_content_element\" >\n\t\t<div class=\"wpb_wrapper\">\n\t\t\t<p style=\"text-align: center;\"><span style=\"font-size: 10pt; font-family: georgia, palatino, serif; color: #ff6600;\"><strong><a style=\"color: #ff6600;\" href=\"http:\/\/www.maasco.com.tr\/en\/wk-8-hidrolik\/\">WK &#8211; 8 (Hidrolik Pan\u00e7 Delme)<\/a><\/strong><\/span><\/p>\n\n\t\t<\/div>\n\t<\/div>\n<\/div><\/div><\/div><div class=\"wpb_column vc_column_container vc_col-sm-4\"><div class=\"vc_column-inner\"><div class=\"wpb_wrapper\">\n\t<div  class=\"wpb_single_image wpb_content_element vc_align_center wpb_content_element\">\n\t\t\n\t\t<figure class=\"wpb_wrapper vc_figure\">\n\t\t\t<a href=\"http:\/\/www.maasco.com.tr\/en\/tp-8-c-hidrolik\/\" target=\"_self\" class=\"vc_single_image-wrapper vc_box_rounded  vc_box_border_grey\"><img decoding=\"async\" width=\"150\" height=\"150\" src=\"https:\/\/www.maasco.com.tr\/wp-content\/uploads\/2019\/06\/TP-8C-150x150.jpg\" class=\"vc_single_image-img attachment-thumbnail\" alt=\"\" title=\"maasco hidrolik pan\u00e7 delme seti TP-8C\" \/><\/a>\n\t\t<\/figure>\n\t<\/div>\n\n\t<div class=\"wpb_text_column wpb_content_element\" >\n\t\t<div class=\"wpb_wrapper\">\n\t\t\t<p style=\"text-align: center;\"><span style=\"font-family: georgia, palatino, serif; color: #ff6600;\"><a style=\"color: #ff6600;\" href=\"http:\/\/www.maasco.com.tr\/en\/tp-8-c-hidrolik\/\"><strong><span style=\"font-size: 10pt;\">TP &#8211; 8C (Hidrolik Pan\u00e7 Delme)<\/span><\/strong><\/a><\/span><\/p>\n\n\t\t<\/div>\n\t<\/div>\n<\/div><\/div><\/div><\/div><div class=\"vc_row wpb_row vc_row-fluid\"><div class=\"wpb_column vc_column_container vc_col-sm-4\"><div class=\"vc_column-inner\"><div class=\"wpb_wrapper\">\n\t<div  class=\"wpb_single_image wpb_content_element vc_align_center wpb_content_element\">\n\t\t\n\t\t<figure class=\"wpb_wrapper vc_figure\">\n\t\t\t<a href=\"https:\/\/www.maasco.com.tr\/en\/punc-delme-seti\/\" target=\"_self\" class=\"vc_single_image-wrapper vc_box_rounded  vc_box_border_grey\"><img loading=\"lazy\" decoding=\"async\" width=\"150\" height=\"150\" src=\"https:\/\/www.maasco.com.tr\/wp-content\/uploads\/2019\/07\/d144-4-150x150.jpg\" class=\"vc_single_image-img attachment-thumbnail\" alt=\"\" title=\"maasco punch delme seti\" srcset=\"https:\/\/www.maasco.com.tr\/wp-content\/uploads\/2019\/07\/d144-4-150x150.jpg 150w, https:\/\/www.maasco.com.tr\/wp-content\/uploads\/2019\/07\/d144-4-300x300.jpg 300w, https:\/\/www.maasco.com.tr\/wp-content\/uploads\/2019\/07\/d144-4-768x768.jpg 768w, https:\/\/www.maasco.com.tr\/wp-content\/uploads\/2019\/07\/d144-4-1024x1024.jpg 1024w, https:\/\/www.maasco.com.tr\/wp-content\/uploads\/2019\/07\/d144-4.jpg 1600w\" sizes=\"(max-width: 150px) 100vw, 150px\" \/><\/a>\n\t\t<\/figure>\n\t<\/div>\n\n\t<div class=\"wpb_text_column wpb_content_element\" >\n\t\t<div class=\"wpb_wrapper\">\n\t\t\t<p style=\"text-align: center;\"><span style=\"font-family: georgia, palatino, serif; color: #ff6600;\"><a style=\"color: #ff6600;\" href=\"https:\/\/www.maasco.com.tr\/en\/punc-delme-seti\/\"><span style=\"font-size: 10pt;\"><strong>Pun\u00e7 Delme Seti<\/strong><\/span><\/a><\/span><\/p>\n\n\t\t<\/div>\n\t<\/div>\n<\/div><\/div><\/div><div class=\"wpb_column vc_column_container vc_col-sm-4\"><div class=\"vc_column-inner\"><div class=\"wpb_wrapper\">\n\t<div  class=\"wpb_single_image wpb_content_element vc_align_center wpb_content_element\">\n\t\t\n\t\t<figure class=\"wpb_wrapper vc_figure\">\n\t\t\t<a href=\"http:\/\/www.maasco.com.tr\/en\/kare-seklinde-panc-delme\/\" target=\"_self\" class=\"vc_single_image-wrapper vc_box_rounded  vc_box_border_grey\"><img loading=\"lazy\" decoding=\"async\" width=\"150\" height=\"150\" src=\"https:\/\/www.maasco.com.tr\/wp-content\/uploads\/2016\/07\/dikdortgen-panc-delme-150x150.jpg\" class=\"vc_single_image-img attachment-thumbnail\" alt=\"\" title=\"maasco dikdortgen panc delme u\u00e7lar\u0131\" srcset=\"https:\/\/www.maasco.com.tr\/wp-content\/uploads\/2016\/07\/dikdortgen-panc-delme-150x150.jpg 150w, https:\/\/www.maasco.com.tr\/wp-content\/uploads\/2016\/07\/dikdortgen-panc-delme-300x300.jpg 300w, https:\/\/www.maasco.com.tr\/wp-content\/uploads\/2016\/07\/dikdortgen-panc-delme.jpg 742w\" sizes=\"(max-width: 150px) 100vw, 150px\" \/><\/a>\n\t\t<\/figure>\n\t<\/div>\n\n\t<div class=\"wpb_text_column wpb_content_element\" >\n\t\t<div class=\"wpb_wrapper\">\n\t\t\t<p style=\"text-align: center;\"><span style=\"color: #ff6600;\"><strong><span style=\"font-family: georgia, palatino, serif;\"><a style=\"color: #ff6600;\" href=\"http:\/\/www.maasco.com.tr\/en\/kare-seklinde-panc-delme\/\"><span style=\"font-size: 10pt;\">Kare Pan\u00e7 Delme<\/span><\/a><\/span><\/strong><\/span><\/p>\n\n\t\t<\/div>\n\t<\/div>\n<\/div><\/div><\/div><div class=\"wpb_column vc_column_container vc_col-sm-4\"><div class=\"vc_column-inner\"><div class=\"wpb_wrapper\">\n\t<div  class=\"wpb_single_image wpb_content_element vc_align_center wpb_content_element\">\n\t\t\n\t\t<figure class=\"wpb_wrapper vc_figure\">\n\t\t\t<a href=\"http:\/\/www.maasco.com.tr\/en\/civatali-panc-delme-mekanik\/\" target=\"_self\" class=\"vc_single_image-wrapper vc_box_rounded  vc_box_border_grey\"><img loading=\"lazy\" decoding=\"async\" width=\"150\" height=\"150\" src=\"https:\/\/www.maasco.com.tr\/wp-content\/uploads\/2015\/01\/mkamcFKO5t_1caB2CzLal5Q-150x150.jpg\" class=\"vc_single_image-img attachment-thumbnail\" alt=\"\" title=\"mkamcFKO5t_1caB2CzLal5Q\" \/><\/a>\n\t\t<\/figure>\n\t<\/div>\n\n\t<div class=\"wpb_text_column wpb_content_element\" >\n\t\t<div class=\"wpb_wrapper\">\n\t\t\t<p style=\"text-align: center;\"><span style=\"font-family: georgia, palatino, serif; color: #ff6600;\"><a style=\"color: #ff6600;\" href=\"http:\/\/www.maasco.com.tr\/en\/civatali-panc-delme-mekanik\/\"><span style=\"font-size: 10pt;\"><strong>Civatal\u0131 Pan\u00e7 Delme<\/strong><\/span><\/a><\/span><\/p>\n\n\t\t<\/div>\n\t<\/div>\n<\/div><\/div><\/div><\/div><div class=\"vc_row wpb_row vc_row-fluid\"><div class=\"wpb_column vc_column_container vc_col-sm-4\"><div class=\"vc_column-inner\"><div class=\"wpb_wrapper\">\n\t<div  class=\"wpb_single_image wpb_content_element vc_align_center wpb_content_element\">\n\t\t\n\t\t<figure class=\"wpb_wrapper vc_figure\">\n\t\t\t<a href=\"http:\/\/www.maasco.com.tr\/en\/dikdortgen-delme-panclari\/\" target=\"_self\" class=\"vc_single_image-wrapper   vc_box_border_grey\"><img loading=\"lazy\" decoding=\"async\" width=\"150\" height=\"150\" src=\"https:\/\/www.maasco.com.tr\/wp-content\/uploads\/2016\/07\/dikdortgen-panc-delme-150x150.jpg\" class=\"vc_single_image-img attachment-thumbnail\" alt=\"\" title=\"maasco dikdortgen panc delme u\u00e7lar\u0131\" srcset=\"https:\/\/www.maasco.com.tr\/wp-content\/uploads\/2016\/07\/dikdortgen-panc-delme-150x150.jpg 150w, https:\/\/www.maasco.com.tr\/wp-content\/uploads\/2016\/07\/dikdortgen-panc-delme-300x300.jpg 300w, https:\/\/www.maasco.com.tr\/wp-content\/uploads\/2016\/07\/dikdortgen-panc-delme.jpg 742w\" sizes=\"(max-width: 150px) 100vw, 150px\" \/><\/a>\n\t\t<\/figure>\n\t<\/div>\n\n\t<div class=\"wpb_text_column wpb_content_element\" >\n\t\t<div class=\"wpb_wrapper\">\n\t\t\t<p style=\"text-align: center;\"><span style=\"font-size: 10pt; font-family: georgia, palatino, serif; color: #ff6600;\"><strong><a style=\"color: #ff6600;\" href=\"http:\/\/www.maasco.com.tr\/en\/dikdortgen-delme-panclari\/\">Dikd\u00f6rtgen Pan\u00e7 Delme<\/a><\/strong><\/span><\/p>\n\n\t\t<\/div>\n\t<\/div>\n<\/div><\/div><\/div><\/div>\n<\/div>","protected":false},"excerpt":{"rendered":"<p>SYK &#8211; 15 (Pan\u00e7 Delme Pensesi) WK &#8211; 8 (Hidrolik Pan\u00e7 Delme) TP &#8211; 8C (Hidrolik Pan\u00e7 Delme) Pun\u00e7 Delme Seti Kare Pan\u00e7 Delme Civatal\u0131 Pan\u00e7 Delme Dikd\u00f6rtgen Pan\u00e7 Delme<\/p>","protected":false},"author":1,"featured_media":2564,"parent":0,"menu_order":0,"comment_status":"closed","ping_status":"closed","template":"fullpage.php","meta":{"footnotes":""},"class_list":["post-2563","page","type-page","status-publish","has-post-thumbnail","hentry"],"yoast_head":"<!-- This site is optimized with the Yoast SEO plugin v27.2 - https:\/\/yoast.com\/product\/yoast-seo-wordpress\/ -->\n<title>Panc Delme - maasco Elektrik<\/title>\n<meta name=\"robots\" content=\"index, follow, max-snippet:-1, max-image-preview:large, max-video-preview:-1\" \/>\n<link rel=\"canonical\" href=\"https:\/\/www.maasco.com.tr\/en\/panc-delme-penseleri\/\" \/>\n<meta property=\"og:locale\" content=\"en_US\" \/>\n<meta property=\"og:type\" content=\"article\" \/>\n<meta property=\"og:title\" content=\"Panc Delme - maasco Elektrik\" \/>\n<meta property=\"og:url\" content=\"https:\/\/www.maasco.com.tr\/en\/panc-delme-penseleri\/\" \/>\n<meta property=\"og:site_name\" content=\"maasco Elektrik\" \/>\n<meta property=\"article:modified_time\" content=\"2019-12-18T09:57:55+00:00\" \/>\n<meta property=\"og:image\" content=\"https:\/\/www.maasco.com.tr\/wp-content\/uploads\/2016\/07\/2016-07-03_14-13-31.jpg\" \/>\n\t<meta property=\"og:image:width\" content=\"551\" \/>\n\t<meta property=\"og:image:height\" content=\"343\" \/>\n\t<meta property=\"og:image:type\" content=\"image\/jpeg\" \/>\n<meta name=\"twitter:card\" content=\"summary_large_image\" \/>\n<meta name=\"twitter:label1\" content=\"Est. reading time\" \/>\n\t<meta name=\"twitter:data1\" content=\"1 minute\" \/>\n<script type=\"application\/ld+json\" class=\"yoast-schema-graph\">{\"@context\":\"https:\/\/schema.org\",\"@graph\":[{\"@type\":\"WebPage\",\"@id\":\"https:\/\/www.maasco.com.tr\/en\/panc-delme-penseleri\/\",\"url\":\"https:\/\/www.maasco.com.tr\/en\/panc-delme-penseleri\/\",\"name\":\"Panc Delme - maasco Elektrik\",\"isPartOf\":{\"@id\":\"https:\/\/www.maasco.com.tr\/#website\"},\"primaryImageOfPage\":{\"@id\":\"https:\/\/www.maasco.com.tr\/en\/panc-delme-penseleri\/#primaryimage\"},\"image\":{\"@id\":\"https:\/\/www.maasco.com.tr\/en\/panc-delme-penseleri\/#primaryimage\"},\"thumbnailUrl\":\"https:\/\/www.maasco.com.tr\/wp-content\/uploads\/2016\/07\/2016-07-03_14-13-31.jpg\",\"datePublished\":\"2016-07-03T11:43:46+00:00\",\"dateModified\":\"2019-12-18T09:57:55+00:00\",\"breadcrumb\":{\"@id\":\"https:\/\/www.maasco.com.tr\/en\/panc-delme-penseleri\/#breadcrumb\"},\"inLanguage\":\"en-US\",\"potentialAction\":[{\"@type\":\"ReadAction\",\"target\":[\"https:\/\/www.maasco.com.tr\/en\/panc-delme-penseleri\/\"]}]},{\"@type\":\"ImageObject\",\"inLanguage\":\"en-US\",\"@id\":\"https:\/\/www.maasco.com.tr\/en\/panc-delme-penseleri\/#primaryimage\",\"url\":\"https:\/\/www.maasco.com.tr\/wp-content\/uploads\/2016\/07\/2016-07-03_14-13-31.jpg\",\"contentUrl\":\"https:\/\/www.maasco.com.tr\/wp-content\/uploads\/2016\/07\/2016-07-03_14-13-31.jpg\",\"width\":551,\"height\":343,\"caption\":\"Ak\u00fcl\u00fc Pun\u00e7 Delme\"},{\"@type\":\"BreadcrumbList\",\"@id\":\"https:\/\/www.maasco.com.tr\/en\/panc-delme-penseleri\/#breadcrumb\",\"itemListElement\":[{\"@type\":\"ListItem\",\"position\":1,\"name\":\"Home\",\"item\":\"https:\/\/www.maasco.com.tr\/\"},{\"@type\":\"ListItem\",\"position\":2,\"name\":\"Panc Delme\"}]},{\"@type\":\"WebSite\",\"@id\":\"https:\/\/www.maasco.com.tr\/#website\",\"url\":\"https:\/\/www.maasco.com.tr\/\",\"name\":\"maasco Elektrik\",\"description\":\"\",\"potentialAction\":[{\"@type\":\"SearchAction\",\"target\":{\"@type\":\"EntryPoint\",\"urlTemplate\":\"https:\/\/www.maasco.com.tr\/?s={search_term_string}\"},\"query-input\":{\"@type\":\"PropertyValueSpecification\",\"valueRequired\":true,\"valueName\":\"search_term_string\"}}],\"inLanguage\":\"en-US\"}]}<\/script>\n<!-- \/ Yoast SEO plugin. -->","yoast_head_json":{"title":"Panc Delme - maasco Elektrik","robots":{"index":"index","follow":"follow","max-snippet":"max-snippet:-1","max-image-preview":"max-image-preview:large","max-video-preview":"max-video-preview:-1"},"canonical":"https:\/\/www.maasco.com.tr\/en\/panc-delme-penseleri\/","og_locale":"en_US","og_type":"article","og_title":"Panc Delme - maasco Elektrik","og_url":"https:\/\/www.maasco.com.tr\/en\/panc-delme-penseleri\/","og_site_name":"maasco Elektrik","article_modified_time":"2019-12-18T09:57:55+00:00","og_image":[{"width":551,"height":343,"url":"https:\/\/www.maasco.com.tr\/wp-content\/uploads\/2016\/07\/2016-07-03_14-13-31.jpg","type":"image\/jpeg"}],"twitter_card":"summary_large_image","twitter_misc":{"Est. reading time":"1 minute"},"schema":{"@context":"https:\/\/schema.org","@graph":[{"@type":"WebPage","@id":"https:\/\/www.maasco.com.tr\/en\/panc-delme-penseleri\/","url":"https:\/\/www.maasco.com.tr\/en\/panc-delme-penseleri\/","name":"Panc Delme - maasco Elektrik","isPartOf":{"@id":"https:\/\/www.maasco.com.tr\/#website"},"primaryImageOfPage":{"@id":"https:\/\/www.maasco.com.tr\/en\/panc-delme-penseleri\/#primaryimage"},"image":{"@id":"https:\/\/www.maasco.com.tr\/en\/panc-delme-penseleri\/#primaryimage"},"thumbnailUrl":"https:\/\/www.maasco.com.tr\/wp-content\/uploads\/2016\/07\/2016-07-03_14-13-31.jpg","datePublished":"2016-07-03T11:43:46+00:00","dateModified":"2019-12-18T09:57:55+00:00","breadcrumb":{"@id":"https:\/\/www.maasco.com.tr\/en\/panc-delme-penseleri\/#breadcrumb"},"inLanguage":"en-US","potentialAction":[{"@type":"ReadAction","target":["https:\/\/www.maasco.com.tr\/en\/panc-delme-penseleri\/"]}]},{"@type":"ImageObject","inLanguage":"en-US","@id":"https:\/\/www.maasco.com.tr\/en\/panc-delme-penseleri\/#primaryimage","url":"https:\/\/www.maasco.com.tr\/wp-content\/uploads\/2016\/07\/2016-07-03_14-13-31.jpg","contentUrl":"https:\/\/www.maasco.com.tr\/wp-content\/uploads\/2016\/07\/2016-07-03_14-13-31.jpg","width":551,"height":343,"caption":"Ak\u00fcl\u00fc Pun\u00e7 Delme"},{"@type":"BreadcrumbList","@id":"https:\/\/www.maasco.com.tr\/en\/panc-delme-penseleri\/#breadcrumb","itemListElement":[{"@type":"ListItem","position":1,"name":"Home","item":"https:\/\/www.maasco.com.tr\/"},{"@type":"ListItem","position":2,"name":"Panc Delme"}]},{"@type":"WebSite","@id":"https:\/\/www.maasco.com.tr\/#website","url":"https:\/\/www.maasco.com.tr\/","name":"maasco Elektrik","description":"","potentialAction":[{"@type":"SearchAction","target":{"@type":"EntryPoint","urlTemplate":"https:\/\/www.maasco.com.tr\/?s={search_term_string}"},"query-input":{"@type":"PropertyValueSpecification","valueRequired":true,"valueName":"search_term_string"}}],"inLanguage":"en-US"}]}},"jetpack_sharing_enabled":true,"_links":{"self":[{"href":"https:\/\/www.maasco.com.tr\/en\/wp-json\/wp\/v2\/pages\/2563","targetHints":{"allow":["GET"]}}],"collection":[{"href":"https:\/\/www.maasco.com.tr\/en\/wp-json\/wp\/v2\/pages"}],"about":[{"href":"https:\/\/www.maasco.com.tr\/en\/wp-json\/wp\/v2\/types\/page"}],"author":[{"embeddable":true,"href":"https:\/\/www.maasco.com.tr\/en\/wp-json\/wp\/v2\/users\/1"}],"replies":[{"embeddable":true,"href":"https:\/\/www.maasco.com.tr\/en\/wp-json\/wp\/v2\/comments?post=2563"}],"version-history":[{"count":12,"href":"https:\/\/www.maasco.com.tr\/en\/wp-json\/wp\/v2\/pages\/2563\/revisions"}],"predecessor-version":[{"id":5012,"href":"https:\/\/www.maasco.com.tr\/en\/wp-json\/wp\/v2\/pages\/2563\/revisions\/5012"}],"wp:featuredmedia":[{"embeddable":true,"href":"https:\/\/www.maasco.com.tr\/en\/wp-json\/wp\/v2\/media\/2564"}],"wp:attachment":[{"href":"https:\/\/www.maasco.com.tr\/en\/wp-json\/wp\/v2\/media?parent=2563"}],"curies":[{"name":"wp","href":"https:\/\/api.w.org\/{rel}","templated":true}]}}