{"id":2558,"date":"2016-07-03T11:42:58","date_gmt":"2016-07-03T11:42:58","guid":{"rendered":"http:\/\/www.maasco.com.tr\/?page_id=2558"},"modified":"2017-12-30T12:43:33","modified_gmt":"2017-12-30T12:43:33","slug":"pabuc-sikma-penseleri","status":"publish","type":"page","link":"https:\/\/www.maasco.com.tr\/en\/pabuc-sikma-penseleri\/","title":{"rendered":"Cable Lugs Crimping Tools"},"content":{"rendered":"<div class=\"wpb-content-wrapper\"><div class=\"vc_row wpb_row vc_row-fluid\"><div class=\"wpb_column vc_column_container vc_col-sm-12\"><div class=\"vc_column-inner\"><div class=\"wpb_wrapper\"><div class=\"vc_separator wpb_content_element vc_separator_align_center vc_sep_width_100 vc_sep_pos_align_center vc_separator_no_text vc_sep_color_white wpb_content_element  wpb_content_element\" ><span class=\"vc_sep_holder vc_sep_holder_l\"><span class=\"vc_sep_line\"><\/span><\/span><span class=\"vc_sep_holder vc_sep_holder_r\"><span class=\"vc_sep_line\"><\/span><\/span>\n<\/div><\/div><\/div><\/div><\/div><div class=\"vc_row wpb_row vc_row-fluid\"><div class=\"wpb_column vc_column_container vc_col-sm-4\"><div class=\"vc_column-inner\"><div class=\"wpb_wrapper\">\n\t<div  class=\"wpb_single_image wpb_content_element vc_align_center wpb_content_element\">\n\t\t\n\t\t<figure class=\"wpb_wrapper vc_figure\">\n\t\t\t<a href=\"http:\/\/www.maasco.com.tr\/en\/akulu-sikma-penseleri\/\" target=\"_self\" class=\"vc_single_image-wrapper vc_box_rounded  vc_box_border_grey\"><img decoding=\"async\" width=\"150\" height=\"150\" src=\"https:\/\/www.maasco.com.tr\/wp-content\/uploads\/2016\/07\/2016-07-03_14-14-01-150x150.jpg\" class=\"vc_single_image-img attachment-thumbnail\" alt=\"\" title=\"maasco akulu pabuc sikma\" \/><\/a>\n\t\t<\/figure>\n\t<\/div>\n\n\t<div class=\"wpb_text_column wpb_content_element\" >\n\t\t<div class=\"wpb_wrapper\">\n\t\t\t<p style=\"text-align: center;\"><span style=\"font-size: 10pt; font-family: georgia, palatino, serif; color: #ff6600;\"><a style=\"color: #ff6600;\" href=\"http:\/\/www.maasco.com.tr\/en\/akulu-sikma-penseleri\/\"><strong>Battery Crimping Tools<\/strong><\/a><\/span><\/p>\n\n\t\t<\/div>\n\t<\/div>\n<\/div><\/div><\/div><div class=\"wpb_column vc_column_container vc_col-sm-4\"><div class=\"vc_column-inner\"><div class=\"wpb_wrapper\">\n\t<div  class=\"wpb_single_image wpb_content_element vc_align_center wpb_content_element\">\n\t\t\n\t\t<figure class=\"wpb_wrapper vc_figure\">\n\t\t\t<a href=\"http:\/\/www.maasco.com.tr\/en\/hidrolik-sikma-penseleri\/\" target=\"_self\" class=\"vc_single_image-wrapper vc_box_rounded  vc_box_border_grey\"><img decoding=\"async\" width=\"150\" height=\"150\" src=\"https:\/\/www.maasco.com.tr\/wp-content\/uploads\/2016\/07\/02-hydraulic-crimper_HK1232_app-closeup-150x150.jpg\" class=\"vc_single_image-img attachment-thumbnail\" alt=\"\" title=\"hidrolik maasco penseler\" srcset=\"https:\/\/www.maasco.com.tr\/wp-content\/uploads\/2016\/07\/02-hydraulic-crimper_HK1232_app-closeup-150x150.jpg 150w, https:\/\/www.maasco.com.tr\/wp-content\/uploads\/2016\/07\/02-hydraulic-crimper_HK1232_app-closeup-300x300.jpg 300w, https:\/\/www.maasco.com.tr\/wp-content\/uploads\/2016\/07\/02-hydraulic-crimper_HK1232_app-closeup.jpg 500w\" sizes=\"(max-width: 150px) 100vw, 150px\" \/><\/a>\n\t\t<\/figure>\n\t<\/div>\n\n\t<div class=\"wpb_text_column wpb_content_element\" >\n\t\t<div class=\"wpb_wrapper\">\n\t\t\t<p style=\"text-align: center;\"><span style=\"font-family: georgia, palatino, serif; color: #ff6600;\"><a style=\"color: #ff6600;\" href=\"http:\/\/www.maasco.com.tr\/en\/hidrolik-sikma-penseleri\/\"><span style=\"font-size: 10pt;\"><strong>Hydraulic Crimping Tools<\/strong><\/span><\/a><\/span><\/p>\n\n\t\t<\/div>\n\t<\/div>\n<\/div><\/div><\/div><div class=\"wpb_column vc_column_container vc_col-sm-4\"><div class=\"vc_column-inner\"><div class=\"wpb_wrapper\">\n\t<div  class=\"wpb_single_image wpb_content_element vc_align_center wpb_content_element\">\n\t\t\n\t\t<figure class=\"wpb_wrapper vc_figure\">\n\t\t\t<a href=\"http:\/\/www.maasco.com.tr\/en\/mekanik-sikma-penseleri\/\" target=\"_self\" class=\"vc_single_image-wrapper vc_box_rounded  vc_box_border_grey\"><img decoding=\"async\" width=\"150\" height=\"150\" src=\"https:\/\/www.maasco.com.tr\/wp-content\/uploads\/2016\/07\/Heavy-duty-font-b-cable-b-font-font-b-lug-b-font-crimping-tool-LX-245B-150x150.jpg\" class=\"vc_single_image-img attachment-thumbnail\" alt=\"\" title=\"Mekanik Pabuc sikma\" \/><\/a>\n\t\t<\/figure>\n\t<\/div>\n\n\t<div class=\"wpb_text_column wpb_content_element\" >\n\t\t<div class=\"wpb_wrapper\">\n\t\t\t<p style=\"text-align: center;\"><span style=\"font-family: georgia, palatino, serif; color: #ff6600;\"><a style=\"color: #ff6600;\" href=\"http:\/\/www.maasco.com.tr\/en\/mekanik-sikma-penseleri\/\"><span style=\"font-size: 10pt;\"><strong>Manuel Crimping Tools<\/strong><\/span><\/a><\/span><\/p>\n\n\t\t<\/div>\n\t<\/div>\n<\/div><\/div><\/div><\/div><div class=\"vc_row wpb_row vc_row-fluid\"><div class=\"wpb_column vc_column_container vc_col-sm-4\"><div class=\"vc_column-inner\"><div class=\"wpb_wrapper\">\n\t<div  class=\"wpb_single_image wpb_content_element vc_align_center wpb_content_element\">\n\t\t\n\t\t<figure class=\"wpb_wrapper vc_figure\">\n\t\t\t<a href=\"http:\/\/www.maasco.com.tr\/en\/sikma-kafalari\/\" target=\"_self\" class=\"vc_single_image-wrapper vc_box_rounded  vc_box_border_grey\"><img loading=\"lazy\" decoding=\"async\" width=\"150\" height=\"150\" src=\"https:\/\/www.maasco.com.tr\/wp-content\/uploads\/2016\/07\/Hydraulic-Crimping-Tool-Heads-for-Work-Bench-Mounting-150x150.jpg\" class=\"vc_single_image-img attachment-thumbnail\" alt=\"\" title=\"pabuc sikma kafasi\" srcset=\"https:\/\/www.maasco.com.tr\/wp-content\/uploads\/2016\/07\/Hydraulic-Crimping-Tool-Heads-for-Work-Bench-Mounting-150x150.jpg 150w, https:\/\/www.maasco.com.tr\/wp-content\/uploads\/2016\/07\/Hydraulic-Crimping-Tool-Heads-for-Work-Bench-Mounting.jpg 300w\" sizes=\"(max-width: 150px) 100vw, 150px\" \/><\/a>\n\t\t<\/figure>\n\t<\/div>\n\n\t<div class=\"wpb_text_column wpb_content_element\" >\n\t\t<div class=\"wpb_wrapper\">\n\t\t\t<p style=\"text-align: center;\"><span style=\"font-family: georgia, palatino, serif; color: #ff6600;\"><a style=\"color: #ff6600;\" href=\"http:\/\/www.maasco.com.tr\/en\/sikma-kafalari\/\"><span style=\"font-size: 10pt;\"><strong>Head Crimping Tools<\/strong><\/span><\/a><\/span><\/p>\n\n\t\t<\/div>\n\t<\/div>\n<\/div><\/div><\/div><div class=\"wpb_column vc_column_container vc_col-sm-4\"><div class=\"vc_column-inner\"><div class=\"wpb_wrapper\">\n\t<div  class=\"wpb_single_image wpb_content_element vc_align_center wpb_content_element\">\n\t\t\n\t\t<figure class=\"wpb_wrapper vc_figure\">\n\t\t\t<a href=\"http:\/\/www.maasco.com.tr\/en\/skp-sikma-el-penseleri\/\" target=\"_self\" class=\"vc_single_image-wrapper vc_box_rounded  vc_box_border_grey\"><img loading=\"lazy\" decoding=\"async\" width=\"150\" height=\"150\" src=\"https:\/\/www.maasco.com.tr\/wp-content\/uploads\/2016\/07\/Cable-Crimper-Anderson-Plug-Lug-Battery-Non-Inslated-Crimping-Tool-WLT-87984-150x150.jpg\" class=\"vc_single_image-img attachment-thumbnail\" alt=\"\" title=\"mekanik el penseleri maasco\" srcset=\"https:\/\/www.maasco.com.tr\/wp-content\/uploads\/2016\/07\/Cable-Crimper-Anderson-Plug-Lug-Battery-Non-Inslated-Crimping-Tool-WLT-87984-150x150.jpg 150w, https:\/\/www.maasco.com.tr\/wp-content\/uploads\/2016\/07\/Cable-Crimper-Anderson-Plug-Lug-Battery-Non-Inslated-Crimping-Tool-WLT-87984-300x300.jpg 300w, https:\/\/www.maasco.com.tr\/wp-content\/uploads\/2016\/07\/Cable-Crimper-Anderson-Plug-Lug-Battery-Non-Inslated-Crimping-Tool-WLT-87984.jpg 500w\" sizes=\"(max-width: 150px) 100vw, 150px\" \/><\/a>\n\t\t<\/figure>\n\t<\/div>\n\n\t<div class=\"wpb_text_column wpb_content_element\" >\n\t\t<div class=\"wpb_wrapper\">\n\t\t\t<p style=\"text-align: center;\"><span style=\"font-family: georgia, palatino, serif; color: #ff6600;\"><a style=\"color: #ff6600;\" href=\"http:\/\/www.maasco.com.tr\/en\/skp-sikma-el-penseleri\/\"><span style=\"font-size: 10pt;\"><strong>Hand Crimping Tools<\/strong><\/span><\/a><\/span><\/p>\n\n\t\t<\/div>\n\t<\/div>\n<\/div><\/div><\/div><\/div>\n<\/div>","protected":false},"excerpt":{"rendered":"<p>Ak\u00fcl\u00fc Pabu\u00e7 S\u0131kma Penseleri Hidrolik Pabu\u00e7 S\u0131kma Penseleri Mekan\u0131k Pabu\u00e7 S\u0131kma Penseleri Pabu\u00e7 S\u0131kma Kafalar\u0131 Pabu\u00e7 S\u0131kma El-Penseleri<\/p>","protected":false},"author":1,"featured_media":2560,"parent":0,"menu_order":0,"comment_status":"closed","ping_status":"closed","template":"fullpage.php","meta":{"footnotes":""},"class_list":["post-2558","page","type-page","status-publish","has-post-thumbnail","hentry"],"yoast_head":"<!-- This site is optimized with the Yoast SEO plugin v27.2 - https:\/\/yoast.com\/product\/yoast-seo-wordpress\/ -->\n<title>Pabuc Sikma Penseleri - maasco Elektrik<\/title>\n<meta name=\"robots\" content=\"index, follow, max-snippet:-1, max-image-preview:large, max-video-preview:-1\" \/>\n<link rel=\"canonical\" href=\"https:\/\/www.maasco.com.tr\/en\/pabuc-sikma-penseleri\/\" \/>\n<meta property=\"og:locale\" content=\"en_US\" \/>\n<meta property=\"og:type\" content=\"article\" \/>\n<meta property=\"og:title\" content=\"Pabuc Sikma Penseleri - maasco Elektrik\" \/>\n<meta property=\"og:url\" content=\"https:\/\/www.maasco.com.tr\/en\/pabuc-sikma-penseleri\/\" \/>\n<meta property=\"og:site_name\" content=\"maasco Elektrik\" \/>\n<meta property=\"article:modified_time\" content=\"2017-12-30T12:43:33+00:00\" \/>\n<meta property=\"og:image\" content=\"https:\/\/www.maasco.com.tr\/wp-content\/uploads\/2016\/07\/2016-07-03_14-14-01.jpg\" \/>\n\t<meta property=\"og:image:width\" content=\"672\" \/>\n\t<meta property=\"og:image:height\" content=\"407\" \/>\n\t<meta property=\"og:image:type\" content=\"image\/jpeg\" \/>\n<meta name=\"twitter:card\" content=\"summary_large_image\" \/>\n<meta name=\"twitter:label1\" content=\"Est. reading time\" \/>\n\t<meta name=\"twitter:data1\" content=\"1 minute\" \/>\n<script type=\"application\/ld+json\" class=\"yoast-schema-graph\">{\"@context\":\"https:\/\/schema.org\",\"@graph\":[{\"@type\":\"WebPage\",\"@id\":\"https:\/\/www.maasco.com.tr\/pabuc-sikma-penseleri\/\",\"url\":\"https:\/\/www.maasco.com.tr\/pabuc-sikma-penseleri\/\",\"name\":\"Pabuc Sikma Penseleri - maasco Elektrik\",\"isPartOf\":{\"@id\":\"https:\/\/www.maasco.com.tr\/#website\"},\"primaryImageOfPage\":{\"@id\":\"https:\/\/www.maasco.com.tr\/pabuc-sikma-penseleri\/#primaryimage\"},\"image\":{\"@id\":\"https:\/\/www.maasco.com.tr\/pabuc-sikma-penseleri\/#primaryimage\"},\"thumbnailUrl\":\"https:\/\/www.maasco.com.tr\/wp-content\/uploads\/2016\/07\/2016-07-03_14-14-01.jpg\",\"datePublished\":\"2016-07-03T11:42:58+00:00\",\"dateModified\":\"2017-12-30T12:43:33+00:00\",\"breadcrumb\":{\"@id\":\"https:\/\/www.maasco.com.tr\/pabuc-sikma-penseleri\/#breadcrumb\"},\"inLanguage\":\"en-US\",\"potentialAction\":[{\"@type\":\"ReadAction\",\"target\":[\"https:\/\/www.maasco.com.tr\/pabuc-sikma-penseleri\/\"]}]},{\"@type\":\"ImageObject\",\"inLanguage\":\"en-US\",\"@id\":\"https:\/\/www.maasco.com.tr\/pabuc-sikma-penseleri\/#primaryimage\",\"url\":\"https:\/\/www.maasco.com.tr\/wp-content\/uploads\/2016\/07\/2016-07-03_14-14-01.jpg\",\"contentUrl\":\"https:\/\/www.maasco.com.tr\/wp-content\/uploads\/2016\/07\/2016-07-03_14-14-01.jpg\",\"width\":672,\"height\":407,\"caption\":\"Ak\u00fcl\u00fc S\u0131kma Pensesi\"},{\"@type\":\"BreadcrumbList\",\"@id\":\"https:\/\/www.maasco.com.tr\/pabuc-sikma-penseleri\/#breadcrumb\",\"itemListElement\":[{\"@type\":\"ListItem\",\"position\":1,\"name\":\"Home\",\"item\":\"https:\/\/www.maasco.com.tr\/\"},{\"@type\":\"ListItem\",\"position\":2,\"name\":\"Pabuc Sikma Penseleri\"}]},{\"@type\":\"WebSite\",\"@id\":\"https:\/\/www.maasco.com.tr\/#website\",\"url\":\"https:\/\/www.maasco.com.tr\/\",\"name\":\"maasco Elektrik\",\"description\":\"\",\"potentialAction\":[{\"@type\":\"SearchAction\",\"target\":{\"@type\":\"EntryPoint\",\"urlTemplate\":\"https:\/\/www.maasco.com.tr\/?s={search_term_string}\"},\"query-input\":{\"@type\":\"PropertyValueSpecification\",\"valueRequired\":true,\"valueName\":\"search_term_string\"}}],\"inLanguage\":\"en-US\"}]}<\/script>\n<!-- \/ Yoast SEO plugin. -->","yoast_head_json":{"title":"Pabuc Sikma Penseleri - maasco Elektrik","robots":{"index":"index","follow":"follow","max-snippet":"max-snippet:-1","max-image-preview":"max-image-preview:large","max-video-preview":"max-video-preview:-1"},"canonical":"https:\/\/www.maasco.com.tr\/en\/pabuc-sikma-penseleri\/","og_locale":"en_US","og_type":"article","og_title":"Pabuc Sikma Penseleri - maasco Elektrik","og_url":"https:\/\/www.maasco.com.tr\/en\/pabuc-sikma-penseleri\/","og_site_name":"maasco Elektrik","article_modified_time":"2017-12-30T12:43:33+00:00","og_image":[{"width":672,"height":407,"url":"https:\/\/www.maasco.com.tr\/wp-content\/uploads\/2016\/07\/2016-07-03_14-14-01.jpg","type":"image\/jpeg"}],"twitter_card":"summary_large_image","twitter_misc":{"Est. reading time":"1 minute"},"schema":{"@context":"https:\/\/schema.org","@graph":[{"@type":"WebPage","@id":"https:\/\/www.maasco.com.tr\/pabuc-sikma-penseleri\/","url":"https:\/\/www.maasco.com.tr\/pabuc-sikma-penseleri\/","name":"Pabuc Sikma Penseleri - maasco Elektrik","isPartOf":{"@id":"https:\/\/www.maasco.com.tr\/#website"},"primaryImageOfPage":{"@id":"https:\/\/www.maasco.com.tr\/pabuc-sikma-penseleri\/#primaryimage"},"image":{"@id":"https:\/\/www.maasco.com.tr\/pabuc-sikma-penseleri\/#primaryimage"},"thumbnailUrl":"https:\/\/www.maasco.com.tr\/wp-content\/uploads\/2016\/07\/2016-07-03_14-14-01.jpg","datePublished":"2016-07-03T11:42:58+00:00","dateModified":"2017-12-30T12:43:33+00:00","breadcrumb":{"@id":"https:\/\/www.maasco.com.tr\/pabuc-sikma-penseleri\/#breadcrumb"},"inLanguage":"en-US","potentialAction":[{"@type":"ReadAction","target":["https:\/\/www.maasco.com.tr\/pabuc-sikma-penseleri\/"]}]},{"@type":"ImageObject","inLanguage":"en-US","@id":"https:\/\/www.maasco.com.tr\/pabuc-sikma-penseleri\/#primaryimage","url":"https:\/\/www.maasco.com.tr\/wp-content\/uploads\/2016\/07\/2016-07-03_14-14-01.jpg","contentUrl":"https:\/\/www.maasco.com.tr\/wp-content\/uploads\/2016\/07\/2016-07-03_14-14-01.jpg","width":672,"height":407,"caption":"Ak\u00fcl\u00fc S\u0131kma Pensesi"},{"@type":"BreadcrumbList","@id":"https:\/\/www.maasco.com.tr\/pabuc-sikma-penseleri\/#breadcrumb","itemListElement":[{"@type":"ListItem","position":1,"name":"Home","item":"https:\/\/www.maasco.com.tr\/"},{"@type":"ListItem","position":2,"name":"Pabuc Sikma Penseleri"}]},{"@type":"WebSite","@id":"https:\/\/www.maasco.com.tr\/#website","url":"https:\/\/www.maasco.com.tr\/","name":"maasco Elektrik","description":"","potentialAction":[{"@type":"SearchAction","target":{"@type":"EntryPoint","urlTemplate":"https:\/\/www.maasco.com.tr\/?s={search_term_string}"},"query-input":{"@type":"PropertyValueSpecification","valueRequired":true,"valueName":"search_term_string"}}],"inLanguage":"en-US"}]}},"jetpack_sharing_enabled":true,"_links":{"self":[{"href":"https:\/\/www.maasco.com.tr\/en\/wp-json\/wp\/v2\/pages\/2558","targetHints":{"allow":["GET"]}}],"collection":[{"href":"https:\/\/www.maasco.com.tr\/en\/wp-json\/wp\/v2\/pages"}],"about":[{"href":"https:\/\/www.maasco.com.tr\/en\/wp-json\/wp\/v2\/types\/page"}],"author":[{"embeddable":true,"href":"https:\/\/www.maasco.com.tr\/en\/wp-json\/wp\/v2\/users\/1"}],"replies":[{"embeddable":true,"href":"https:\/\/www.maasco.com.tr\/en\/wp-json\/wp\/v2\/comments?post=2558"}],"version-history":[{"count":10,"href":"https:\/\/www.maasco.com.tr\/en\/wp-json\/wp\/v2\/pages\/2558\/revisions"}],"predecessor-version":[{"id":4443,"href":"https:\/\/www.maasco.com.tr\/en\/wp-json\/wp\/v2\/pages\/2558\/revisions\/4443"}],"wp:featuredmedia":[{"embeddable":true,"href":"https:\/\/www.maasco.com.tr\/en\/wp-json\/wp\/v2\/media\/2560"}],"wp:attachment":[{"href":"https:\/\/www.maasco.com.tr\/en\/wp-json\/wp\/v2\/media?parent=2558"}],"curies":[{"name":"wp","href":"https:\/\/api.w.org\/{rel}","templated":true}]}}