{"id":2476,"date":"2016-07-03T07:00:49","date_gmt":"2016-07-03T07:00:49","guid":{"rendered":"http:\/\/www.maasco.com.tr\/?page_id=2476"},"modified":"2022-04-29T03:46:26","modified_gmt":"2022-04-29T03:46:26","slug":"yuksuk-sikma-el-penseleri","status":"publish","type":"page","link":"https:\/\/www.maasco.com.tr\/en\/yuksuk-sikma-el-penseleri\/","title":{"rendered":"Yuksuk S\u0131kma El-Penseler\u0131"},"content":{"rendered":"<div class=\"wpb-content-wrapper\"><div class=\"vc_row wpb_row vc_row-fluid\"><div class=\"wpb_column vc_column_container vc_col-sm-12\"><div class=\"vc_column-inner\"><div class=\"wpb_wrapper\"><div class=\"vc_separator wpb_content_element vc_separator_align_center vc_sep_width_100 vc_sep_pos_align_center vc_separator_no_text vc_sep_color_white wpb_content_element  wpb_content_element\" ><span class=\"vc_sep_holder vc_sep_holder_l\"><span class=\"vc_sep_line\"><\/span><\/span><span class=\"vc_sep_holder vc_sep_holder_r\"><span class=\"vc_sep_line\"><\/span><\/span>\n<\/div><\/div><\/div><\/div><\/div><div class=\"vc_row wpb_row vc_row-fluid\"><div class=\"wpb_column vc_column_container vc_col-sm-4\"><div class=\"vc_column-inner\"><div class=\"wpb_wrapper\">\n\t<div  class=\"wpb_single_image wpb_content_element vc_align_center wpb_content_element\">\n\t\t\n\t\t<figure class=\"wpb_wrapper vc_figure\">\n\t\t\t<a href=\"http:\/\/www.maasco.com.tr\/en\/fsb-056-gt-yuksuk-sikma-pensesi\/\" target=\"_self\" class=\"vc_single_image-wrapper vc_box_rounded  vc_box_border_grey\"><img decoding=\"async\" width=\"150\" height=\"150\" src=\"https:\/\/www.maasco.com.tr\/wp-content\/uploads\/2016\/07\/FSB-056GT-yuksuk-sikma-pensesi-150x150.jpg\" class=\"vc_single_image-img attachment-thumbnail\" alt=\"\" title=\"FSB-056GT maasco yuksuk sikma pensesi\" \/><\/a>\n\t\t<\/figure>\n\t<\/div>\n\n\t<div class=\"wpb_text_column wpb_content_element\" >\n\t\t<div class=\"wpb_wrapper\">\n\t\t\t<p style=\"text-align: center;\"><span style=\"font-family: georgia, palatino, serif; color: #ff6600;\"><a style=\"color: #ff6600;\" href=\"http:\/\/www.maasco.com.tr\/en\/fsb-056-gt-yuksuk-sikma-pensesi\/\"><span style=\"font-size: 10pt;\"><strong>FSB &#8211; 056GT (Y\u00fcks\u00fck S\u0131kma Pensesi 0.5-6 mm\u00b2)<\/strong><\/span><\/a><\/span><\/p>\n\n\t\t<\/div>\n\t<\/div>\n<\/div><\/div><\/div><div class=\"wpb_column vc_column_container vc_col-sm-4\"><div class=\"vc_column-inner\"><div class=\"wpb_wrapper\">\n\t<div  class=\"wpb_single_image wpb_content_element vc_align_center wpb_content_element\">\n\t\t\n\t\t<figure class=\"wpb_wrapper vc_figure\">\n\t\t\t<a href=\"http:\/\/www.maasco.com.tr\/en\/am-10-elektrikli-yuksuk-sikma\/\" target=\"_self\" class=\"vc_single_image-wrapper vc_box_rounded  vc_box_border_grey\"><img decoding=\"async\" width=\"150\" height=\"150\" src=\"https:\/\/www.maasco.com.tr\/wp-content\/uploads\/2017\/11\/maasco-AM-10-Pnaumatic-crimping-tool-150x150.jpg\" class=\"vc_single_image-img attachment-thumbnail\" alt=\"\" title=\"maasco AM-10 panomatik sikma pensesi\" \/><\/a>\n\t\t<\/figure>\n\t<\/div>\n\n\t<div class=\"wpb_text_column wpb_content_element\" >\n\t\t<div class=\"wpb_wrapper\">\n\t\t\t<p style=\"text-align: center;\"><span style=\"font-family: georgia, palatino, serif; color: #ff6600;\"><a style=\"color: #ff6600;\" href=\"http:\/\/www.maasco.com.tr\/en\/am-10-elektrikli-yuksuk-sikma\/\"><span style=\"font-size: 10pt;\"><strong>AM &#8211; 10 (Pn\u00f6matik Y\u00fcks\u00fck S\u0131kma Pensesi)<\/strong><\/span><\/a><\/span><\/p>\n\n\t\t<\/div>\n\t<\/div>\n<\/div><\/div><\/div><div class=\"wpb_column vc_column_container vc_col-sm-4\"><div class=\"vc_column-inner\"><div class=\"wpb_wrapper\">\n\t<div  class=\"wpb_single_image wpb_content_element vc_align_center wpb_content_element\">\n\t\t\n\t\t<figure class=\"wpb_wrapper vc_figure\">\n\t\t\t<a href=\"http:\/\/www.maasco.com.tr\/en\/yac-8\/\" target=\"_self\" class=\"vc_single_image-wrapper vc_box_rounded  vc_box_border_grey\"><img decoding=\"async\" width=\"150\" height=\"150\" src=\"https:\/\/www.maasco.com.tr\/wp-content\/uploads\/2018\/01\/maasco-yac-8-yuksuk-sikma-pensesi-4-koseli-150x150.jpg\" class=\"vc_single_image-img attachment-thumbnail\" alt=\"\" title=\"maasco yac-8 yuksuk sikma pensesi 4 koseli\" \/><\/a>\n\t\t<\/figure>\n\t<\/div>\n\n\t<div class=\"wpb_text_column wpb_content_element\" >\n\t\t<div class=\"wpb_wrapper\">\n\t\t\t<p style=\"text-align: center;\"><span style=\"font-family: georgia, palatino, serif; color: #ff6600;\"><a style=\"color: #ff6600;\" href=\"http:\/\/www.maasco.com.tr\/en\/yac-8\/\"><span style=\"font-size: 10pt;\"><strong>YAC-8 (Y\u00fcks\u00fck S\u0131kma Pensesi 0.25-10 mm<sup>2<\/sup>)<\/strong><\/span><\/a><\/span><\/p>\n\n\t\t<\/div>\n\t<\/div>\n<\/div><\/div><\/div><\/div><div class=\"vc_row wpb_row vc_row-fluid\"><div class=\"wpb_column vc_column_container vc_col-sm-4\"><div class=\"vc_column-inner\"><div class=\"wpb_wrapper\">\n\t<div  class=\"wpb_single_image wpb_content_element vc_align_center wpb_content_element\">\n\t\t\n\t\t<figure class=\"wpb_wrapper vc_figure\">\n\t\t\t<a href=\"http:\/\/www.maasco.com.tr\/en\/hsc8-16-4-yuksuk-sikma-pensesi-4-16-mm\u00b2\/\" target=\"_self\" class=\"vc_single_image-wrapper vc_box_rounded  vc_box_border_grey\"><img loading=\"lazy\" decoding=\"async\" width=\"150\" height=\"150\" src=\"https:\/\/www.maasco.com.tr\/wp-content\/uploads\/2015\/09\/4-koseli-yuksuk-sikma-4-16-150x150.jpg\" class=\"vc_single_image-img attachment-thumbnail\" alt=\"\" title=\"4 koseli yuksuk sikma 4-16\" \/><\/a>\n\t\t<\/figure>\n\t<\/div>\n\n\t<div class=\"wpb_text_column wpb_content_element\" >\n\t\t<div class=\"wpb_wrapper\">\n\t\t\t<p style=\"text-align: center;\"><span style=\"font-family: georgia, palatino, serif; color: #ff6600;\"><a style=\"color: #ff6600;\" href=\"http:\/\/www.maasco.com.tr\/en\/hsc8-16-4-yuksuk-sikma-pensesi-4-16-mm\u00b2\/\"><span style=\"font-size: 10pt;\"><strong>HSC8 16-4 (Y\u00fcks\u00fck S\u0131kma Pensesi 4-16 mm<sup>2<\/sup>)<\/strong><\/span><\/a><\/span><\/p>\n\n\t\t<\/div>\n\t<\/div>\n<\/div><\/div><\/div><div class=\"wpb_column vc_column_container vc_col-sm-4\"><div class=\"vc_column-inner\"><div class=\"wpb_wrapper\">\n\t<div  class=\"wpb_single_image wpb_content_element vc_align_center wpb_content_element\">\n\t\t\n\t\t<figure class=\"wpb_wrapper vc_figure\">\n\t\t\t<a href=\"http:\/\/www.maasco.com.tr\/en\/yac-9\/\" target=\"_self\" class=\"vc_single_image-wrapper vc_box_rounded  vc_box_border_grey\"><img loading=\"lazy\" decoding=\"async\" width=\"150\" height=\"150\" src=\"https:\/\/www.maasco.com.tr\/wp-content\/uploads\/2016\/07\/HSC8-6-6-Self-adjustable-Crimping-Tools-used-for-0-25-6-0mm2-Cable-end-sleeves-150x150.jpg\" class=\"vc_single_image-img attachment-thumbnail\" alt=\"\" title=\"HSC8-6-6-Self-adjustable-Crimping-Tools-used-for-0-25-6-0mm2-Cable-end-sleeves\" srcset=\"https:\/\/www.maasco.com.tr\/wp-content\/uploads\/2016\/07\/HSC8-6-6-Self-adjustable-Crimping-Tools-used-for-0-25-6-0mm2-Cable-end-sleeves-150x150.jpg 150w, https:\/\/www.maasco.com.tr\/wp-content\/uploads\/2016\/07\/HSC8-6-6-Self-adjustable-Crimping-Tools-used-for-0-25-6-0mm2-Cable-end-sleeves-300x300.jpg 300w, https:\/\/www.maasco.com.tr\/wp-content\/uploads\/2016\/07\/HSC8-6-6-Self-adjustable-Crimping-Tools-used-for-0-25-6-0mm2-Cable-end-sleeves-768x768.jpg 768w, https:\/\/www.maasco.com.tr\/wp-content\/uploads\/2016\/07\/HSC8-6-6-Self-adjustable-Crimping-Tools-used-for-0-25-6-0mm2-Cable-end-sleeves.jpg 852w\" sizes=\"(max-width: 150px) 100vw, 150px\" \/><\/a>\n\t\t<\/figure>\n\t<\/div>\n\n\t<div class=\"wpb_text_column wpb_content_element\" >\n\t\t<div class=\"wpb_wrapper\">\n\t\t\t<p style=\"text-align: center;\"><span style=\"font-family: georgia, palatino, serif; color: #ff6600; font-size: 10pt;\"><a style=\"color: #ff6600;\" href=\"http:\/\/www.maasco.com.tr\/en\/yac-9\/\"><strong>Yac-9 (6 Ko\u015feli S\u0131kma Pensesi 0.5-6 mm<sup>2<\/sup>)<\/strong><\/a><\/span><\/p>\n\n\t\t<\/div>\n\t<\/div>\n<\/div><\/div><\/div><div class=\"wpb_column vc_column_container vc_col-sm-4\"><div class=\"vc_column-inner\"><div class=\"wpb_wrapper\">\n\t<div  class=\"wpb_single_image wpb_content_element vc_align_center wpb_content_element\">\n\t\t\n\t\t<figure class=\"wpb_wrapper vc_figure\">\n\t\t\t<a href=\"http:\/\/www.maasco.com.tr\/en\/t-007a-uclu-set\/\" target=\"_self\" class=\"vc_single_image-wrapper vc_box_rounded  vc_box_border_grey\"><img loading=\"lazy\" decoding=\"async\" width=\"150\" height=\"150\" src=\"https:\/\/www.maasco.com.tr\/wp-content\/uploads\/2016\/07\/2011124166036-150x150.jpg\" class=\"vc_single_image-img attachment-thumbnail\" alt=\"\" title=\"2011124166036\" \/><\/a>\n\t\t<\/figure>\n\t<\/div>\n\n\t<div class=\"wpb_text_column wpb_content_element\" >\n\t\t<div class=\"wpb_wrapper\">\n\t\t\t<p style=\"text-align: center;\"><span style=\"font-family: georgia, palatino, serif; color: #ff6600;\"><a style=\"color: #ff6600;\" href=\"http:\/\/www.maasco.com.tr\/en\/t-007a-uclu-set\/\"><span style=\"font-size: 10pt;\"><strong>T-007A (U\u00e7 Setli)(Y\u00fcks\u00fck &amp; Izole &amp; SKP)<\/strong><\/span><\/a><\/span><\/p>\n\n\t\t<\/div>\n\t<\/div>\n<\/div><\/div><\/div><\/div><div class=\"vc_row wpb_row vc_row-fluid\"><div class=\"wpb_column vc_column_container vc_col-sm-4\"><div class=\"vc_column-inner\"><div class=\"wpb_wrapper\">\n\t<div  class=\"wpb_single_image wpb_content_element vc_align_center wpb_content_element\">\n\t\t\n\t\t<figure class=\"wpb_wrapper vc_figure\">\n\t\t\t<a href=\"http:\/\/www.maasco.com.tr\/en\/yac-5\/\" target=\"_self\" class=\"vc_single_image-wrapper vc_box_rounded  vc_box_border_grey\"><img loading=\"lazy\" decoding=\"async\" width=\"150\" height=\"150\" src=\"https:\/\/www.maasco.com.tr\/wp-content\/uploads\/2016\/07\/HS-05WF-150x150.jpg\" class=\"vc_single_image-img attachment-thumbnail\" alt=\"\" title=\"hs-05wf\" srcset=\"https:\/\/www.maasco.com.tr\/wp-content\/uploads\/2016\/07\/HS-05WF-150x150.jpg 150w, https:\/\/www.maasco.com.tr\/wp-content\/uploads\/2016\/07\/HS-05WF-300x300.jpg 300w, https:\/\/www.maasco.com.tr\/wp-content\/uploads\/2016\/07\/HS-05WF.jpg 508w\" sizes=\"(max-width: 150px) 100vw, 150px\" \/><\/a>\n\t\t<\/figure>\n\t<\/div>\n\n\t<div class=\"wpb_text_column wpb_content_element\" >\n\t\t<div class=\"wpb_wrapper\">\n\t\t\t<p style=\"text-align: center;\"><span style=\"color: #ff6600;\"><a style=\"color: #ff6600;\" href=\"http:\/\/www.maasco.com.tr\/en\/yac-5\/\"><span style=\"font-size: 10pt; font-family: georgia, palatino, serif;\"><strong style=\"color: #ff6600;\">YAC &#8211; 5 (Y\u00fcks\u00fck S\u0131kma Pensesi 0.5-6 mm<sup>2<\/sup>)<\/strong><\/span><\/a><\/span><\/p>\n\n\t\t<\/div>\n\t<\/div>\n<\/div><\/div><\/div><div class=\"wpb_column vc_column_container vc_col-sm-4\"><div class=\"vc_column-inner\"><div class=\"wpb_wrapper\">\n\t<div  class=\"wpb_single_image wpb_content_element vc_align_center wpb_content_element\">\n\t\t\n\t\t<figure class=\"wpb_wrapper vc_figure\">\n\t\t\t<a href=\"http:\/\/www.maasco.com.tr\/en\/an-35wf\/\" target=\"_self\" class=\"vc_single_image-wrapper vc_box_rounded  vc_box_border_grey\"><img loading=\"lazy\" decoding=\"async\" width=\"150\" height=\"150\" src=\"https:\/\/www.maasco.com.tr\/wp-content\/uploads\/2016\/07\/201112586228-150x150.jpg\" class=\"vc_single_image-img attachment-thumbnail\" alt=\"\" title=\"201112586228\" \/><\/a>\n\t\t<\/figure>\n\t<\/div>\n\n\t<div class=\"wpb_text_column wpb_content_element\" >\n\t\t<div class=\"wpb_wrapper\">\n\t\t\t<p style=\"text-align: center;\"><span style=\"font-family: georgia, palatino, serif; color: #ff6600;\"><a style=\"color: #ff6600;\" href=\"http:\/\/www.maasco.com.tr\/en\/an-35wf\/\"><span style=\"font-size: 10pt;\"><strong>AN &#8211; 35 WF (Y\u00fcks\u00fck S\u0131kma Pensesi 10-35 mm<sup>2<\/sup>)<\/strong><\/span><\/a><\/span><\/p>\n\n\t\t<\/div>\n\t<\/div>\n<\/div><\/div><\/div><div class=\"wpb_column vc_column_container vc_col-sm-4\"><div class=\"vc_column-inner\"><div class=\"wpb_wrapper\">\n\t<div  class=\"wpb_single_image wpb_content_element vc_align_center wpb_content_element\">\n\t\t\n\t\t<figure class=\"wpb_wrapper vc_figure\">\n\t\t\t<a href=\"http:\/\/www.maasco.com.tr\/en\/an-50wf\/\" target=\"_self\" class=\"vc_single_image-wrapper vc_box_rounded  vc_box_border_grey\"><img loading=\"lazy\" decoding=\"async\" width=\"150\" height=\"150\" src=\"https:\/\/www.maasco.com.tr\/wp-content\/uploads\/2016\/07\/201112590582-150x150.jpg\" class=\"vc_single_image-img attachment-thumbnail\" alt=\"\" title=\"201112590582\" \/><\/a>\n\t\t<\/figure>\n\t<\/div>\n\n\t<div class=\"wpb_text_column wpb_content_element\" >\n\t\t<div class=\"wpb_wrapper\">\n\t\t\t<p style=\"text-align: center;\"><span style=\"font-family: georgia, palatino, serif; color: #ff6600;\"><a style=\"color: #ff6600;\" href=\"http:\/\/www.maasco.com.tr\/en\/an-50wf\/\"><span style=\"font-size: 10pt;\"><strong>AN &#8211; 50 WF (Y\u00fcks\u00fck S\u0131kma Pensesi 20-50 mm<sup>2<\/sup>)<\/strong><\/span><\/a><\/span><\/p>\n\n\t\t<\/div>\n\t<\/div>\n<\/div><\/div><\/div><\/div><div class=\"vc_row wpb_row vc_row-fluid\"><div class=\"wpb_column vc_column_container vc_col-sm-4\"><div class=\"vc_column-inner\"><div class=\"wpb_wrapper\">\n\t<div  class=\"wpb_single_image wpb_content_element vc_align_center wpb_content_element\">\n\t\t\n\t\t<figure class=\"wpb_wrapper vc_figure\">\n\t\t\t<a href=\"http:\/\/www.maasco.com.tr\/en\/hs-26-cift-girisli-yuksuk\/\" target=\"_self\" class=\"vc_single_image-wrapper   vc_box_border_grey\"><img loading=\"lazy\" decoding=\"async\" width=\"150\" height=\"150\" src=\"https:\/\/www.maasco.com.tr\/wp-content\/uploads\/2018\/12\/cift-girisli-yuksuk-sikma-maasco-HS-26TW-150x150.jpg\" class=\"vc_single_image-img attachment-thumbnail\" alt=\"\" title=\"cift girisli yuksuk sikma maasco (HS-26TW)\" srcset=\"https:\/\/www.maasco.com.tr\/wp-content\/uploads\/2018\/12\/cift-girisli-yuksuk-sikma-maasco-HS-26TW-150x150.jpg 150w, https:\/\/www.maasco.com.tr\/wp-content\/uploads\/2018\/12\/cift-girisli-yuksuk-sikma-maasco-HS-26TW-300x300.jpg 300w, https:\/\/www.maasco.com.tr\/wp-content\/uploads\/2018\/12\/cift-girisli-yuksuk-sikma-maasco-HS-26TW.jpg 640w\" sizes=\"(max-width: 150px) 100vw, 150px\" \/><\/a>\n\t\t<\/figure>\n\t<\/div>\n\n\t<div class=\"wpb_text_column wpb_content_element\" >\n\t\t<div class=\"wpb_wrapper\">\n\t\t\t<p style=\"text-align: center;\"><span style=\"font-family: georgia, palatino, serif; color: #ff6600;\"><a style=\"color: #ff6600;\" href=\"http:\/\/www.maasco.com.tr\/en\/hs-26-cift-girisli-yuksuk\/\"><span style=\"font-size: 10pt;\"><strong>HS &#8211; 26 TW (\u00c7ift Giri\u015fli Y\u00fcks\u00fck S\u0131kma 2&#215;0.5 &#8211; 2&#215;6 mm<sup>2<\/sup>)<\/strong><\/span><\/a><\/span><\/p>\n\n\t\t<\/div>\n\t<\/div>\n<\/div><\/div><\/div><div class=\"wpb_column vc_column_container vc_col-sm-4\"><div class=\"vc_column-inner\"><div class=\"wpb_wrapper\">\n\t<div  class=\"wpb_single_image wpb_content_element vc_align_center wpb_content_element\">\n\t\t\n\t\t<figure class=\"wpb_wrapper vc_figure\">\n\t\t\t<a href=\"http:\/\/www.maasco.com.tr\/en\/ap-04wfl\/\" target=\"_self\" class=\"vc_single_image-wrapper   vc_box_border_grey\"><img loading=\"lazy\" decoding=\"async\" width=\"150\" height=\"150\" src=\"https:\/\/www.maasco.com.tr\/wp-content\/uploads\/2016\/07\/ap-04wfl-0-5-4-0mm-new-type-of-energy-saving-150x150.jpg\" class=\"vc_single_image-img attachment-thumbnail\" alt=\"\" title=\"ap-04wfl-0-5-4-0mm-new-type-of-energy-saving\" \/><\/a>\n\t\t<\/figure>\n\t<\/div>\n\n\t<div class=\"wpb_text_column wpb_content_element\" >\n\t\t<div class=\"wpb_wrapper\">\n\t\t\t<p style=\"text-align: center;\"><span style=\"font-family: georgia, palatino, serif; color: #ff6600;\"><a style=\"color: #ff6600;\" href=\"http:\/\/www.maasco.com.tr\/en\/ap-04wfl\/\"><span style=\"font-size: 10pt;\"><strong>AP &#8211; 04 WFL (Y\u00fcks\u00fck S\u0131kma 0.5 &#8211; 6 mm<sup>2<\/sup>)<\/strong><\/span><\/a><\/span><\/p>\n\n\t\t<\/div>\n\t<\/div>\n<\/div><\/div><\/div><div class=\"wpb_column vc_column_container vc_col-sm-4\"><div class=\"vc_column-inner\"><div class=\"wpb_wrapper\">\n\t<div  class=\"wpb_single_image wpb_content_element vc_align_center wpb_content_element\">\n\t\t\n\t\t<figure class=\"wpb_wrapper vc_figure\">\n\t\t\t<a href=\"http:\/\/www.maasco.com.tr\/en\/nws-16\/\" target=\"_self\" class=\"vc_single_image-wrapper vc_box_rounded  vc_box_border_grey\"><img loading=\"lazy\" decoding=\"async\" width=\"150\" height=\"150\" src=\"https:\/\/www.maasco.com.tr\/wp-content\/uploads\/2018\/01\/maasco-nws-16-yuksuk-sikma-pensesi-150x150.jpg\" class=\"vc_single_image-img attachment-thumbnail\" alt=\"\" title=\"maasco nws-16 yuksuk sikma pensesi\" \/><\/a>\n\t\t<\/figure>\n\t<\/div>\n\n\t<div class=\"wpb_text_column wpb_content_element\" >\n\t\t<div class=\"wpb_wrapper\">\n\t\t\t<p style=\"text-align: center;\"><span style=\"font-family: georgia, palatino, serif;\"><a href=\"http:\/\/www.maasco.com.tr\/en\/nws-16\/\"><span style=\"color: #ff6600;\"><strong><span style=\"font-size: 10pt;\">NWS &#8211; 16 (Y\u00fcks\u00fck S\u0131kma 0.5 &#8211; 16 mm<sup>2<\/sup>)<\/span><\/strong><\/span><\/a><\/span><\/p>\n\n\t\t<\/div>\n\t<\/div>\n<\/div><\/div><\/div><\/div><div class=\"vc_row wpb_row vc_row-fluid\"><div class=\"wpb_column vc_column_container vc_col-sm-4\"><div class=\"vc_column-inner\"><div class=\"wpb_wrapper\">\n\t<div  class=\"wpb_single_image wpb_content_element vc_align_center wpb_content_element\">\n\t\t\n\t\t<figure class=\"wpb_wrapper vc_figure\">\n\t\t\t<a href=\"http:\/\/www.maasco.com.tr\/en\/pz-0-25-2-5-yuksuk-sikma-pensesi\/\" target=\"_self\" class=\"vc_single_image-wrapper vc_box_rounded  vc_box_border_grey\"><img loading=\"lazy\" decoding=\"async\" width=\"150\" height=\"150\" src=\"https:\/\/www.maasco.com.tr\/wp-content\/uploads\/2016\/07\/yuksuk-sikma-el-pensesi-150x150.jpg\" class=\"vc_single_image-img attachment-thumbnail\" alt=\"\" title=\"yuksuk sikma el pensesi\" \/><\/a>\n\t\t<\/figure>\n\t<\/div>\n\n\t<div class=\"wpb_text_column wpb_content_element\" >\n\t\t<div class=\"wpb_wrapper\">\n\t\t\t<p style=\"text-align: center;\"><span style=\"font-family: georgia, palatino, serif; color: #ff6600;\"><a style=\"color: #ff6600;\" href=\"http:\/\/www.maasco.com.tr\/en\/pz-0-25-2-5-yuksuk-sikma-pensesi\/\"><span style=\"font-size: 10pt;\"><strong>PZ 0.25 &#8211; 2.5 (Y\u00fcks\u00fck S\u0131kma 0.25 &#8211; 2.5 mm<sup>2<\/sup>)<\/strong><\/span><\/a><\/span><\/p>\n\n\t\t<\/div>\n\t<\/div>\n<\/div><\/div><\/div><\/div>\n<\/div>","protected":false},"excerpt":{"rendered":"<p>FSB &#8211; 056GT (Y\u00fcks\u00fck S\u0131kma Pensesi 0.5-6 mm\u00b2) AM &#8211; 10 (Pn\u00f6matik Y\u00fcks\u00fck S\u0131kma Pensesi) YAC-8 (Y\u00fcks\u00fck S\u0131kma Pensesi 0.25-10 mm2) HSC8 16-4 (Y\u00fcks\u00fck S\u0131kma Pensesi 4-16 mm2) Yac-9 (6 Ko\u015feli S\u0131kma Pensesi 0.5-6 mm2) T-007A (U\u00e7 Setli)(Y\u00fcks\u00fck &amp; Izole &amp; SKP) YAC &#8211; 5 (Y\u00fcks\u00fck S\u0131kma Pensesi 0.5-6 mm2) AN &#8211; 35 WF (Y\u00fcks\u00fck<a class=\"rmore\" href=\"https:\/\/www.maasco.com.tr\/en\/yuksuk-sikma-el-penseleri\/\">&nbsp;&nbsp; Read More &#8230;<\/a><\/p>","protected":false},"author":1,"featured_media":2509,"parent":0,"menu_order":0,"comment_status":"closed","ping_status":"closed","template":"fullpage.php","meta":{"footnotes":""},"class_list":["post-2476","page","type-page","status-publish","has-post-thumbnail","hentry"],"yoast_head":"<!-- This site is optimized with the Yoast SEO plugin v27.2 - https:\/\/yoast.com\/product\/yoast-seo-wordpress\/ -->\n<title>Yuksuk S\u0131kma El-Penseler\u0131 - maasco Elektrik<\/title>\n<meta name=\"robots\" content=\"index, follow, max-snippet:-1, max-image-preview:large, max-video-preview:-1\" \/>\n<link rel=\"canonical\" href=\"https:\/\/www.maasco.com.tr\/en\/yuksuk-sikma-el-penseleri\/\" \/>\n<meta property=\"og:locale\" content=\"en_US\" \/>\n<meta property=\"og:type\" content=\"article\" \/>\n<meta property=\"og:title\" content=\"Yuksuk S\u0131kma El-Penseler\u0131 - maasco Elektrik\" \/>\n<meta property=\"og:url\" content=\"https:\/\/www.maasco.com.tr\/en\/yuksuk-sikma-el-penseleri\/\" \/>\n<meta property=\"og:site_name\" content=\"maasco Elektrik\" \/>\n<meta property=\"article:modified_time\" content=\"2022-04-29T03:46:26+00:00\" \/>\n<meta property=\"og:image\" content=\"https:\/\/www.maasco.com.tr\/wp-content\/uploads\/2016\/07\/pic_gall_a_0068859_int.jpg\" \/>\n\t<meta property=\"og:image:width\" content=\"400\" \/>\n\t<meta property=\"og:image:height\" content=\"400\" \/>\n\t<meta property=\"og:image:type\" content=\"image\/jpeg\" \/>\n<meta name=\"twitter:card\" content=\"summary_large_image\" \/>\n<meta name=\"twitter:label1\" content=\"Est. reading time\" \/>\n\t<meta name=\"twitter:data1\" content=\"2 minutes\" \/>\n<script type=\"application\/ld+json\" class=\"yoast-schema-graph\">{\"@context\":\"https:\/\/schema.org\",\"@graph\":[{\"@type\":\"WebPage\",\"@id\":\"https:\/\/www.maasco.com.tr\/yuksuk-sikma-el-penseleri\/\",\"url\":\"https:\/\/www.maasco.com.tr\/yuksuk-sikma-el-penseleri\/\",\"name\":\"Yuksuk S\u0131kma El-Penseler\u0131 - maasco Elektrik\",\"isPartOf\":{\"@id\":\"https:\/\/www.maasco.com.tr\/#website\"},\"primaryImageOfPage\":{\"@id\":\"https:\/\/www.maasco.com.tr\/yuksuk-sikma-el-penseleri\/#primaryimage\"},\"image\":{\"@id\":\"https:\/\/www.maasco.com.tr\/yuksuk-sikma-el-penseleri\/#primaryimage\"},\"thumbnailUrl\":\"https:\/\/www.maasco.com.tr\/wp-content\/uploads\/2016\/07\/pic_gall_a_0068859_int.jpg\",\"datePublished\":\"2016-07-03T07:00:49+00:00\",\"dateModified\":\"2022-04-29T03:46:26+00:00\",\"breadcrumb\":{\"@id\":\"https:\/\/www.maasco.com.tr\/yuksuk-sikma-el-penseleri\/#breadcrumb\"},\"inLanguage\":\"en-US\",\"potentialAction\":[{\"@type\":\"ReadAction\",\"target\":[\"https:\/\/www.maasco.com.tr\/yuksuk-sikma-el-penseleri\/\"]}]},{\"@type\":\"ImageObject\",\"inLanguage\":\"en-US\",\"@id\":\"https:\/\/www.maasco.com.tr\/yuksuk-sikma-el-penseleri\/#primaryimage\",\"url\":\"https:\/\/www.maasco.com.tr\/wp-content\/uploads\/2016\/07\/pic_gall_a_0068859_int.jpg\",\"contentUrl\":\"https:\/\/www.maasco.com.tr\/wp-content\/uploads\/2016\/07\/pic_gall_a_0068859_int.jpg\",\"width\":400,\"height\":400},{\"@type\":\"BreadcrumbList\",\"@id\":\"https:\/\/www.maasco.com.tr\/yuksuk-sikma-el-penseleri\/#breadcrumb\",\"itemListElement\":[{\"@type\":\"ListItem\",\"position\":1,\"name\":\"Home\",\"item\":\"https:\/\/www.maasco.com.tr\/\"},{\"@type\":\"ListItem\",\"position\":2,\"name\":\"Yuksuk S\u0131kma El-Penseler\u0131\"}]},{\"@type\":\"WebSite\",\"@id\":\"https:\/\/www.maasco.com.tr\/#website\",\"url\":\"https:\/\/www.maasco.com.tr\/\",\"name\":\"maasco Elektrik\",\"description\":\"\",\"potentialAction\":[{\"@type\":\"SearchAction\",\"target\":{\"@type\":\"EntryPoint\",\"urlTemplate\":\"https:\/\/www.maasco.com.tr\/?s={search_term_string}\"},\"query-input\":{\"@type\":\"PropertyValueSpecification\",\"valueRequired\":true,\"valueName\":\"search_term_string\"}}],\"inLanguage\":\"en-US\"}]}<\/script>\n<!-- \/ Yoast SEO plugin. -->","yoast_head_json":{"title":"Yuksuk S\u0131kma El-Penseler\u0131 - maasco Elektrik","robots":{"index":"index","follow":"follow","max-snippet":"max-snippet:-1","max-image-preview":"max-image-preview:large","max-video-preview":"max-video-preview:-1"},"canonical":"https:\/\/www.maasco.com.tr\/en\/yuksuk-sikma-el-penseleri\/","og_locale":"en_US","og_type":"article","og_title":"Yuksuk S\u0131kma El-Penseler\u0131 - maasco Elektrik","og_url":"https:\/\/www.maasco.com.tr\/en\/yuksuk-sikma-el-penseleri\/","og_site_name":"maasco Elektrik","article_modified_time":"2022-04-29T03:46:26+00:00","og_image":[{"width":400,"height":400,"url":"https:\/\/www.maasco.com.tr\/wp-content\/uploads\/2016\/07\/pic_gall_a_0068859_int.jpg","type":"image\/jpeg"}],"twitter_card":"summary_large_image","twitter_misc":{"Est. reading time":"2 minutes"},"schema":{"@context":"https:\/\/schema.org","@graph":[{"@type":"WebPage","@id":"https:\/\/www.maasco.com.tr\/yuksuk-sikma-el-penseleri\/","url":"https:\/\/www.maasco.com.tr\/yuksuk-sikma-el-penseleri\/","name":"Yuksuk S\u0131kma El-Penseler\u0131 - maasco Elektrik","isPartOf":{"@id":"https:\/\/www.maasco.com.tr\/#website"},"primaryImageOfPage":{"@id":"https:\/\/www.maasco.com.tr\/yuksuk-sikma-el-penseleri\/#primaryimage"},"image":{"@id":"https:\/\/www.maasco.com.tr\/yuksuk-sikma-el-penseleri\/#primaryimage"},"thumbnailUrl":"https:\/\/www.maasco.com.tr\/wp-content\/uploads\/2016\/07\/pic_gall_a_0068859_int.jpg","datePublished":"2016-07-03T07:00:49+00:00","dateModified":"2022-04-29T03:46:26+00:00","breadcrumb":{"@id":"https:\/\/www.maasco.com.tr\/yuksuk-sikma-el-penseleri\/#breadcrumb"},"inLanguage":"en-US","potentialAction":[{"@type":"ReadAction","target":["https:\/\/www.maasco.com.tr\/yuksuk-sikma-el-penseleri\/"]}]},{"@type":"ImageObject","inLanguage":"en-US","@id":"https:\/\/www.maasco.com.tr\/yuksuk-sikma-el-penseleri\/#primaryimage","url":"https:\/\/www.maasco.com.tr\/wp-content\/uploads\/2016\/07\/pic_gall_a_0068859_int.jpg","contentUrl":"https:\/\/www.maasco.com.tr\/wp-content\/uploads\/2016\/07\/pic_gall_a_0068859_int.jpg","width":400,"height":400},{"@type":"BreadcrumbList","@id":"https:\/\/www.maasco.com.tr\/yuksuk-sikma-el-penseleri\/#breadcrumb","itemListElement":[{"@type":"ListItem","position":1,"name":"Home","item":"https:\/\/www.maasco.com.tr\/"},{"@type":"ListItem","position":2,"name":"Yuksuk S\u0131kma El-Penseler\u0131"}]},{"@type":"WebSite","@id":"https:\/\/www.maasco.com.tr\/#website","url":"https:\/\/www.maasco.com.tr\/","name":"maasco Elektrik","description":"","potentialAction":[{"@type":"SearchAction","target":{"@type":"EntryPoint","urlTemplate":"https:\/\/www.maasco.com.tr\/?s={search_term_string}"},"query-input":{"@type":"PropertyValueSpecification","valueRequired":true,"valueName":"search_term_string"}}],"inLanguage":"en-US"}]}},"jetpack_sharing_enabled":true,"_links":{"self":[{"href":"https:\/\/www.maasco.com.tr\/en\/wp-json\/wp\/v2\/pages\/2476","targetHints":{"allow":["GET"]}}],"collection":[{"href":"https:\/\/www.maasco.com.tr\/en\/wp-json\/wp\/v2\/pages"}],"about":[{"href":"https:\/\/www.maasco.com.tr\/en\/wp-json\/wp\/v2\/types\/page"}],"author":[{"embeddable":true,"href":"https:\/\/www.maasco.com.tr\/en\/wp-json\/wp\/v2\/users\/1"}],"replies":[{"embeddable":true,"href":"https:\/\/www.maasco.com.tr\/en\/wp-json\/wp\/v2\/comments?post=2476"}],"version-history":[{"count":23,"href":"https:\/\/www.maasco.com.tr\/en\/wp-json\/wp\/v2\/pages\/2476\/revisions"}],"predecessor-version":[{"id":5649,"href":"https:\/\/www.maasco.com.tr\/en\/wp-json\/wp\/v2\/pages\/2476\/revisions\/5649"}],"wp:featuredmedia":[{"embeddable":true,"href":"https:\/\/www.maasco.com.tr\/en\/wp-json\/wp\/v2\/media\/2509"}],"wp:attachment":[{"href":"https:\/\/www.maasco.com.tr\/en\/wp-json\/wp\/v2\/media?parent=2476"}],"curies":[{"name":"wp","href":"https:\/\/api.w.org\/{rel}","templated":true}]}}