{"id":2349,"date":"2016-07-02T17:05:51","date_gmt":"2016-07-02T17:05:51","guid":{"rendered":"http:\/\/www.maasco.com.tr\/?page_id=2349"},"modified":"2022-04-29T03:46:11","modified_gmt":"2022-04-29T03:46:11","slug":"skp-sikma-el-penseleri","status":"publish","type":"page","link":"https:\/\/www.maasco.com.tr\/en\/skp-sikma-el-penseleri\/","title":{"rendered":"SKP S\u0131kma El-Penseler\u0131"},"content":{"rendered":"<div class=\"wpb-content-wrapper\"><div class=\"vc_row wpb_row vc_row-fluid\"><div class=\"wpb_column vc_column_container vc_col-sm-12\"><div class=\"vc_column-inner\"><div class=\"wpb_wrapper\"><div class=\"vc_separator wpb_content_element vc_separator_align_center vc_sep_width_100 vc_sep_pos_align_center vc_separator_no_text vc_sep_color_white wpb_content_element  wpb_content_element\" ><span class=\"vc_sep_holder vc_sep_holder_l\"><span class=\"vc_sep_line\"><\/span><\/span><span class=\"vc_sep_holder vc_sep_holder_r\"><span class=\"vc_sep_line\"><\/span><\/span>\n<\/div><\/div><\/div><\/div><\/div><div class=\"vc_row wpb_row vc_row-fluid\"><div class=\"wpb_column vc_column_container vc_col-sm-4\"><div class=\"vc_column-inner\"><div class=\"wpb_wrapper\">\n\t<div  class=\"wpb_single_image wpb_content_element vc_align_center wpb_content_element\">\n\t\t\n\t\t<figure class=\"wpb_wrapper vc_figure\">\n\t\t\t<a href=\"http:\/\/www.maasco.com.tr\/en\/am-10-elektrikli-yuksuk-sikma\/\" target=\"_self\" class=\"vc_single_image-wrapper vc_box_rounded  vc_box_border_grey\"><img decoding=\"async\" width=\"150\" height=\"150\" src=\"https:\/\/www.maasco.com.tr\/wp-content\/uploads\/2017\/11\/maasco-AM-10-Pnaumatic-crimping-tool-150x150.jpg\" class=\"vc_single_image-img attachment-thumbnail\" alt=\"\" title=\"maasco AM-10 panomatik sikma pensesi\" \/><\/a>\n\t\t<\/figure>\n\t<\/div>\n\n\t<div class=\"wpb_text_column wpb_content_element\" >\n\t\t<div class=\"wpb_wrapper\">\n\t\t\t<p style=\"text-align: center;\"><span style=\"font-family: georgia, palatino, serif; color: #ff6600;\"><a style=\"color: #ff6600;\" href=\"http:\/\/www.maasco.com.tr\/en\/am-10-elektrikli-yuksuk-sikma\/\"><span style=\"font-size: 10pt;\"><strong>AM \u2013 10 (Pneumatic Crimping Tool)<\/strong><\/span><\/a><\/span><\/p>\n\n\t\t<\/div>\n\t<\/div>\n<\/div><\/div><\/div><div class=\"wpb_column vc_column_container vc_col-sm-4\"><div class=\"vc_column-inner\"><div class=\"wpb_wrapper\">\n\t<div  class=\"wpb_single_image wpb_content_element vc_align_center wpb_content_element\">\n\t\t\n\t\t<figure class=\"wpb_wrapper vc_figure\">\n\t\t\t<a href=\"http:\/\/www.maasco.com.tr\/en\/hd-50l\/\" target=\"_self\" class=\"vc_single_image-wrapper vc_box_rounded  vc_box_border_grey\"><img decoding=\"async\" width=\"150\" height=\"150\" src=\"https:\/\/www.maasco.com.tr\/wp-content\/uploads\/2016\/07\/hd-50L-150x150.jpg\" class=\"vc_single_image-img attachment-thumbnail\" alt=\"\" title=\"hd-50L\" \/><\/a>\n\t\t<\/figure>\n\t<\/div>\n\n\t<div class=\"wpb_text_column wpb_content_element\" >\n\t\t<div class=\"wpb_wrapper\">\n\t\t\t<p style=\"text-align: center;\"><span style=\"color: #ff6600; font-family: georgia, palatino, serif;\"><a style=\"color: #ff6600;\" href=\"http:\/\/www.maasco.com.tr\/en\/hd-50l\/\"><span style=\"font-size: 10pt;\"><strong>HD \u2013 50L (Cable Lug Crimping Tool 6 \u2013 50 mm<sup>2<\/sup>)<\/strong><\/span><\/a><\/span><\/p>\n\n\t\t<\/div>\n\t<\/div>\n<\/div><\/div><\/div><div class=\"wpb_column vc_column_container vc_col-sm-4\"><div class=\"vc_column-inner\"><div class=\"wpb_wrapper\">\n\t<div  class=\"wpb_single_image wpb_content_element vc_align_center wpb_content_element\">\n\t\t\n\t\t<figure class=\"wpb_wrapper vc_figure\">\n\t\t\t<a href=\"http:\/\/www.maasco.com.tr\/en\/hx-26b\/\" target=\"_self\" class=\"vc_single_image-wrapper vc_box_rounded  vc_box_border_grey\"><img decoding=\"async\" width=\"150\" height=\"150\" src=\"https:\/\/www.maasco.com.tr\/wp-content\/uploads\/2016\/07\/HX-26B-150x150.jpg\" class=\"vc_single_image-img attachment-thumbnail\" alt=\"\" title=\"HX-26B\" \/><\/a>\n\t\t<\/figure>\n\t<\/div>\n\n\t<div class=\"wpb_text_column wpb_content_element\" >\n\t\t<div class=\"wpb_wrapper\">\n\t\t\t<p style=\"text-align: center;\"><span style=\"font-size: 10pt; font-family: georgia, palatino, serif; color: #ff6600;\"><a style=\"color: #ff6600;\" href=\"http:\/\/www.maasco.com.tr\/en\/hx-26b\/\"><strong>HX \u2013 26 B (Cable Lug Crimping Tool 6 \u2013 25 mm<sup>2<\/sup>)<\/strong><\/a><\/span><\/p>\n\n\t\t<\/div>\n\t<\/div>\n<\/div><\/div><\/div><\/div><div class=\"vc_row wpb_row vc_row-fluid\"><div class=\"wpb_column vc_column_container vc_col-sm-4\"><div class=\"vc_column-inner\"><div class=\"wpb_wrapper\">\n\t<div  class=\"wpb_single_image wpb_content_element vc_align_center wpb_content_element\">\n\t\t\n\t\t<figure class=\"wpb_wrapper vc_figure\">\n\t\t\t<a href=\"http:\/\/www.maasco.com.tr\/en\/mh-22\/\" target=\"_self\" class=\"vc_single_image-wrapper vc_box_rounded  vc_box_border_grey\"><img loading=\"lazy\" decoding=\"async\" width=\"150\" height=\"150\" src=\"https:\/\/www.maasco.com.tr\/wp-content\/uploads\/2016\/07\/MH-22-150x150.jpg\" class=\"vc_single_image-img attachment-thumbnail\" alt=\"\" title=\"MH-22\" \/><\/a>\n\t\t<\/figure>\n\t<\/div>\n\n\t<div class=\"wpb_text_column wpb_content_element\" >\n\t\t<div class=\"wpb_wrapper\">\n\t\t\t<p style=\"text-align: center;\"><span style=\"font-family: georgia, palatino, serif; color: #ff6600;\"><a style=\"color: #ff6600;\" href=\"http:\/\/www.maasco.com.tr\/en\/mh-22\/\"><span style=\"font-size: 10pt;\"><strong>MH \u2013 22 (Cable Lug Crimping Tool 6 \u2013 25 mm<sup>2<\/sup>)<\/strong><\/span><\/a><\/span><\/p>\n\n\t\t<\/div>\n\t<\/div>\n<\/div><\/div><\/div><div class=\"wpb_column vc_column_container vc_col-sm-4\"><div class=\"vc_column-inner\"><div class=\"wpb_wrapper\">\n\t<div  class=\"wpb_single_image wpb_content_element vc_align_center wpb_content_element\">\n\t\t\n\t\t<figure class=\"wpb_wrapper vc_figure\">\n\t\t\t<a href=\"http:\/\/www.maasco.com.tr\/en\/t-16\/\" target=\"_self\" class=\"vc_single_image-wrapper vc_box_rounded  vc_box_border_grey\"><img loading=\"lazy\" decoding=\"async\" width=\"150\" height=\"150\" src=\"https:\/\/www.maasco.com.tr\/wp-content\/uploads\/2016\/07\/T-16-150x150.jpg\" class=\"vc_single_image-img attachment-thumbnail\" alt=\"\" title=\"T-16\" \/><\/a>\n\t\t<\/figure>\n\t<\/div>\n\n\t<div class=\"wpb_text_column wpb_content_element\" >\n\t\t<div class=\"wpb_wrapper\">\n\t\t\t<p style=\"text-align: center;\"><span style=\"font-family: georgia, palatino, serif; color: #ff6600;\"><a style=\"color: #ff6600;\" href=\"http:\/\/www.maasco.com.tr\/en\/t-16\/\"><span style=\"font-size: 10pt;\"><strong>T \u2013 16 (Cable Lug Crimping Tool 1.5 \u2013 16 mm<sup>2<\/sup>)<\/strong><\/span><\/a><\/span><\/p>\n\n\t\t<\/div>\n\t<\/div>\n<\/div><\/div><\/div><div class=\"wpb_column vc_column_container vc_col-sm-4\"><div class=\"vc_column-inner\"><div class=\"wpb_wrapper\">\n\t<div  class=\"wpb_single_image wpb_content_element vc_align_center wpb_content_element\">\n\t\t\n\t\t<figure class=\"wpb_wrapper vc_figure\">\n\t\t\t<a href=\"http:\/\/www.maasco.com.tr\/en\/hd-10l\/\" target=\"_self\" class=\"vc_single_image-wrapper vc_box_rounded  vc_box_border_grey\"><img loading=\"lazy\" decoding=\"async\" width=\"150\" height=\"150\" src=\"https:\/\/www.maasco.com.tr\/wp-content\/uploads\/2016\/07\/HD-10L-150x150.jpg\" class=\"vc_single_image-img attachment-thumbnail\" alt=\"\" title=\"HD-10L\" \/><\/a>\n\t\t<\/figure>\n\t<\/div>\n\n\t<div class=\"wpb_text_column wpb_content_element\" >\n\t\t<div class=\"wpb_wrapper\">\n\t\t\t<p style=\"text-align: center;\"><a href=\"http:\/\/www.maasco.com.tr\/en\/hd-10l\/\"><span style=\"font-family: georgia, palatino, serif; font-size: 10pt; color: #ff6600;\"><strong>HD \u2013 10L (Cable Lug Crimping Tool 1.5 - 10 mm)&nbsp;<\/strong><\/span><\/a><\/p>\n\n\t\t<\/div>\n\t<\/div>\n<\/div><\/div><\/div><\/div><div class=\"vc_row wpb_row vc_row-fluid\"><div class=\"wpb_column vc_column_container vc_col-sm-4\"><div class=\"vc_column-inner\"><div class=\"wpb_wrapper\">\n\t<div  class=\"wpb_single_image wpb_content_element vc_align_center wpb_content_element\">\n\t\t\n\t\t<figure class=\"wpb_wrapper vc_figure\">\n\t\t\t<a href=\"http:\/\/www.maasco.com.tr\/en\/an-005\/\" target=\"_self\" class=\"vc_single_image-wrapper vc_box_rounded  vc_box_border_grey\"><img loading=\"lazy\" decoding=\"async\" width=\"150\" height=\"150\" src=\"https:\/\/www.maasco.com.tr\/wp-content\/uploads\/2016\/07\/AN-005-150x150.jpg\" class=\"vc_single_image-img attachment-thumbnail\" alt=\"\" title=\"AN-005\" \/><\/a>\n\t\t<\/figure>\n\t<\/div>\n\n\t<div class=\"wpb_text_column wpb_content_element\" >\n\t\t<div class=\"wpb_wrapper\">\n\t\t\t<p style=\"text-align: center;\"><span style=\"font-family: georgia, palatino, serif; color: #ff6600;\"><a style=\"color: #ff6600;\" href=\"http:\/\/www.maasco.com.tr\/en\/an-005\/\"><span style=\"font-size: 10pt;\"><strong>AN \u2013 005 (Cable Lug Crimping Tool)<\/strong><\/span><\/a><\/span><\/p>\n\n\t\t<\/div>\n\t<\/div>\n<\/div><\/div><\/div><div class=\"wpb_column vc_column_container vc_col-sm-4\"><div class=\"vc_column-inner\"><div class=\"wpb_wrapper\">\n\t<div  class=\"wpb_single_image wpb_content_element vc_align_center wpb_content_element\">\n\t\t\n\t\t<figure class=\"wpb_wrapper vc_figure\">\n\t\t\t<a href=\"http:\/\/www.maasco.com.tr\/en\/t-007a-uclu-set\/\" target=\"_self\" class=\"vc_single_image-wrapper vc_box_rounded  vc_box_border_grey\"><img loading=\"lazy\" decoding=\"async\" width=\"150\" height=\"150\" src=\"https:\/\/www.maasco.com.tr\/wp-content\/uploads\/2016\/07\/2011124166036-150x150.jpg\" class=\"vc_single_image-img attachment-thumbnail\" alt=\"\" title=\"2011124166036\" \/><\/a>\n\t\t<\/figure>\n\t<\/div>\n\n\t<div class=\"wpb_text_column wpb_content_element\" >\n\t\t<div class=\"wpb_wrapper\">\n\t\t\t<p style=\"text-align: center;\"><span style=\"font-size: 10pt; font-family: georgia, palatino, serif; color: #ff6600;\"><a style=\"color: #ff6600;\" href=\"http:\/\/www.maasco.com.tr\/en\/t-007a-uclu-set\/\"><strong>T \u2013 007 A (Multi-Function Hand Tool)<\/strong><\/a><\/span><\/p>\n\n\t\t<\/div>\n\t<\/div>\n<\/div><\/div><\/div><div class=\"wpb_column vc_column_container vc_col-sm-4\"><div class=\"vc_column-inner\"><div class=\"wpb_wrapper\"><\/div><\/div><\/div><\/div>\n<\/div>","protected":false},"excerpt":{"rendered":"<p>AM &#8211; 10 (Pn\u00f6matik Pabu\u00e7 S\u0131kma Pensesi) HD &#8211; 50L (Pabu\u00e7 S\u0131kma Pensesi 6 &#8211; 50 mm2) HX &#8211; 26B (Pabu\u00e7 S\u0131kma Pensesi 6 &#8211; 25 mm2) MH &#8211; 22 (Pabu\u00e7 S\u0131kma pensesi 6 &#8211; 25 mm2) T &#8211; 16 (Pabu\u00e7 S\u0131kma Pensesi 1.5 &#8211; 16 mm2) HD &#8211; 10L (Pabu\u00e7 SKP S\u0131kma El-Pensesi)&nbsp; AN<a class=\"rmore\" href=\"https:\/\/www.maasco.com.tr\/en\/skp-sikma-el-penseleri\/\">&nbsp;&nbsp; Read More &#8230;<\/a><\/p>","protected":false},"author":1,"featured_media":2827,"parent":0,"menu_order":0,"comment_status":"closed","ping_status":"closed","template":"fullpage.php","meta":{"footnotes":""},"class_list":["post-2349","page","type-page","status-publish","has-post-thumbnail","hentry"],"yoast_head":"<!-- This site is optimized with the Yoast SEO plugin v27.2 - https:\/\/yoast.com\/product\/yoast-seo-wordpress\/ -->\n<title>SKP S\u0131kma El-Penseler\u0131 - maasco Elektrik<\/title>\n<meta name=\"robots\" content=\"index, follow, max-snippet:-1, max-image-preview:large, max-video-preview:-1\" \/>\n<link rel=\"canonical\" href=\"https:\/\/www.maasco.com.tr\/en\/skp-sikma-el-penseleri\/\" \/>\n<meta property=\"og:locale\" content=\"en_US\" \/>\n<meta property=\"og:type\" content=\"article\" \/>\n<meta property=\"og:title\" content=\"SKP S\u0131kma El-Penseler\u0131 - maasco Elektrik\" \/>\n<meta property=\"og:url\" content=\"https:\/\/www.maasco.com.tr\/en\/skp-sikma-el-penseleri\/\" \/>\n<meta property=\"og:site_name\" content=\"maasco Elektrik\" \/>\n<meta property=\"article:modified_time\" content=\"2022-04-29T03:46:11+00:00\" \/>\n<meta property=\"og:image\" content=\"https:\/\/www.maasco.com.tr\/wp-content\/uploads\/2016\/07\/Cable-Crimper-Anderson-Plug-Lug-Battery-Non-Inslated-Crimping-Tool-WLT-87984.jpg\" \/>\n\t<meta property=\"og:image:width\" content=\"500\" \/>\n\t<meta property=\"og:image:height\" content=\"500\" \/>\n\t<meta property=\"og:image:type\" content=\"image\/jpeg\" \/>\n<meta name=\"twitter:card\" content=\"summary_large_image\" \/>\n<meta name=\"twitter:label1\" content=\"Est. reading time\" \/>\n\t<meta name=\"twitter:data1\" content=\"1 minute\" \/>\n<script type=\"application\/ld+json\" class=\"yoast-schema-graph\">{\"@context\":\"https:\/\/schema.org\",\"@graph\":[{\"@type\":\"WebPage\",\"@id\":\"https:\/\/www.maasco.com.tr\/skp-sikma-el-penseleri\/\",\"url\":\"https:\/\/www.maasco.com.tr\/skp-sikma-el-penseleri\/\",\"name\":\"SKP S\u0131kma El-Penseler\u0131 - maasco Elektrik\",\"isPartOf\":{\"@id\":\"https:\/\/www.maasco.com.tr\/#website\"},\"primaryImageOfPage\":{\"@id\":\"https:\/\/www.maasco.com.tr\/skp-sikma-el-penseleri\/#primaryimage\"},\"image\":{\"@id\":\"https:\/\/www.maasco.com.tr\/skp-sikma-el-penseleri\/#primaryimage\"},\"thumbnailUrl\":\"https:\/\/www.maasco.com.tr\/wp-content\/uploads\/2016\/07\/Cable-Crimper-Anderson-Plug-Lug-Battery-Non-Inslated-Crimping-Tool-WLT-87984.jpg\",\"datePublished\":\"2016-07-02T17:05:51+00:00\",\"dateModified\":\"2022-04-29T03:46:11+00:00\",\"breadcrumb\":{\"@id\":\"https:\/\/www.maasco.com.tr\/skp-sikma-el-penseleri\/#breadcrumb\"},\"inLanguage\":\"en-US\",\"potentialAction\":[{\"@type\":\"ReadAction\",\"target\":[\"https:\/\/www.maasco.com.tr\/skp-sikma-el-penseleri\/\"]}]},{\"@type\":\"ImageObject\",\"inLanguage\":\"en-US\",\"@id\":\"https:\/\/www.maasco.com.tr\/skp-sikma-el-penseleri\/#primaryimage\",\"url\":\"https:\/\/www.maasco.com.tr\/wp-content\/uploads\/2016\/07\/Cable-Crimper-Anderson-Plug-Lug-Battery-Non-Inslated-Crimping-Tool-WLT-87984.jpg\",\"contentUrl\":\"https:\/\/www.maasco.com.tr\/wp-content\/uploads\/2016\/07\/Cable-Crimper-Anderson-Plug-Lug-Battery-Non-Inslated-Crimping-Tool-WLT-87984.jpg\",\"width\":500,\"height\":500},{\"@type\":\"BreadcrumbList\",\"@id\":\"https:\/\/www.maasco.com.tr\/skp-sikma-el-penseleri\/#breadcrumb\",\"itemListElement\":[{\"@type\":\"ListItem\",\"position\":1,\"name\":\"Home\",\"item\":\"https:\/\/www.maasco.com.tr\/\"},{\"@type\":\"ListItem\",\"position\":2,\"name\":\"SKP S\u0131kma El-Penseler\u0131\"}]},{\"@type\":\"WebSite\",\"@id\":\"https:\/\/www.maasco.com.tr\/#website\",\"url\":\"https:\/\/www.maasco.com.tr\/\",\"name\":\"maasco Elektrik\",\"description\":\"\",\"potentialAction\":[{\"@type\":\"SearchAction\",\"target\":{\"@type\":\"EntryPoint\",\"urlTemplate\":\"https:\/\/www.maasco.com.tr\/?s={search_term_string}\"},\"query-input\":{\"@type\":\"PropertyValueSpecification\",\"valueRequired\":true,\"valueName\":\"search_term_string\"}}],\"inLanguage\":\"en-US\"}]}<\/script>\n<!-- \/ Yoast SEO plugin. -->","yoast_head_json":{"title":"SKP S\u0131kma El-Penseler\u0131 - maasco Elektrik","robots":{"index":"index","follow":"follow","max-snippet":"max-snippet:-1","max-image-preview":"max-image-preview:large","max-video-preview":"max-video-preview:-1"},"canonical":"https:\/\/www.maasco.com.tr\/en\/skp-sikma-el-penseleri\/","og_locale":"en_US","og_type":"article","og_title":"SKP S\u0131kma El-Penseler\u0131 - maasco Elektrik","og_url":"https:\/\/www.maasco.com.tr\/en\/skp-sikma-el-penseleri\/","og_site_name":"maasco Elektrik","article_modified_time":"2022-04-29T03:46:11+00:00","og_image":[{"width":500,"height":500,"url":"https:\/\/www.maasco.com.tr\/wp-content\/uploads\/2016\/07\/Cable-Crimper-Anderson-Plug-Lug-Battery-Non-Inslated-Crimping-Tool-WLT-87984.jpg","type":"image\/jpeg"}],"twitter_card":"summary_large_image","twitter_misc":{"Est. reading time":"1 minute"},"schema":{"@context":"https:\/\/schema.org","@graph":[{"@type":"WebPage","@id":"https:\/\/www.maasco.com.tr\/skp-sikma-el-penseleri\/","url":"https:\/\/www.maasco.com.tr\/skp-sikma-el-penseleri\/","name":"SKP S\u0131kma El-Penseler\u0131 - maasco Elektrik","isPartOf":{"@id":"https:\/\/www.maasco.com.tr\/#website"},"primaryImageOfPage":{"@id":"https:\/\/www.maasco.com.tr\/skp-sikma-el-penseleri\/#primaryimage"},"image":{"@id":"https:\/\/www.maasco.com.tr\/skp-sikma-el-penseleri\/#primaryimage"},"thumbnailUrl":"https:\/\/www.maasco.com.tr\/wp-content\/uploads\/2016\/07\/Cable-Crimper-Anderson-Plug-Lug-Battery-Non-Inslated-Crimping-Tool-WLT-87984.jpg","datePublished":"2016-07-02T17:05:51+00:00","dateModified":"2022-04-29T03:46:11+00:00","breadcrumb":{"@id":"https:\/\/www.maasco.com.tr\/skp-sikma-el-penseleri\/#breadcrumb"},"inLanguage":"en-US","potentialAction":[{"@type":"ReadAction","target":["https:\/\/www.maasco.com.tr\/skp-sikma-el-penseleri\/"]}]},{"@type":"ImageObject","inLanguage":"en-US","@id":"https:\/\/www.maasco.com.tr\/skp-sikma-el-penseleri\/#primaryimage","url":"https:\/\/www.maasco.com.tr\/wp-content\/uploads\/2016\/07\/Cable-Crimper-Anderson-Plug-Lug-Battery-Non-Inslated-Crimping-Tool-WLT-87984.jpg","contentUrl":"https:\/\/www.maasco.com.tr\/wp-content\/uploads\/2016\/07\/Cable-Crimper-Anderson-Plug-Lug-Battery-Non-Inslated-Crimping-Tool-WLT-87984.jpg","width":500,"height":500},{"@type":"BreadcrumbList","@id":"https:\/\/www.maasco.com.tr\/skp-sikma-el-penseleri\/#breadcrumb","itemListElement":[{"@type":"ListItem","position":1,"name":"Home","item":"https:\/\/www.maasco.com.tr\/"},{"@type":"ListItem","position":2,"name":"SKP S\u0131kma El-Penseler\u0131"}]},{"@type":"WebSite","@id":"https:\/\/www.maasco.com.tr\/#website","url":"https:\/\/www.maasco.com.tr\/","name":"maasco Elektrik","description":"","potentialAction":[{"@type":"SearchAction","target":{"@type":"EntryPoint","urlTemplate":"https:\/\/www.maasco.com.tr\/?s={search_term_string}"},"query-input":{"@type":"PropertyValueSpecification","valueRequired":true,"valueName":"search_term_string"}}],"inLanguage":"en-US"}]}},"jetpack_sharing_enabled":true,"_links":{"self":[{"href":"https:\/\/www.maasco.com.tr\/en\/wp-json\/wp\/v2\/pages\/2349","targetHints":{"allow":["GET"]}}],"collection":[{"href":"https:\/\/www.maasco.com.tr\/en\/wp-json\/wp\/v2\/pages"}],"about":[{"href":"https:\/\/www.maasco.com.tr\/en\/wp-json\/wp\/v2\/types\/page"}],"author":[{"embeddable":true,"href":"https:\/\/www.maasco.com.tr\/en\/wp-json\/wp\/v2\/users\/1"}],"replies":[{"embeddable":true,"href":"https:\/\/www.maasco.com.tr\/en\/wp-json\/wp\/v2\/comments?post=2349"}],"version-history":[{"count":11,"href":"https:\/\/www.maasco.com.tr\/en\/wp-json\/wp\/v2\/pages\/2349\/revisions"}],"predecessor-version":[{"id":5648,"href":"https:\/\/www.maasco.com.tr\/en\/wp-json\/wp\/v2\/pages\/2349\/revisions\/5648"}],"wp:featuredmedia":[{"embeddable":true,"href":"https:\/\/www.maasco.com.tr\/en\/wp-json\/wp\/v2\/media\/2827"}],"wp:attachment":[{"href":"https:\/\/www.maasco.com.tr\/en\/wp-json\/wp\/v2\/media?parent=2349"}],"curies":[{"name":"wp","href":"https:\/\/api.w.org\/{rel}","templated":true}]}}