{"id":2256,"date":"2016-07-02T13:15:32","date_gmt":"2016-07-02T13:15:32","guid":{"rendered":"http:\/\/www.maasco.com.tr\/?page_id=2256"},"modified":"2017-12-30T12:27:25","modified_gmt":"2017-12-30T12:27:25","slug":"buton","status":"publish","type":"page","link":"https:\/\/www.maasco.com.tr\/en\/buton\/","title":{"rendered":"Buton &#038; Sinyaller"},"content":{"rendered":"<div class=\"wpb-content-wrapper\"><div class=\"vc_row wpb_row vc_row-fluid\"><div class=\"wpb_column vc_column_container vc_col-sm-12\"><div class=\"vc_column-inner\"><div class=\"wpb_wrapper\"><div class=\"vc_separator wpb_content_element vc_separator_align_center vc_sep_width_100 vc_sep_pos_align_center vc_separator_no_text vc_sep_color_white wpb_content_element  wpb_content_element\" ><span class=\"vc_sep_holder vc_sep_holder_l\"><span class=\"vc_sep_line\"><\/span><\/span><span class=\"vc_sep_holder vc_sep_holder_r\"><span class=\"vc_sep_line\"><\/span><\/span>\n<\/div><\/div><\/div><\/div><\/div><div class=\"vc_row wpb_row vc_row-fluid\"><div class=\"wpb_column vc_column_container vc_col-sm-4\"><div class=\"vc_column-inner\"><div class=\"wpb_wrapper\">\n\t<div  class=\"wpb_single_image wpb_content_element vc_align_center wpb_content_element\">\n\t\t\n\t\t<figure class=\"wpb_wrapper vc_figure\">\n\t\t\t<a href=\"http:\/\/www.maasco.com.tr\/en\/anahtarli-buton\/\" target=\"_self\" class=\"vc_single_image-wrapper vc_box_rounded  vc_box_border_grey\"><img decoding=\"async\" width=\"150\" height=\"150\" src=\"https:\/\/www.maasco.com.tr\/wp-content\/uploads\/2016\/07\/6-1-1b-150x150.png\" class=\"vc_single_image-img attachment-thumbnail\" alt=\"\" title=\"anahtarli maasco buton\" \/><\/a>\n\t\t<\/figure>\n\t<\/div>\n\n\t<div class=\"wpb_text_column wpb_content_element\" >\n\t\t<div class=\"wpb_wrapper\">\n\t\t\t<p style=\"text-align: center;\"><span style=\"font-family: georgia, palatino, serif; color: #ff6600;\"><a style=\"color: #ff6600;\" href=\"http:\/\/www.maasco.com.tr\/en\/anahtarli-buton\/\"><span style=\"font-size: 10pt;\"><strong>Anahtarl\u0131 Buton\u00a0<\/strong><\/span><\/a><\/span><\/p>\n\n\t\t<\/div>\n\t<\/div>\n<\/div><\/div><\/div><div class=\"wpb_column vc_column_container vc_col-sm-4\"><div class=\"vc_column-inner\"><div class=\"wpb_wrapper\">\n\t<div  class=\"wpb_single_image wpb_content_element vc_align_center wpb_content_element\">\n\t\t\n\t\t<figure class=\"wpb_wrapper vc_figure\">\n\t\t\t<a href=\"http:\/\/www.maasco.com.tr\/en\/yayli-butonlar\/\" target=\"_self\" class=\"vc_single_image-wrapper vc_box_rounded  vc_box_border_grey\"><img decoding=\"async\" width=\"150\" height=\"150\" src=\"https:\/\/www.maasco.com.tr\/wp-content\/uploads\/2016\/07\/201432913553237635-1-150x150.png\" class=\"vc_single_image-img attachment-thumbnail\" alt=\"\" title=\"yayli butonlar\" \/><\/a>\n\t\t<\/figure>\n\t<\/div>\n\n\t<div class=\"wpb_text_column wpb_content_element\" >\n\t\t<div class=\"wpb_wrapper\">\n\t\t\t<p style=\"text-align: center;\"><span style=\"color: #ff6600;\"><a style=\"color: #ff6600;\" href=\"http:\/\/www.maasco.com.tr\/en\/yayli-butonlar\/\"><span style=\"font-size: 10pt; font-family: georgia, palatino, serif;\"><strong>Yayl\u0131 Butonlar<\/strong><\/span><\/a><\/span><\/p>\n\n\t\t<\/div>\n\t<\/div>\n<\/div><\/div><\/div><div class=\"wpb_column vc_column_container vc_col-sm-4\"><div class=\"vc_column-inner\"><div class=\"wpb_wrapper\">\n\t<div  class=\"wpb_single_image wpb_content_element vc_align_center wpb_content_element\">\n\t\t\n\t\t<figure class=\"wpb_wrapper vc_figure\">\n\t\t\t<a href=\"http:\/\/www.maasco.com.tr\/en\/ikiz-butonlar\/\" target=\"_self\" class=\"vc_single_image-wrapper vc_box_rounded  vc_box_border_grey\"><img decoding=\"async\" width=\"150\" height=\"150\" src=\"https:\/\/www.maasco.com.tr\/wp-content\/uploads\/2016\/07\/20143291521511724-1-150x150.png\" class=\"vc_single_image-img attachment-thumbnail\" alt=\"\" title=\"20143291521511724\" \/><\/a>\n\t\t<\/figure>\n\t<\/div>\n\n\t<div class=\"wpb_text_column wpb_content_element\" >\n\t\t<div class=\"wpb_wrapper\">\n\t\t\t<p style=\"text-align: center;\"><span style=\"font-family: georgia, palatino, serif; color: #ff6600;\"><a style=\"color: #ff6600;\" href=\"http:\/\/www.maasco.com.tr\/en\/ikiz-butonlar\/\"><span style=\"font-size: 10pt;\"><strong>\u0130kiz Butonlar\u00a0<\/strong><\/span><\/a><\/span><\/p>\n\n\t\t<\/div>\n\t<\/div>\n<\/div><\/div><\/div><\/div><div class=\"vc_row wpb_row vc_row-fluid\"><div class=\"wpb_column vc_column_container vc_col-sm-4\"><div class=\"vc_column-inner\"><div class=\"wpb_wrapper\">\n\t<div  class=\"wpb_single_image wpb_content_element vc_align_center wpb_content_element\">\n\t\t\n\t\t<figure class=\"wpb_wrapper vc_figure\">\n\t\t\t<a href=\"http:\/\/www.maasco.com.tr\/en\/ledli-yayli-butonlar\/\" target=\"_self\" class=\"vc_single_image-wrapper vc_box_rounded  vc_box_border_grey\"><img loading=\"lazy\" decoding=\"async\" width=\"150\" height=\"150\" src=\"https:\/\/www.maasco.com.tr\/wp-content\/uploads\/2016\/07\/Ledli-yayli-Butonlar-150x150.png\" class=\"vc_single_image-img attachment-thumbnail\" alt=\"\" title=\"Ledli yayli Butonlar\" \/><\/a>\n\t\t<\/figure>\n\t<\/div>\n\n\t<div class=\"wpb_text_column wpb_content_element\" >\n\t\t<div class=\"wpb_wrapper\">\n\t\t\t<p style=\"text-align: center;\"><span style=\"font-family: georgia, palatino, serif; color: #ff6600;\"><a style=\"color: #ff6600;\" href=\"http:\/\/www.maasco.com.tr\/en\/ledli-yayli-butonlar\/\"><span style=\"font-size: 10pt;\"><strong>Ledli I\u015f\u0131k Yayl\u0131 Butonlar<\/strong><\/span><\/a><\/span><\/p>\n\n\t\t<\/div>\n\t<\/div>\n<\/div><\/div><\/div><div class=\"wpb_column vc_column_container vc_col-sm-4\"><div class=\"vc_column-inner\"><div class=\"wpb_wrapper\">\n\t<div  class=\"wpb_single_image wpb_content_element vc_align_center wpb_content_element\">\n\t\t\n\t\t<figure class=\"wpb_wrapper vc_figure\">\n\t\t\t<a href=\"http:\/\/www.maasco.com.tr\/en\/mandali-butonlar\/\" target=\"_self\" class=\"vc_single_image-wrapper vc_box_rounded  vc_box_border_grey\"><img loading=\"lazy\" decoding=\"async\" width=\"150\" height=\"150\" src=\"https:\/\/www.maasco.com.tr\/wp-content\/uploads\/2016\/07\/mandali-butonlar-150x150.png\" class=\"vc_single_image-img attachment-thumbnail\" alt=\"\" title=\"mandali butonlar\" \/><\/a>\n\t\t<\/figure>\n\t<\/div>\n\n\t<div class=\"wpb_text_column wpb_content_element\" >\n\t\t<div class=\"wpb_wrapper\">\n\t\t\t<p style=\"text-align: center;\"><span style=\"font-family: georgia, palatino, serif; color: #ff6600;\"><a style=\"color: #ff6600;\" href=\"http:\/\/www.maasco.com.tr\/en\/mandali-butonlar\/\"><strong>Mandal\u0131 Butonlar<\/strong><\/a><\/span><\/p>\n\n\t\t<\/div>\n\t<\/div>\n<\/div><\/div><\/div><div class=\"wpb_column vc_column_container vc_col-sm-4\"><div class=\"vc_column-inner\"><div class=\"wpb_wrapper\">\n\t<div  class=\"wpb_single_image wpb_content_element vc_align_center wpb_content_element\">\n\t\t\n\t\t<figure class=\"wpb_wrapper vc_figure\">\n\t\t\t<a href=\"http:\/\/www.maasco.com.tr\/en\/mantarli-butonlar\/\" target=\"_self\" class=\"vc_single_image-wrapper vc_box_rounded  vc_box_border_grey\"><img loading=\"lazy\" decoding=\"async\" width=\"150\" height=\"150\" src=\"https:\/\/www.maasco.com.tr\/wp-content\/uploads\/2016\/07\/mantarli-acil-maasco-buton-150x150.png\" class=\"vc_single_image-img attachment-thumbnail\" alt=\"\" title=\"mantarli acil maasco buton\" \/><\/a>\n\t\t<\/figure>\n\t<\/div>\n\n\t<div class=\"wpb_text_column wpb_content_element\" >\n\t\t<div class=\"wpb_wrapper\">\n\t\t\t<p style=\"text-align: center;\"><span style=\"font-family: georgia, palatino, serif; color: #ff6600;\"><a style=\"color: #ff6600;\" href=\"http:\/\/www.maasco.com.tr\/en\/mantarli-butonlar\/\"><strong>\u00a0Mantarl\u0131 Butonlar<\/strong><\/a><\/span><\/p>\n\n\t\t<\/div>\n\t<\/div>\n<\/div><\/div><\/div><\/div><div class=\"vc_row wpb_row vc_row-fluid\"><div class=\"wpb_column vc_column_container vc_col-sm-4\"><div class=\"vc_column-inner\"><div class=\"wpb_wrapper\">\n\t<div  class=\"wpb_single_image wpb_content_element vc_align_center wpb_content_element\">\n\t\t\n\t\t<figure class=\"wpb_wrapper vc_figure\">\n\t\t\t<a href=\"http:\/\/www.maasco.com.tr\/en\/cikik-ve-silikon-kafali-buton\/\" target=\"_self\" class=\"vc_single_image-wrapper vc_box_rounded  vc_box_border_grey\"><img loading=\"lazy\" decoding=\"async\" width=\"150\" height=\"150\" src=\"https:\/\/www.maasco.com.tr\/wp-content\/uploads\/2016\/07\/20143291442332205-1-150x150.png\" class=\"vc_single_image-img attachment-thumbnail\" alt=\"\" title=\"\u00e7ikik kafali maasco buton\" \/><\/a>\n\t\t<\/figure>\n\t<\/div>\n\n\t<div class=\"wpb_text_column wpb_content_element\" >\n\t\t<div class=\"wpb_wrapper\">\n\t\t\t<p style=\"text-align: center;\"><span style=\"font-family: georgia, palatino, serif; color: #ff6600;\"><a style=\"color: #ff6600;\" href=\"http:\/\/www.maasco.com.tr\/en\/cikik-ve-silikon-kafali-buton\/\"><span style=\"font-size: 10pt;\"><strong>\u00c7\u0131k\u0131k Ve Silikon Kafal\u0131 Butonlar\u00a0<\/strong><\/span><\/a><\/span><\/p>\n\n\t\t<\/div>\n\t<\/div>\n<\/div><\/div><\/div><div class=\"wpb_column vc_column_container vc_col-sm-4\"><div class=\"vc_column-inner\"><div class=\"wpb_wrapper\"><\/div><\/div><\/div><div class=\"wpb_column vc_column_container vc_col-sm-4\"><div class=\"vc_column-inner\"><div class=\"wpb_wrapper\"><\/div><\/div><\/div><\/div>\n<\/div>","protected":false},"excerpt":{"rendered":"<p>Anahtarl\u0131 Buton\u00a0 Yayl\u0131 Butonlar \u0130kiz Butonlar\u00a0 Ledli I\u015f\u0131k Yayl\u0131 Butonlar Mandal\u0131 Butonlar \u00a0Mantarl\u0131 Butonlar \u00c7\u0131k\u0131k Ve Silikon Kafal\u0131 Butonlar\u00a0<\/p>","protected":false},"author":1,"featured_media":2277,"parent":0,"menu_order":0,"comment_status":"closed","ping_status":"closed","template":"fullpage.php","meta":{"footnotes":""},"class_list":["post-2256","page","type-page","status-publish","has-post-thumbnail","hentry"],"yoast_head":"<!-- This site is optimized with the Yoast SEO plugin v27.2 - https:\/\/yoast.com\/product\/yoast-seo-wordpress\/ -->\n<title>Buton &amp; Sinyaller - maasco Elektrik<\/title>\n<meta name=\"robots\" content=\"index, follow, max-snippet:-1, max-image-preview:large, max-video-preview:-1\" \/>\n<link rel=\"canonical\" href=\"https:\/\/www.maasco.com.tr\/en\/buton\/\" \/>\n<meta property=\"og:locale\" content=\"en_US\" \/>\n<meta property=\"og:type\" content=\"article\" \/>\n<meta property=\"og:title\" content=\"Buton &amp; Sinyaller - maasco Elektrik\" \/>\n<meta property=\"og:url\" content=\"https:\/\/www.maasco.com.tr\/en\/buton\/\" \/>\n<meta property=\"og:site_name\" content=\"maasco Elektrik\" \/>\n<meta property=\"article:modified_time\" content=\"2017-12-30T12:27:25+00:00\" \/>\n<meta property=\"og:image\" content=\"https:\/\/www.maasco.com.tr\/wp-content\/uploads\/2016\/07\/schlegel-1.jpg\" \/>\n\t<meta property=\"og:image:width\" content=\"583\" \/>\n\t<meta property=\"og:image:height\" content=\"293\" \/>\n\t<meta property=\"og:image:type\" content=\"image\/jpeg\" \/>\n<meta name=\"twitter:card\" content=\"summary_large_image\" \/>\n<meta name=\"twitter:label1\" content=\"Est. reading time\" \/>\n\t<meta name=\"twitter:data1\" content=\"1 minute\" \/>\n<script type=\"application\/ld+json\" class=\"yoast-schema-graph\">{\"@context\":\"https:\/\/schema.org\",\"@graph\":[{\"@type\":\"WebPage\",\"@id\":\"https:\/\/www.maasco.com.tr\/buton\/\",\"url\":\"https:\/\/www.maasco.com.tr\/buton\/\",\"name\":\"Buton & Sinyaller - maasco Elektrik\",\"isPartOf\":{\"@id\":\"https:\/\/www.maasco.com.tr\/#website\"},\"primaryImageOfPage\":{\"@id\":\"https:\/\/www.maasco.com.tr\/buton\/#primaryimage\"},\"image\":{\"@id\":\"https:\/\/www.maasco.com.tr\/buton\/#primaryimage\"},\"thumbnailUrl\":\"https:\/\/www.maasco.com.tr\/wp-content\/uploads\/2016\/07\/schlegel-1.jpg\",\"datePublished\":\"2016-07-02T13:15:32+00:00\",\"dateModified\":\"2017-12-30T12:27:25+00:00\",\"breadcrumb\":{\"@id\":\"https:\/\/www.maasco.com.tr\/buton\/#breadcrumb\"},\"inLanguage\":\"en-US\",\"potentialAction\":[{\"@type\":\"ReadAction\",\"target\":[\"https:\/\/www.maasco.com.tr\/buton\/\"]}]},{\"@type\":\"ImageObject\",\"inLanguage\":\"en-US\",\"@id\":\"https:\/\/www.maasco.com.tr\/buton\/#primaryimage\",\"url\":\"https:\/\/www.maasco.com.tr\/wp-content\/uploads\/2016\/07\/schlegel-1.jpg\",\"contentUrl\":\"https:\/\/www.maasco.com.tr\/wp-content\/uploads\/2016\/07\/schlegel-1.jpg\",\"width\":583,\"height\":293,\"caption\":\"Butonlar\"},{\"@type\":\"BreadcrumbList\",\"@id\":\"https:\/\/www.maasco.com.tr\/buton\/#breadcrumb\",\"itemListElement\":[{\"@type\":\"ListItem\",\"position\":1,\"name\":\"Home\",\"item\":\"https:\/\/www.maasco.com.tr\/\"},{\"@type\":\"ListItem\",\"position\":2,\"name\":\"Buton &#038; Sinyaller\"}]},{\"@type\":\"WebSite\",\"@id\":\"https:\/\/www.maasco.com.tr\/#website\",\"url\":\"https:\/\/www.maasco.com.tr\/\",\"name\":\"maasco Elektrik\",\"description\":\"\",\"potentialAction\":[{\"@type\":\"SearchAction\",\"target\":{\"@type\":\"EntryPoint\",\"urlTemplate\":\"https:\/\/www.maasco.com.tr\/?s={search_term_string}\"},\"query-input\":{\"@type\":\"PropertyValueSpecification\",\"valueRequired\":true,\"valueName\":\"search_term_string\"}}],\"inLanguage\":\"en-US\"}]}<\/script>\n<!-- \/ Yoast SEO plugin. -->","yoast_head_json":{"title":"Buton & Sinyaller - maasco Elektrik","robots":{"index":"index","follow":"follow","max-snippet":"max-snippet:-1","max-image-preview":"max-image-preview:large","max-video-preview":"max-video-preview:-1"},"canonical":"https:\/\/www.maasco.com.tr\/en\/buton\/","og_locale":"en_US","og_type":"article","og_title":"Buton & Sinyaller - maasco Elektrik","og_url":"https:\/\/www.maasco.com.tr\/en\/buton\/","og_site_name":"maasco Elektrik","article_modified_time":"2017-12-30T12:27:25+00:00","og_image":[{"width":583,"height":293,"url":"https:\/\/www.maasco.com.tr\/wp-content\/uploads\/2016\/07\/schlegel-1.jpg","type":"image\/jpeg"}],"twitter_card":"summary_large_image","twitter_misc":{"Est. reading time":"1 minute"},"schema":{"@context":"https:\/\/schema.org","@graph":[{"@type":"WebPage","@id":"https:\/\/www.maasco.com.tr\/buton\/","url":"https:\/\/www.maasco.com.tr\/buton\/","name":"Buton & Sinyaller - maasco Elektrik","isPartOf":{"@id":"https:\/\/www.maasco.com.tr\/#website"},"primaryImageOfPage":{"@id":"https:\/\/www.maasco.com.tr\/buton\/#primaryimage"},"image":{"@id":"https:\/\/www.maasco.com.tr\/buton\/#primaryimage"},"thumbnailUrl":"https:\/\/www.maasco.com.tr\/wp-content\/uploads\/2016\/07\/schlegel-1.jpg","datePublished":"2016-07-02T13:15:32+00:00","dateModified":"2017-12-30T12:27:25+00:00","breadcrumb":{"@id":"https:\/\/www.maasco.com.tr\/buton\/#breadcrumb"},"inLanguage":"en-US","potentialAction":[{"@type":"ReadAction","target":["https:\/\/www.maasco.com.tr\/buton\/"]}]},{"@type":"ImageObject","inLanguage":"en-US","@id":"https:\/\/www.maasco.com.tr\/buton\/#primaryimage","url":"https:\/\/www.maasco.com.tr\/wp-content\/uploads\/2016\/07\/schlegel-1.jpg","contentUrl":"https:\/\/www.maasco.com.tr\/wp-content\/uploads\/2016\/07\/schlegel-1.jpg","width":583,"height":293,"caption":"Butonlar"},{"@type":"BreadcrumbList","@id":"https:\/\/www.maasco.com.tr\/buton\/#breadcrumb","itemListElement":[{"@type":"ListItem","position":1,"name":"Home","item":"https:\/\/www.maasco.com.tr\/"},{"@type":"ListItem","position":2,"name":"Buton &#038; Sinyaller"}]},{"@type":"WebSite","@id":"https:\/\/www.maasco.com.tr\/#website","url":"https:\/\/www.maasco.com.tr\/","name":"maasco Elektrik","description":"","potentialAction":[{"@type":"SearchAction","target":{"@type":"EntryPoint","urlTemplate":"https:\/\/www.maasco.com.tr\/?s={search_term_string}"},"query-input":{"@type":"PropertyValueSpecification","valueRequired":true,"valueName":"search_term_string"}}],"inLanguage":"en-US"}]}},"jetpack_sharing_enabled":true,"_links":{"self":[{"href":"https:\/\/www.maasco.com.tr\/en\/wp-json\/wp\/v2\/pages\/2256","targetHints":{"allow":["GET"]}}],"collection":[{"href":"https:\/\/www.maasco.com.tr\/en\/wp-json\/wp\/v2\/pages"}],"about":[{"href":"https:\/\/www.maasco.com.tr\/en\/wp-json\/wp\/v2\/types\/page"}],"author":[{"embeddable":true,"href":"https:\/\/www.maasco.com.tr\/en\/wp-json\/wp\/v2\/users\/1"}],"replies":[{"embeddable":true,"href":"https:\/\/www.maasco.com.tr\/en\/wp-json\/wp\/v2\/comments?post=2256"}],"version-history":[{"count":21,"href":"https:\/\/www.maasco.com.tr\/en\/wp-json\/wp\/v2\/pages\/2256\/revisions"}],"predecessor-version":[{"id":4420,"href":"https:\/\/www.maasco.com.tr\/en\/wp-json\/wp\/v2\/pages\/2256\/revisions\/4420"}],"wp:featuredmedia":[{"embeddable":true,"href":"https:\/\/www.maasco.com.tr\/en\/wp-json\/wp\/v2\/media\/2277"}],"wp:attachment":[{"href":"https:\/\/www.maasco.com.tr\/en\/wp-json\/wp\/v2\/media?parent=2256"}],"curies":[{"name":"wp","href":"https:\/\/api.w.org\/{rel}","templated":true}]}}